{"id":890,"date":"2017-05-02T14:05:19","date_gmt":"2017-05-02T19:05:19","guid":{"rendered":"https:\/\/www.geoportaligm.gob.ec\/portal\/?page_id=890"},"modified":"2025-08-12T09:42:00","modified_gmt":"2025-08-12T14:42:00","slug":"cartografia-de-libre-acceso-escala-50k","status":"publish","type":"page","link":"https:\/\/www.geoportaligm.gob.ec\/portal\/index.php\/cartografia-de-libre-acceso-escala-50k\/","title":{"rendered":"Cartograf\u00eda de Libre Acceso Escala 50k"},"content":{"rendered":"<h2><strong>ESCALA 1:50.000, Segunda Versi\u00f3n Enero 2013!!<\/strong><\/h2>\n<h2 style=\"text-align: center;\"><strong><em>CAPAS DE INFORMACI\u00d3N\u00a0GEOGR\u00c1FICA\u00a0B\u00c1SICA\u00a0DEL IGM DE LIBRE ACCESO. (Codificaci\u00f3n UTF-8)<\/em><\/strong><\/h2>\n<p><strong>ARCHIVOS SHP.- <\/strong>Las Capas de Informaci\u00f3n Geogr\u00e1fica han sido estructuradas de acuerdo al <a href=\"https:\/\/www.geoportaligm.gob.ec\/portal\/wp-content\/uploads\/2013\/03\/CATALOGO-VERSION-4.pdf\">Cat\u00e1logo de Objetos del IGM Versi\u00f3n 4.0<\/a>; contienen datos continuos del pa\u00eds y seg\u00fan la distribuci\u00f3n de cartas topogr\u00e1ficas a esacala 1: 50.000.<br \/>La informaci\u00f3n se descargar\u00e1 en formato SHP [comprimido (*.rar)].<em><br \/><\/em><\/p>\n<p><strong>Notas a considerar: <\/strong><em>Es importante mencionar que se pone a disposici\u00f3n en formato SHAPEFILE al ser considerado un formato est\u00e1ndar de facto, lo que quiere decir, que es un patr\u00f3n o norma (el shapefile) que se caracteriza por no haber sido consensuada ni legitimada por un organismo de estandarizaci\u00f3n al efecto; por el contrario, se trata de una norma generalmente aceptada y ampliamente utilizada por iniciativa propia de un gran n\u00famero de interesados; y la informaci\u00f3n puede ser utilizada en varios software SIG libres o propietario.<\/em><\/p>\n<p style=\"text-align: justify;\"><strong>Verifica las Cartas Topogr\u00e1ficas Reservadas<\/strong> <a href=\"https:\/\/www.geoportaligm.gob.ec\/nextcloud\/index.php\/s\/cartas50k\">ECUADOR EN CARTAS ESCALA 1:50.000 RESERVADAS<\/a> (gr\u00e1fico actualizado, seg\u00fan Resoluci\u00f3n 2012). Se realizar\u00e1 la entrega de la informaci\u00f3n establecida como RESERVADA, una vez que se realice el tr\u00e1mite administrativo respectivo, para lo cual, pedimos se comunique con el \u00e1rea de <em>Mercadotecnia al tel\u00e9fono 3975100 ext.\u00a04415 con la Sra.\u00a0Ver\u00f3nica Abad\u00a0(Asistente de Mercadeo) \u00f3 al correo electr\u00f3nico: veronica.abad@geograficomilitar.gob.ec<\/em><\/p>\n<p><strong>Leer los siguientes documentos de inter\u00e9s:<\/strong><\/p>\n<ul>\n<li><a href=\"https:\/\/www.geoportaligm.gob.ec\/portal\/wp-content\/uploads\/2013\/03\/LEE-ME.pdf\">LICENCIA DE USO<\/a>, documento con la licencia de uso de la informaci\u00f3n.<\/li>\n<li><a href=\"https:\/\/www.geoportaligm.gob.ec\/portal\/wp-content\/uploads\/2013\/03\/MEMORIA-TECNICA1.pdf\">MEMORIA T\u00c9CNICA,<\/a> documento en el que se detalla el proceso de la obtenci\u00f3n de la informaci\u00f3n hasta llegar al formato shp.<\/li>\n<li><a href=\"https:\/\/www.geoportaligm.gob.ec\/portal\/wp-content\/uploads\/2013\/03\/50k-actualizado-enero-2013.pdf\">MEMORIA DE ACTUALIZACI\u00d3N<\/a>, documento en el que se detalla el proceso de actualizaci\u00f3n de la informaci\u00f3n hasta llegar al formato shp.<\/li>\n<li><a href=\"https:\/\/www.geoportaligm.gob.ec\/portal\/wp-content\/uploads\/2013\/03\/Listado-50000.xls\">LISTADO DE CARTAS RESERVADAS<\/a>, Listado de Cartas Reservadas seg\u00fan Nueva Directiva de Seguridad<\/li>\n<\/ul>\n<h2 style=\"color: #333333; font-style: normal; font-weight: bold; font-size: 16pt; text-align: center;\">CARTAS TOPOGR\u00c1FICAS ESCALA 1:50.000, FORMATO SHP<\/h2>\n<p style=\"text-align: center;\">\u00daltima actualizaci\u00f3n: ENERO 2013!! &#8211; Se descargar\u00e1n en formato SHP comprimido (*.rar) &#8211; Descarga <a href=\"http:\/\/www.winrar.es\/descargas\">WinRAR<\/a><\/p>\n<hr \/>\n<p><iframe loading=\"lazy\" src=\"https:\/\/www.geoportaligm.gob.ec\/nextcloud\/index.php\/s\/HErZLL47oxmPazr\" width=\"100%&amp;qu;\" height=\"700\" frameborder=\"0;\"><\/iframe><\/p>\n<hr \/>\n<p>BASE CONT\u00cdNUA ESCALA 1:50.000, FORMATO SHP<\/p>\n<p style=\"text-align: center;\">\u00daltima actualizaci\u00f3n: ENERO 2013!! &#8211; Se descargar\u00e1n en formato SHP comprimido (*.rar) &#8211; Descarga <a style=\"color: #000000;\" href=\"http:\/\/www.winrar.es\/descargas\">WinRAR<\/a><br \/>\n El nombre de las capas terminar\u00e1 con una letra, la que indica el tipo de geometr\u00eda, as\u00ed: p:punto &#8211; l:l\u00ednea &#8211; a:\u00e1rea<\/p>\n<hr \/>\n<p><iframe loading=\"lazy\" src=\"https:\/\/www.geoportaligm.gob.ec\/nextcloud\/index.php\/s\/q9nQQ323PEYW8fT\" width=\"100%&amp;qu;\" height=\"700\" frameborder=\"0;\"><\/iframe><\/p>\n<hr \/>\n<p>Archivo Hist\u00f3rico:<br \/>\nCARTAS\u00a0TOPOGR\u00c1FICAS ESCALA 1:50.000, FORMATO JPG<\/p>\n<p style=\"text-align: left;\">Se descargar\u00e1n en formato .jpg<\/p>\n<p><iframe loading=\"lazy\" src=\"https:\/\/www.geoportaligm.gob.ec\/nextcloud\/index.php\/s\/SgeWWQATN9oa3mE?path=%2F\" width=\"100%&amp;qu;\" height=\"700\" frameborder=\"0;\"><\/iframe><\/p>\n","protected":false},"excerpt":{"rendered":"<p>ESCALA 1:50.000, Segunda Versi\u00f3n Enero 2013!! CAPAS DE INFORMACI\u00d3N\u00a0GEOGR\u00c1FICA\u00a0B\u00c1SICA\u00a0DEL IGM DE LIBRE ACCESO. (Codificaci\u00f3n UTF-8) ARCHIVOS SHP.- Las Capas de Informaci\u00f3n Geogr\u00e1fica han sido estructuradas de acuerdo al Cat\u00e1logo de Objetos del IGM Versi\u00f3n 4.0; contienen datos continuos del pa\u00eds y seg\u00fan la distribuci\u00f3n de cartas topogr\u00e1ficas a esacala 1: 50.000.La informaci\u00f3n se descargar\u00e1 en <a class=\"moretag\" href=\"https:\/\/www.geoportaligm.gob.ec\/portal\/index.php\/cartografia-de-libre-acceso-escala-50k\/\">Read More &#8230;<\/a><\/p>\n","protected":false},"author":1,"featured_media":0,"parent":0,"menu_order":0,"comment_status":"closed","ping_status":"closed","template":"full-width-page.php","meta":[],"_links":{"self":[{"href":"https:\/\/www.geoportaligm.gob.ec\/portal\/index.php\/wp-json\/wp\/v2\/pages\/890"}],"collection":[{"href":"https:\/\/www.geoportaligm.gob.ec\/portal\/index.php\/wp-json\/wp\/v2\/pages"}],"about":[{"href":"https:\/\/www.geoportaligm.gob.ec\/portal\/index.php\/wp-json\/wp\/v2\/types\/page"}],"author":[{"embeddable":true,"href":"https:\/\/www.geoportaligm.gob.ec\/portal\/index.php\/wp-json\/wp\/v2\/users\/1"}],"replies":[{"embeddable":true,"href":"https:\/\/www.geoportaligm.gob.ec\/portal\/index.php\/wp-json\/wp\/v2\/comments?post=890"}],"version-history":[{"count":8,"href":"https:\/\/www.geoportaligm.gob.ec\/portal\/index.php\/wp-json\/wp\/v2\/pages\/890\/revisions"}],"predecessor-version":[{"id":6012,"href":"https:\/\/www.geoportaligm.gob.ec\/portal\/index.php\/wp-json\/wp\/v2\/pages\/890\/revisions\/6012"}],"wp:attachment":[{"href":"https:\/\/www.geoportaligm.gob.ec\/portal\/index.php\/wp-json\/wp\/v2\/media?parent=890"}],"curies":[{"name":"wp","href":"https:\/\/api.w.org\/{rel}","templated":true}]}}