{"id":882,"date":"2017-04-28T09:29:15","date_gmt":"2017-04-28T14:29:15","guid":{"rendered":"https:\/\/www.geoportaligm.gob.ec\/portal\/?page_id=882"},"modified":"2025-05-08T09:30:45","modified_gmt":"2025-05-08T14:30:45","slug":"cartografia-de-libre-acceso-escala-regional","status":"publish","type":"page","link":"https:\/\/www.geoportaligm.gob.ec\/portal\/index.php\/descargas\/cartografia-de-libre-acceso\/cartografia-de-libre-acceso-escala-regional\/","title":{"rendered":"Cartograf\u00eda de Libre Acceso (Escala Regional)"},"content":{"rendered":"<h2 style=\"text-align: center;\">\u00a0<\/h2>\n<h2 style=\"text-align: center;\"><strong>ESCALA REGIONAL 1:250.000, \u00a0Versi\u00f3n Enero 2013!!<\/strong><\/h2>\n<h2 style=\"text-align: center;\"><strong><em>CAPAS DE INFORMACI\u00d3N\u00a0GEOGR\u00c1FICA\u00a0B\u00c1SICA\u00a0DEL IGM DE LIBRE ACCESO. (Codificaci\u00f3n UTF-8)<\/em><\/strong><\/h2>\n<p><strong><a href=\"http:\/\/es.wikipedia.org\/wiki\/Shapefile\">ARCHIVOS SHP<\/a>.- <\/strong>Las Capas de Informaci\u00f3n Geogr\u00e1fica han sido estructuradas de acuerdo al <a href=\"https:\/\/www.geoportaligm.gob.ec\/portal\/wp-content\/uploads\/2013\/03\/CATALOGO-VERSION-4.pdf\">Cat\u00e1logo de Objetos del IGM Versi\u00f3n 4.0<\/a>; contienen datos continuos del pa\u00eds y seg\u00fan la distribuci\u00f3n de cartas topogr\u00e1ficas a esacala 1: 50.000.<br \/>\nLa informaci\u00f3n se descargar\u00e1 en formato SHP [comprimido (*.rar)].<em><br \/>\n<\/em><\/p>\n<p><strong>Notas a considerar: <\/strong><em>Es importante mencionar que se pone a disposici\u00f3n en formato SHAPEFILE al ser considerado un formato est\u00e1ndar de facto, lo que quiere decir, que es un patr\u00f3n o norma (el shapefile) que se caracteriza por no haber sido consensuada ni legitimada por un organismo de estandarizaci\u00f3n al efecto; por el contrario, se trata de una norma generalmente aceptada y ampliamente utilizada por iniciativa propia de un gran n\u00famero de interesados; y la informaci\u00f3n puede ser utilizada en varios software SIG libres o propietario.<\/em><\/p>\n<p><strong>Se adjunta documento de inter\u00e9s:<\/strong><\/p>\n<ul>\n<li><a href=\"https:\/\/www.geoportaligm.gob.ec\/portal\/wp-content\/uploads\/2013\/03\/50k-actualizado-enero-2013.pdf\">MEMORIA DE ACTUALIZACI\u00d3N<\/a>, documento en el que se detalla el proceso de\u00a0 actualizaci\u00f3n de la informaci\u00f3n hasta llegar al formato shp.<\/li>\n<\/ul>\n<p>\tBase Continua Escala 1:250.000.<\/p>\n<p><em>\u00daltima actualizaci\u00f3n: ENERO 2013!!<\/em><\/p>\n<p><iframe loading=\"lazy\" src=\"https:\/\/www.geoportaligm.gob.ec\/nextcloud\/index.php\/s\/Z7878DQNdr9CPX5\" width=\"100%&quot;\" height=\"600\" frameborder=\"0;\"><\/iframe><\/p>\n","protected":false},"excerpt":{"rendered":"<p>\u00a0 ESCALA REGIONAL 1:250.000, \u00a0Versi\u00f3n Enero 2013!! CAPAS DE INFORMACI\u00d3N\u00a0GEOGR\u00c1FICA\u00a0B\u00c1SICA\u00a0DEL IGM DE LIBRE ACCESO. (Codificaci\u00f3n UTF-8) ARCHIVOS SHP.- Las Capas de Informaci\u00f3n Geogr\u00e1fica han sido estructuradas de acuerdo al Cat\u00e1logo de Objetos del IGM Versi\u00f3n 4.0; contienen datos continuos del pa\u00eds y seg\u00fan la distribuci\u00f3n de cartas topogr\u00e1ficas a esacala 1: 50.000. La informaci\u00f3n se <a class=\"moretag\" href=\"https:\/\/www.geoportaligm.gob.ec\/portal\/index.php\/descargas\/cartografia-de-libre-acceso\/cartografia-de-libre-acceso-escala-regional\/\">Read More &#8230;<\/a><\/p>\n","protected":false},"author":1,"featured_media":0,"parent":574,"menu_order":0,"comment_status":"closed","ping_status":"closed","template":"full-width-page.php","meta":[],"_links":{"self":[{"href":"https:\/\/www.geoportaligm.gob.ec\/portal\/index.php\/wp-json\/wp\/v2\/pages\/882"}],"collection":[{"href":"https:\/\/www.geoportaligm.gob.ec\/portal\/index.php\/wp-json\/wp\/v2\/pages"}],"about":[{"href":"https:\/\/www.geoportaligm.gob.ec\/portal\/index.php\/wp-json\/wp\/v2\/types\/page"}],"author":[{"embeddable":true,"href":"https:\/\/www.geoportaligm.gob.ec\/portal\/index.php\/wp-json\/wp\/v2\/users\/1"}],"replies":[{"embeddable":true,"href":"https:\/\/www.geoportaligm.gob.ec\/portal\/index.php\/wp-json\/wp\/v2\/comments?post=882"}],"version-history":[{"count":2,"href":"https:\/\/www.geoportaligm.gob.ec\/portal\/index.php\/wp-json\/wp\/v2\/pages\/882\/revisions"}],"predecessor-version":[{"id":5957,"href":"https:\/\/www.geoportaligm.gob.ec\/portal\/index.php\/wp-json\/wp\/v2\/pages\/882\/revisions\/5957"}],"up":[{"embeddable":true,"href":"https:\/\/www.geoportaligm.gob.ec\/portal\/index.php\/wp-json\/wp\/v2\/pages\/574"}],"wp:attachment":[{"href":"https:\/\/www.geoportaligm.gob.ec\/portal\/index.php\/wp-json\/wp\/v2\/media?parent=882"}],"curies":[{"name":"wp","href":"https:\/\/api.w.org\/{rel}","templated":true}]}}