{"id":878,"date":"2017-04-28T09:01:32","date_gmt":"2017-04-28T14:01:32","guid":{"rendered":"https:\/\/www.geoportaligm.gob.ec\/portal\/?page_id=878"},"modified":"2026-05-05T15:23:43","modified_gmt":"2026-05-05T20:23:43","slug":"registro","status":"publish","type":"page","link":"https:\/\/www.geoportaligm.gob.ec\/portal\/index.php\/descargas\/cartografia-de-libre-acceso\/registro\/","title":{"rendered":"Cartograf\u00eda de Libre Acceso (Escala Nacional)"},"content":{"rendered":"<p><center><\/p>\n<h2><img decoding=\"async\" loading=\"lazy\" src=\"https:\/\/www.geoportaligm.gob.ec\/portal\/wp-content\/uploads\/2026\/04\/banner_1m.png\" width=\"1000\" height=\"493\" \/><\/h2>\n<p><\/center><\/p>\n<h2><\/h2>\n<h2 style=\"text-align: center;\"><\/h2>\n<p style=\"text-align: center;\"><strong>ARCHIVOS SHP.- Las Capas de Informaci\u00f3n Geogr\u00e1fica se descargar\u00e1n en formato SHP comprimido (*.rar)<\/strong><\/p>\n<p style=\"text-align: center;\"><strong>Sistemas de Coordenadas: Geogr\u00e1ficas 2D<\/strong><\/p>\n<p style=\"text-align: center;\"><strong>Datum: WGS84<\/strong><\/p>\n<p><strong>Notas a considerar: <\/strong><em>Es importante mencionar que se pone a disposici\u00f3n en formato SHAPEFILE al ser considerado un formato \u201c<a style=\"color: #000000;\" href=\"http:\/\/www.mapasymapas.com.ar\/shapefile.php\" target=\"_blank\" rel=\"noopener noreferrer\">est\u00e1ndar de facto<\/a>\u201c, lo que quiere decir, que es un patr\u00f3n o norma (el shapefile) que se caracteriza por no haber sido consensuada ni legitimada por un organismo de estandarizaci\u00f3n al efecto; por el contrario, se trata de una norma generalmente aceptada y ampliamente utilizada por iniciativa propia de un gran n\u00famero de interesados; y la informaci\u00f3n puede ser utilizada en varios software SIG libres o propietario.<\/em><\/p>\n<p>\tIGM &#8211; Base Continua Escala 1: 1&#8217;000.000<\/p>\n<p><iframe loading=\"lazy\" src=\"https:\/\/www.geoportaligm.gob.ec\/nextcloud\/index.php\/s\/fQW3tTcRfTH226L\" width=\"100%&quot;\" height=\"600\" frameborder=\"0;\"><\/iframe><\/p>\n<p><!--<\/p>\n\n\n\n\n<ul>\n\n\n<li><a href=\"https:\/\/www.geoportaligm.gob.ec\/portal\/wp-content\/uploads\/2021\/11\/aeropuertos.rar\">Aeropuertos<\/a><\/li>\n\n\n\n\n<li><a href=\"https:\/\/www.geoportaligm.gob.ec\/portal\/wp-content\/uploads\/2021\/11\/ferrocarril.rar\">Ferrocarril<\/a><\/li>\n\n\n\n\n<li><a href=\"https:\/\/www.geoportaligm.gob.ec\/portal\/wp-content\/uploads\/2021\/11\/islas.rar\">Islas<\/a><\/li>\n\n\n\n\n<li><a href=\"https:\/\/www.geoportaligm.gob.ec\/portal\/wp-content\/uploads\/2021\/11\/lago_laguna.rar\">Lago_Laguna<\/a><\/li>\n\n\n\n\n<li><a href=\"https:\/\/www.geoportaligm.gob.ec\/portal\/wp-content\/uploads\/2021\/11\/pista_aterrizaje.rar\">Pista de Aterrizaje<\/a><\/li>\n\n\n\n\n<li><a href=\"https:\/\/www.geoportaligm.gob.ec\/portal\/wp-content\/uploads\/2021\/11\/poblados.rar\">Poblados<\/a><\/li>\n\n\n\n\n<li><a href=\"https:\/\/www.geoportaligm.gob.ec\/portal\/wp-content\/uploads\/2021\/11\/represas.rar\">Represas<\/a><\/li>\n\n\n\n\n<li><a href=\"https:\/\/www.geoportaligm.gob.ec\/portal\/wp-content\/uploads\/2021\/11\/rio_doble.rar\">Rio_Doble<\/a><\/li>\n\n\n\n\n<li><a href=\"https:\/\/www.geoportaligm.gob.ec\/portal\/wp-content\/uploads\/2021\/11\/rio_torrente.rar\">Rio_Torrente<\/a><\/li>\n\n\n\n\n<li><a href=\"https:\/\/www.geoportaligm.gob.ec\/portal\/wp-content\/uploads\/2021\/11\/rodera.rar\">Rodera<\/a><\/li>\n\n\n\n\n<li><a href=\"https:\/\/www.geoportaligm.gob.ec\/portal\/wp-content\/uploads\/2021\/11\/sendero.rar\">Sendero<\/a><\/li>\n\n\n\n\n<li><a href=\"https:\/\/www.geoportaligm.gob.ec\/portal\/wp-content\/uploads\/2021\/11\/vias.rar\">Vias<\/a><\/li>\n\n\n\n\n<li><a href=\"https:\/\/www.geoportaligm.gob.ec\/portal\/wp-content\/uploads\/2021\/11\/zona_edificada.rar\">Zona Edificada<\/a><\/li>\n\n\n<\/ul>\n\n\n\n\n<p>--><\/p>\n<p>\tINOCAR &#8211; Base Continua Mar\u00edtima Escala 1: 1&#8217;000.000<br \/>\n<iframe loading=\"lazy\" src=\"https:\/\/www.geoportaligm.gob.ec\/nextcloud\/index.php\/s\/pnaPA7jp6ZNrEbS\" width=\"1090\" height=\"600\" frameborder=\"0;\"><\/iframe><br \/>\n<!--\n\n\n<ul>\n \t\n\n<li><a href=\"https:\/\/www.geoportaligm.gob.ec\/portal\/wp-content\/uploads\/2021\/11\/aeropuertos.rar\">Aeropuertos<\/a><\/li>\n\n\n \t\n\n<li><a href=\"https:\/\/www.geoportaligm.gob.ec\/portal\/wp-content\/uploads\/2021\/11\/ferrocarril.rar\">Ferrocarril<\/a><\/li>\n\n\n \t\n\n<li><a href=\"https:\/\/www.geoportaligm.gob.ec\/portal\/wp-content\/uploads\/2021\/11\/islas.rar\">Islas<\/a><\/li>\n\n\n \t\n\n<li><a href=\"https:\/\/www.geoportaligm.gob.ec\/portal\/wp-content\/uploads\/2021\/11\/lago_laguna.rar\">Lago_Laguna<\/a><\/li>\n\n\n \t\n\n<li><a href=\"https:\/\/www.geoportaligm.gob.ec\/portal\/wp-content\/uploads\/2021\/11\/pista_aterrizaje.rar\">Pista de Aterrizaje<\/a><\/li>\n\n\n \t\n\n<li><a href=\"https:\/\/www.geoportaligm.gob.ec\/portal\/wp-content\/uploads\/2021\/11\/poblados.rar\">Poblados<\/a><\/li>\n\n\n \t\n\n<li><a href=\"https:\/\/www.geoportaligm.gob.ec\/portal\/wp-content\/uploads\/2021\/11\/represas.rar\">Represas<\/a><\/li>\n\n\n \t\n\n<li><a href=\"https:\/\/www.geoportaligm.gob.ec\/portal\/wp-content\/uploads\/2021\/11\/rio_doble.rar\">Rio_Doble<\/a><\/li>\n\n\n \t\n\n<li><a href=\"https:\/\/www.geoportaligm.gob.ec\/portal\/wp-content\/uploads\/2021\/11\/rio_torrente.rar\">Rio_Torrente<\/a><\/li>\n\n\n \t\n\n<li><a href=\"https:\/\/www.geoportaligm.gob.ec\/portal\/wp-content\/uploads\/2021\/11\/rodera.rar\">Rodera<\/a><\/li>\n\n\n \t\n\n<li><a href=\"https:\/\/www.geoportaligm.gob.ec\/portal\/wp-content\/uploads\/2021\/11\/sendero.rar\">Sendero<\/a><\/li>\n\n\n \t\n\n<li><a href=\"https:\/\/www.geoportaligm.gob.ec\/portal\/wp-content\/uploads\/2021\/11\/vias.rar\">Vias<\/a><\/li>\n\n\n \t\n\n<li><a href=\"https:\/\/www.geoportaligm.gob.ec\/portal\/wp-content\/uploads\/2021\/11\/zona_edificada.rar\">Zona Edificada<\/a><\/li>\n\n\n<\/ul>\n\n\n--><\/p>\n<section>\n<style>\n    .enlaces-especiales {\n      display: flex;\n      justify-content: center;\n      gap: 25px;\n      flex-wrap: wrap;\n      margin: 40px 0;\n    }\n    .link-banner {\n      width: 420px;\n      border-radius: 18px;\n      padding: 30px;\n      color: white;\n      position: relative;\n      overflow: hidden;\n      box-shadow: 0 12px 25px rgba(0,0,0,0.25);\n      transition: 0.3s;\n    }\n    .link-banner:hover {\n      transform: translateY(-8px);\n    }\n   .conali {\n      background: linear-gradient(135deg, #8bb74e, #10b981);\n    }\n    .metadato {\n      background: linear-gradient(135deg, #8bb74e, #10b981);\n    }\n    .link-banner h3 {\n      font-size: 28px;\n      margin-bottom: 10px;\n    }\n    .link-banner p {\n      margin-bottom: 20px;\n      opacity: 0.9;\n    }\n    .link-banner a {\n      display: inline-block;\n      padding: 12px 22px;\n      background: white;\n      color: #111827;\n      text-decoration: none;\n      border-radius: 10px;\n      font-weight: bold;\n    }\n  <\/style>\n<p>  <!-- CONTENIDO --><\/p>\n<h3>CONALI<\/h3>\n<p>Base Pol\u00edtico Administrativa<\/p>\n<p>    <a href=\"https:\/\/datosabiertos.presidencia.gob.ec\/dataset\/?organization=mdg\">Ver Informaci\u00f3n<\/a><\/p>\n<h3>Metadato Geogr\u00e1fico<\/h3>\n<p>Ficha t\u00e9cnica del dataset<\/p>\n<p>    <a href=\"https:\/\/www.geoportaligm.gob.ec\/geonetwork\/srv\/api\/records\/de5664f0-bbe8-4f12-9b23-37dfe2ec2566?language=all\">Consultar<\/a><br \/>\n<\/section>\n<p><\/p>\n","protected":false},"excerpt":{"rendered":"<p>ARCHIVOS SHP.- Las Capas de Informaci\u00f3n Geogr\u00e1fica se descargar\u00e1n en formato SHP comprimido (*.rar) Sistemas de Coordenadas: Geogr\u00e1ficas 2D Datum: WGS84 Notas a considerar: Es importante mencionar que se pone a disposici\u00f3n en formato SHAPEFILE al ser considerado un formato \u201cest\u00e1ndar de facto\u201c, lo que quiere decir, que es un patr\u00f3n o norma (el shapefile) <a class=\"moretag\" href=\"https:\/\/www.geoportaligm.gob.ec\/portal\/index.php\/descargas\/cartografia-de-libre-acceso\/registro\/\">Read More &#8230;<\/a><\/p>\n","protected":false},"author":1,"featured_media":0,"parent":574,"menu_order":0,"comment_status":"closed","ping_status":"closed","template":"full-width-page.php","meta":[],"_links":{"self":[{"href":"https:\/\/www.geoportaligm.gob.ec\/portal\/index.php\/wp-json\/wp\/v2\/pages\/878"}],"collection":[{"href":"https:\/\/www.geoportaligm.gob.ec\/portal\/index.php\/wp-json\/wp\/v2\/pages"}],"about":[{"href":"https:\/\/www.geoportaligm.gob.ec\/portal\/index.php\/wp-json\/wp\/v2\/types\/page"}],"author":[{"embeddable":true,"href":"https:\/\/www.geoportaligm.gob.ec\/portal\/index.php\/wp-json\/wp\/v2\/users\/1"}],"replies":[{"embeddable":true,"href":"https:\/\/www.geoportaligm.gob.ec\/portal\/index.php\/wp-json\/wp\/v2\/comments?post=878"}],"version-history":[{"count":26,"href":"https:\/\/www.geoportaligm.gob.ec\/portal\/index.php\/wp-json\/wp\/v2\/pages\/878\/revisions"}],"predecessor-version":[{"id":6123,"href":"https:\/\/www.geoportaligm.gob.ec\/portal\/index.php\/wp-json\/wp\/v2\/pages\/878\/revisions\/6123"}],"up":[{"embeddable":true,"href":"https:\/\/www.geoportaligm.gob.ec\/portal\/index.php\/wp-json\/wp\/v2\/pages\/574"}],"wp:attachment":[{"href":"https:\/\/www.geoportaligm.gob.ec\/portal\/index.php\/wp-json\/wp\/v2\/media?parent=878"}],"curies":[{"name":"wp","href":"https:\/\/api.w.org\/{rel}","templated":true}]}}