{"id":764,"date":"2017-04-24T18:39:49","date_gmt":"2017-04-24T23:39:49","guid":{"rendered":"http:\/\/192.168.4.97\/portal\/?page_id=764"},"modified":"2019-05-06T15:13:45","modified_gmt":"2019-05-06T20:13:45","slug":"atlas-geografico-nacional-del-ecuador-2010","status":"publish","type":"page","link":"https:\/\/www.geoportaligm.gob.ec\/portal\/index.php\/atlas-geografico-nacional-del-ecuador-2010\/","title":{"rendered":"Atlas Geogr\u00e1fico Nacional del Ecuador 2010"},"content":{"rendered":"<a href=\"https:\/\/www.geoportaligm.gob.ec\/portal\/wp-content\/uploads\/2017\/04\/a2010_portada.pdf\" class=\"pdfemb-viewer\" style=\"width: 550px; height: 700px; \" data-width=\"550\" data-height=\"700\"  data-toolbar=\"bottom\" data-toolbar-fixed=\"on\">a2010_portada<br\/><\/a>\n<h2 style=\"text-align: center;\"><strong>Atlas Geogr\u00e1fico de la Rep\u00fablica del Ecuador, Edici\u00f3n 1.0, A\u00f1o: 2010.<\/strong><\/h2>\n<p>Primera edici\u00f3n del Atlas Geogr\u00e1fico del Ecuador<\/p>\n<p>La raz\u00f3n por la cual, el IGM elabora el Atlas Nacional, reside en la misi\u00f3n que el Estado encomend\u00f3 a esta Instituci\u00f3n, que es la de generar documentos cartogr\u00e1ficos de divulgaci\u00f3n encaminados a la docencia y conocimiento de la geograf\u00eda del territorio ecuatoriano.<\/p>\n<p>Esta obra recopila datos de las Instituciones oficiales generadoras de geoinformaci\u00f3n: representa la realidad del Ecuador, mediante mapas, textos, cuadros y gr\u00e1ficos que permiten obtener un diagn\u00f3stico situacional. En la primera edici\u00f3n, se encuentran tres aspectos fundamentales: el social, econ\u00f3mico y el ambiental, con una estructura tem\u00e1tica alineada con el Plan Nacional del Buen Vivir, generado por la Secretar\u00eda Nacional de Planificaci\u00f3n y Desarrollo (SENPLADES).<\/p>\n<p>Lo m\u00e1s destacado de esta edici\u00f3n es la colaboraci\u00f3n prestada por todas las Instituciones del Estado, que coordinados por la SENPLADES, facilitaron su informaci\u00f3n, la misma que permite catalogar a esta publicaci\u00f3n como un \u201cAtlas Geogr\u00e1fico oficial del Ecuador\u201d.<\/p>\n<p>\t\t\t\t<img decoding=\"async\" src=\"https:\/\/www.geoportaligm.gob.ec\/portal\/wp-content\/uploads\/2017\/04\/ATLAS-2010.png\" alt=\"ATLAS-2010\" itemprop=\"image\"  \/><\/p>\n<table width=\"100%\" border=\"1\" cellpadding=\"0\" cellspacing=\"0\" bordercolor=\"#000000\">\n<tr>\n<th><center><div class=\"wpfilebase-attachment\">\r\n <div class=\"wpfilebase-fileicon\"><a href=\"https:\/\/www.geoportaligm.gob.ec\/portal\/?wpfb_dl=1074\" title=\"Download Portada\"><img align=\"middle\" src=\"https:\/\/www.geoportaligm.gob.ec\/portal\/wp-includes\/images\/crystal\/document.png\" alt=\"Portada\" \/><\/a><\/div>\r\n <div class=\"wpfilebase-rightcol\">\r\n  <div class=\"wpfilebase-filetitle\">\r\n   <a href=\"https:\/\/www.geoportaligm.gob.ec\/portal\/?wpfb_dl=1074\" title=\"Download Portada\">Portada<\/a><br \/>\r\n   a2010_portada.pdf<br \/>\r\n   \r\n   \r\n  <\/div>\r\n  <div class=\"wpfilebase-filedetails\" id=\"wpfilebase-filedetails1\" style=\"display: none;\">\r\n  <p>Atlas Nacional del Ecuador : Portada<\/p>\r\n  <table border=\"0\">\r\n   \r\n   \r\n   \r\n   \r\n   <tr><td><strong>Category:<\/strong><\/td><td>Atlas<\/td><\/tr>\r\n   \r\n   <tr><td><strong>Date:<\/strong><\/td><td>2017\/05\/15<\/td><\/tr>\r\n   \n  <\/table>\r\n  <\/div>\r\n <\/div>\r\n <div class=\"wpfilebase-fileinfo\">\r\n  1.8 MiB<br \/>\r\n  1874 Downloads<br \/>\r\n  <a href=\"#\" onclick=\"return wpfilebase_filedetails(1);\">Details...<\/a>\r\n <\/div>\r\n <div style=\"clear: both;\"><\/div>\r\n<\/div><\/center><\/th>\n<th><center><div class=\"wpfilebase-attachment\">\r\n <div class=\"wpfilebase-fileicon\"><a href=\"https:\/\/www.geoportaligm.gob.ec\/portal\/?wpfb_dl=1075\" title=\"Download \u00cdndice\"><img align=\"middle\" src=\"https:\/\/www.geoportaligm.gob.ec\/portal\/wp-includes\/images\/crystal\/document.png\" alt=\"\u00cdndice\" \/><\/a><\/div>\r\n <div class=\"wpfilebase-rightcol\">\r\n  <div class=\"wpfilebase-filetitle\">\r\n   <a href=\"https:\/\/www.geoportaligm.gob.ec\/portal\/?wpfb_dl=1075\" title=\"Download \u00cdndice\">\u00cdndice<\/a><br \/>\r\n   a2010_indice.pdf<br \/>\r\n   \r\n   \r\n  <\/div>\r\n  <div class=\"wpfilebase-filedetails\" id=\"wpfilebase-filedetails2\" style=\"display: none;\">\r\n  <p>Atlas Nacional del Ecuador : \u00cdndice<\/p>\r\n  <table border=\"0\">\r\n   \r\n   \r\n   \r\n   \r\n   <tr><td><strong>Category:<\/strong><\/td><td>Atlas<\/td><\/tr>\r\n   \r\n   <tr><td><strong>Date:<\/strong><\/td><td>2017\/05\/15<\/td><\/tr>\r\n   \n  <\/table>\r\n  <\/div>\r\n <\/div>\r\n <div class=\"wpfilebase-fileinfo\">\r\n  4.2 MiB<br \/>\r\n  1843 Downloads<br \/>\r\n  <a href=\"#\" onclick=\"return wpfilebase_filedetails(2);\">Details...<\/a>\r\n <\/div>\r\n <div style=\"clear: both;\"><\/div>\r\n<\/div><\/center><\/th>\n<th><center><div class=\"wpfilebase-attachment\">\r\n <div class=\"wpfilebase-fileicon\"><a href=\"https:\/\/www.geoportaligm.gob.ec\/portal\/?wpfb_dl=1076\" title=\"Download Contextos\"><img align=\"middle\" src=\"https:\/\/www.geoportaligm.gob.ec\/portal\/wp-includes\/images\/crystal\/document.png\" alt=\"Contextos\" \/><\/a><\/div>\r\n <div class=\"wpfilebase-rightcol\">\r\n  <div class=\"wpfilebase-filetitle\">\r\n   <a href=\"https:\/\/www.geoportaligm.gob.ec\/portal\/?wpfb_dl=1076\" title=\"Download Contextos\">Contextos<\/a><br \/>\r\n   a2010_contextos.pdf<br \/>\r\n   \r\n   \r\n  <\/div>\r\n  <div class=\"wpfilebase-filedetails\" id=\"wpfilebase-filedetails3\" style=\"display: none;\">\r\n  <p>Atlas Nacional del Ecuador 2010: Contextos<\/p>\r\n  <table border=\"0\">\r\n   \r\n   \r\n   \r\n   \r\n   <tr><td><strong>Category:<\/strong><\/td><td>Atlas<\/td><\/tr>\r\n   \r\n   <tr><td><strong>Date:<\/strong><\/td><td>2017\/05\/15<\/td><\/tr>\r\n   \n  <\/table>\r\n  <\/div>\r\n <\/div>\r\n <div class=\"wpfilebase-fileinfo\">\r\n  5.3 MiB<br \/>\r\n  1029 Downloads<br \/>\r\n  <a href=\"#\" onclick=\"return wpfilebase_filedetails(3);\">Details...<\/a>\r\n <\/div>\r\n <div style=\"clear: both;\"><\/div>\r\n<\/div><\/center><\/th>\n<\/tr>\n<tr>\n<th><center><div class=\"wpfilebase-attachment\">\r\n <div class=\"wpfilebase-fileicon\"><a href=\"https:\/\/www.geoportaligm.gob.ec\/portal\/?wpfb_dl=1077\" title=\"Download Humana\"><img align=\"middle\" src=\"https:\/\/www.geoportaligm.gob.ec\/portal\/wp-includes\/images\/crystal\/document.png\" alt=\"Humana\" \/><\/a><\/div>\r\n <div class=\"wpfilebase-rightcol\">\r\n  <div class=\"wpfilebase-filetitle\">\r\n   <a href=\"https:\/\/www.geoportaligm.gob.ec\/portal\/?wpfb_dl=1077\" title=\"Download Humana\">Humana<\/a><br \/>\r\n   a2010_humana.pdf<br \/>\r\n   \r\n   \r\n  <\/div>\r\n  <div class=\"wpfilebase-filedetails\" id=\"wpfilebase-filedetails4\" style=\"display: none;\">\r\n  <p>Atlas Nacional del Ecuador 2010: Geograf\u00eda Humana<\/p>\r\n  <table border=\"0\">\r\n   \r\n   \r\n   \r\n   \r\n   <tr><td><strong>Category:<\/strong><\/td><td>Atlas<\/td><\/tr>\r\n   \r\n   <tr><td><strong>Date:<\/strong><\/td><td>2017\/05\/15<\/td><\/tr>\r\n   \n  <\/table>\r\n  <\/div>\r\n <\/div>\r\n <div class=\"wpfilebase-fileinfo\">\r\n  30.3 MiB<br \/>\r\n  781 Downloads<br \/>\r\n  <a href=\"#\" onclick=\"return wpfilebase_filedetails(4);\">Details...<\/a>\r\n <\/div>\r\n <div style=\"clear: both;\"><\/div>\r\n<\/div><\/center><\/th>\n<th><center><div class=\"wpfilebase-attachment\">\r\n <div class=\"wpfilebase-fileicon\"><a href=\"https:\/\/www.geoportaligm.gob.ec\/portal\/?wpfb_dl=1078\" title=\"Download Econ\u00f3mica1\"><img align=\"middle\" src=\"https:\/\/www.geoportaligm.gob.ec\/portal\/wp-includes\/images\/crystal\/document.png\" alt=\"Econ\u00f3mica1\" \/><\/a><\/div>\r\n <div class=\"wpfilebase-rightcol\">\r\n  <div class=\"wpfilebase-filetitle\">\r\n   <a href=\"https:\/\/www.geoportaligm.gob.ec\/portal\/?wpfb_dl=1078\" title=\"Download Econ\u00f3mica1\">Econ\u00f3mica1<\/a><br \/>\r\n   a2010_economica1.pdf<br \/>\r\n   \r\n   \r\n  <\/div>\r\n  <div class=\"wpfilebase-filedetails\" id=\"wpfilebase-filedetails5\" style=\"display: none;\">\r\n  <p>Atlas Nacional del Ecuador 2010: Geograf\u00eda Econ\u00f3mica <\/p>\r\n  <table border=\"0\">\r\n   \r\n   \r\n   \r\n   \r\n   <tr><td><strong>Category:<\/strong><\/td><td>Atlas<\/td><\/tr>\r\n   \r\n   <tr><td><strong>Date:<\/strong><\/td><td>2017\/05\/15<\/td><\/tr>\r\n   \n  <\/table>\r\n  <\/div>\r\n <\/div>\r\n <div class=\"wpfilebase-fileinfo\">\r\n  8.1 MiB<br \/>\r\n  1530 Downloads<br \/>\r\n  <a href=\"#\" onclick=\"return wpfilebase_filedetails(5);\">Details...<\/a>\r\n <\/div>\r\n <div style=\"clear: both;\"><\/div>\r\n<\/div><\/center><\/th>\n<th><center><div class=\"wpfilebase-attachment\">\r\n <div class=\"wpfilebase-fileicon\"><a href=\"https:\/\/www.geoportaligm.gob.ec\/portal\/?wpfb_dl=1079\" title=\"Download Econ\u00f3mica2\"><img align=\"middle\" src=\"https:\/\/www.geoportaligm.gob.ec\/portal\/wp-includes\/images\/crystal\/document.png\" alt=\"Econ\u00f3mica2\" \/><\/a><\/div>\r\n <div class=\"wpfilebase-rightcol\">\r\n  <div class=\"wpfilebase-filetitle\">\r\n   <a href=\"https:\/\/www.geoportaligm.gob.ec\/portal\/?wpfb_dl=1079\" title=\"Download Econ\u00f3mica2\">Econ\u00f3mica2<\/a><br \/>\r\n   a2010_economica2.pdf<br \/>\r\n   \r\n   \r\n  <\/div>\r\n  <div class=\"wpfilebase-filedetails\" id=\"wpfilebase-filedetails6\" style=\"display: none;\">\r\n  <p>Atlas Nacional del Ecuador 2010 : Geograf\u00eda Econ\u00f3mica Recursos<\/p>\r\n  <table border=\"0\">\r\n   \r\n   \r\n   \r\n   \r\n   <tr><td><strong>Category:<\/strong><\/td><td>Atlas<\/td><\/tr>\r\n   \r\n   <tr><td><strong>Date:<\/strong><\/td><td>2017\/05\/15<\/td><\/tr>\r\n   \n  <\/table>\r\n  <\/div>\r\n <\/div>\r\n <div class=\"wpfilebase-fileinfo\">\r\n  25.6 MiB<br \/>\r\n  566 Downloads<br \/>\r\n  <a href=\"#\" onclick=\"return wpfilebase_filedetails(6);\">Details...<\/a>\r\n <\/div>\r\n <div style=\"clear: both;\"><\/div>\r\n<\/div><\/center><\/th>\n<\/tr>\n<tr>\n<th><center><div class=\"wpfilebase-attachment\">\r\n <div class=\"wpfilebase-fileicon\"><a href=\"https:\/\/www.geoportaligm.gob.ec\/portal\/?wpfb_dl=1080\" title=\"Download Ambiente\"><img align=\"middle\" src=\"https:\/\/www.geoportaligm.gob.ec\/portal\/wp-includes\/images\/crystal\/document.png\" alt=\"Ambiente\" \/><\/a><\/div>\r\n <div class=\"wpfilebase-rightcol\">\r\n  <div class=\"wpfilebase-filetitle\">\r\n   <a href=\"https:\/\/www.geoportaligm.gob.ec\/portal\/?wpfb_dl=1080\" title=\"Download Ambiente\">Ambiente<\/a><br \/>\r\n   a2010_ambiente.pdf<br \/>\r\n   \r\n   \r\n  <\/div>\r\n  <div class=\"wpfilebase-filedetails\" id=\"wpfilebase-filedetails7\" style=\"display: none;\">\r\n  <p>Atlas Nacional del Ecuador 2010: Medio Ambiente<\/p>\r\n  <table border=\"0\">\r\n   \r\n   \r\n   \r\n   \r\n   <tr><td><strong>Category:<\/strong><\/td><td>Atlas<\/td><\/tr>\r\n   \r\n   <tr><td><strong>Date:<\/strong><\/td><td>2017\/05\/15<\/td><\/tr>\r\n   \n  <\/table>\r\n  <\/div>\r\n <\/div>\r\n <div class=\"wpfilebase-fileinfo\">\r\n  15.1 MiB<br \/>\r\n  645 Downloads<br \/>\r\n  <a href=\"#\" onclick=\"return wpfilebase_filedetails(7);\">Details...<\/a>\r\n <\/div>\r\n <div style=\"clear: both;\"><\/div>\r\n<\/div><\/center><\/th>\n<th><center><div class=\"wpfilebase-attachment\">\r\n <div class=\"wpfilebase-fileicon\"><a href=\"https:\/\/www.geoportaligm.gob.ec\/portal\/?wpfb_dl=1081\" title=\"Download Internacional\"><img align=\"middle\" src=\"https:\/\/www.geoportaligm.gob.ec\/portal\/wp-includes\/images\/crystal\/document.png\" alt=\"Internacional\" \/><\/a><\/div>\r\n <div class=\"wpfilebase-rightcol\">\r\n  <div class=\"wpfilebase-filetitle\">\r\n   <a href=\"https:\/\/www.geoportaligm.gob.ec\/portal\/?wpfb_dl=1081\" title=\"Download Internacional\">Internacional<\/a><br \/>\r\n   a2010_internacional.pdf<br \/>\r\n   \r\n   \r\n  <\/div>\r\n  <div class=\"wpfilebase-filedetails\" id=\"wpfilebase-filedetails8\" style=\"display: none;\">\r\n  <p>Atlas Nacional del Ecuador 2010: Contexto Internacional<\/p>\r\n  <table border=\"0\">\r\n   \r\n   \r\n   \r\n   \r\n   <tr><td><strong>Category:<\/strong><\/td><td>Atlas<\/td><\/tr>\r\n   \r\n   <tr><td><strong>Date:<\/strong><\/td><td>2017\/05\/15<\/td><\/tr>\r\n   \n  <\/table>\r\n  <\/div>\r\n <\/div>\r\n <div class=\"wpfilebase-fileinfo\">\r\n  2.2 MiB<br \/>\r\n  1098 Downloads<br \/>\r\n  <a href=\"#\" onclick=\"return wpfilebase_filedetails(8);\">Details...<\/a>\r\n <\/div>\r\n <div style=\"clear: both;\"><\/div>\r\n<\/div><\/center><\/th>\n<th><center><div class=\"wpfilebase-attachment\">\r\n <div class=\"wpfilebase-fileicon\"><a href=\"https:\/\/www.geoportaligm.gob.ec\/portal\/?wpfb_dl=1082\" title=\"Download Im\u00e1genes\"><img align=\"middle\" src=\"https:\/\/www.geoportaligm.gob.ec\/portal\/wp-includes\/images\/crystal\/document.png\" alt=\"Im\u00e1genes\" \/><\/a><\/div>\r\n <div class=\"wpfilebase-rightcol\">\r\n  <div class=\"wpfilebase-filetitle\">\r\n   <a href=\"https:\/\/www.geoportaligm.gob.ec\/portal\/?wpfb_dl=1082\" title=\"Download Im\u00e1genes\">Im\u00e1genes<\/a><br \/>\r\n   a2010_imagenes.pdf<br \/>\r\n   \r\n   \r\n  <\/div>\r\n  <div class=\"wpfilebase-filedetails\" id=\"wpfilebase-filedetails9\" style=\"display: none;\">\r\n  <p>Atlas Nacional del Ecuador 2010: Ecuador en Im\u00e1genes<\/p>\r\n  <table border=\"0\">\r\n   \r\n   \r\n   \r\n   \r\n   <tr><td><strong>Category:<\/strong><\/td><td>Atlas<\/td><\/tr>\r\n   \r\n   <tr><td><strong>Date:<\/strong><\/td><td>2017\/05\/15<\/td><\/tr>\r\n   \n  <\/table>\r\n  <\/div>\r\n <\/div>\r\n <div class=\"wpfilebase-fileinfo\">\r\n  9.4 MiB<br \/>\r\n  779 Downloads<br \/>\r\n  <a href=\"#\" onclick=\"return wpfilebase_filedetails(9);\">Details...<\/a>\r\n <\/div>\r\n <div style=\"clear: both;\"><\/div>\r\n<\/div><\/center><\/th>\n<\/tr>\n<\/table>\n","protected":false},"excerpt":{"rendered":"<p>Atlas Geogr\u00e1fico de la Rep\u00fablica del Ecuador, Edici\u00f3n 1.0, A\u00f1o: 2010. Primera edici\u00f3n del Atlas Geogr\u00e1fico del Ecuador La raz\u00f3n por la cual, el IGM elabora el Atlas Nacional, reside en la misi\u00f3n que el Estado encomend\u00f3 a esta Instituci\u00f3n, que es la de generar documentos cartogr\u00e1ficos de divulgaci\u00f3n encaminados a la docencia y conocimiento <a class=\"moretag\" href=\"https:\/\/www.geoportaligm.gob.ec\/portal\/index.php\/atlas-geografico-nacional-del-ecuador-2010\/\">Read More &#8230;<\/a><\/p>\n","protected":false},"author":1,"featured_media":0,"parent":0,"menu_order":0,"comment_status":"closed","ping_status":"closed","template":"full-width-page.php","meta":[],"_links":{"self":[{"href":"https:\/\/www.geoportaligm.gob.ec\/portal\/index.php\/wp-json\/wp\/v2\/pages\/764"}],"collection":[{"href":"https:\/\/www.geoportaligm.gob.ec\/portal\/index.php\/wp-json\/wp\/v2\/pages"}],"about":[{"href":"https:\/\/www.geoportaligm.gob.ec\/portal\/index.php\/wp-json\/wp\/v2\/types\/page"}],"author":[{"embeddable":true,"href":"https:\/\/www.geoportaligm.gob.ec\/portal\/index.php\/wp-json\/wp\/v2\/users\/1"}],"replies":[{"embeddable":true,"href":"https:\/\/www.geoportaligm.gob.ec\/portal\/index.php\/wp-json\/wp\/v2\/comments?post=764"}],"version-history":[{"count":0,"href":"https:\/\/www.geoportaligm.gob.ec\/portal\/index.php\/wp-json\/wp\/v2\/pages\/764\/revisions"}],"wp:attachment":[{"href":"https:\/\/www.geoportaligm.gob.ec\/portal\/index.php\/wp-json\/wp\/v2\/media?parent=764"}],"curies":[{"name":"wp","href":"https:\/\/api.w.org\/{rel}","templated":true}]}}