{"id":705,"date":"2017-04-18T21:58:15","date_gmt":"2017-04-19T02:58:15","guid":{"rendered":"http:\/\/192.168.4.97\/portal\/?page_id=705"},"modified":"2020-01-22T14:40:00","modified_gmt":"2020-01-22T19:40:00","slug":"atlas-sismo-ecuador-16a","status":"publish","type":"page","link":"https:\/\/www.geoportaligm.gob.ec\/portal\/index.php\/atlas-sismo-ecuador-16a\/","title":{"rendered":"Atlas Sismo Ecuador 16 Abril 2016"},"content":{"rendered":"<a href=\"https:\/\/www.geoportaligm.gob.ec\/portal\/wp-content\/uploads\/2017\/04\/atlas-sismo-1.pdf\" class=\"pdfemb-viewer\" style=\"width: 550px; height: 700px; \" data-width=\"550\" data-height=\"700\"  data-toolbar=\"bottom\" data-toolbar-fixed=\"on\">atlas sismo<br\/><\/a>\n<h2 style=\"text-align: center;\"><strong>Atlas del Sismo Ecuador 16 Abril del 2016<\/strong><\/h2>\n<p>El Instituto Geogr\u00e1fico Militar, en esta ocasi\u00f3n, pone a consideraci\u00f3n la primera edici\u00f3n del Atlas: \u201cSismo Ecuador, abril 2016\u201d, cuyo prop\u00f3sito es visualizar al espacio geogr\u00e1fico regional y local cuando \u00e9ste se constituye en un espacio del Riesgo ante el advenimiento de un fen\u00f3meno natural.<br \/>\nEste trabajo recoge m\u00faltiples informaciones generadas por la propia instituci\u00f3n y otras como SENPLADES, el Instituto Geof\u00edsico, MIDUVI, Ministerio de Inclusi\u00f3n Econ\u00f3mica y Social, Secretar\u00eda de Gesti\u00f3n de Riesgos, Ministerio Coordinador de Seguridad, etc., que fueron realizadas con motivo del apoyo directo e indirecto a las actividades que ata\u00f1en al Comando Conjunto de las FF.AA e instituciones del Estado, ligadas al acaecimiento de un evento s\u00edsmico de magnitud 7,8 grados en la escala de Richter que produjo un terremoto que afect\u00f3 a una gran parte de la costa norte del Ecuador.<\/p>\n<p>\t\t\t\t<img decoding=\"async\" src=\"https:\/\/www.geoportaligm.gob.ec\/portal\/wp-content\/uploads\/2017\/04\/AT-SISMOS.png\" alt=\"AT-SISMOS\" itemprop=\"image\"  \/><br \/>\n\t<!--<CENTER>[wpfilebase tag=file id=973 \/]<\/CENTER>--><br \/>\n<CENTER><div class=\"wpfilebase-attachment\">\r\n <div class=\"wpfilebase-fileicon\"><a href=\"https:\/\/www.geoportaligm.gob.ec\/portal\/?wpfb_dl=1162\" title=\"Download Atlas Sismo\"><img align=\"middle\" src=\"https:\/\/www.geoportaligm.gob.ec\/portal\/wp-includes\/images\/crystal\/document.png\" alt=\"Atlas Sismo\" \/><\/a><\/div>\r\n <div class=\"wpfilebase-rightcol\">\r\n  <div class=\"wpfilebase-filetitle\">\r\n   <a href=\"https:\/\/www.geoportaligm.gob.ec\/portal\/?wpfb_dl=1162\" title=\"Download Atlas Sismo\">Atlas Sismo<\/a><br \/>\r\n   ATLAS_SISMO.pdf<br \/>\r\n   Version: 1.0<br \/>\r\n   \r\n  <\/div>\r\n  <div class=\"wpfilebase-filedetails\" id=\"wpfilebase-filedetails1\" style=\"display: none;\">\r\n  <p><\/p>\r\n  <table border=\"0\">\r\n   \r\n   \r\n   \r\n   \r\n   \r\n   <tr><td><strong>License:<\/strong><\/td><td><a href=\"http:\/\/creativecommons.org\/licenses\/by-nc-sa\/3.0\/\" target=\"_blank\">CC Attribution-NonCommercial-ShareAlike<\/a><\/td><\/tr>\r\n   <tr><td><strong>Date:<\/strong><\/td><td>2020\/01\/22<\/td><\/tr>\r\n   \n  <\/table>\r\n  <\/div>\r\n <\/div>\r\n <div class=\"wpfilebase-fileinfo\">\r\n  194.4 MiB<br \/>\r\n  822 Downloads<br \/>\r\n  <a href=\"#\" onclick=\"return wpfilebase_filedetails(1);\">Details...<\/a>\r\n <\/div>\r\n <div style=\"clear: both;\"><\/div>\r\n<\/div><\/CENTER><\/p>\n","protected":false},"excerpt":{"rendered":"<p>Atlas del Sismo Ecuador 16 Abril del 2016 El Instituto Geogr\u00e1fico Militar, en esta ocasi\u00f3n, pone a consideraci\u00f3n la primera edici\u00f3n del Atlas: \u201cSismo Ecuador, abril 2016\u201d, cuyo prop\u00f3sito es visualizar al espacio geogr\u00e1fico regional y local cuando \u00e9ste se constituye en un espacio del Riesgo ante el advenimiento de un fen\u00f3meno natural. Este trabajo <a class=\"moretag\" href=\"https:\/\/www.geoportaligm.gob.ec\/portal\/index.php\/atlas-sismo-ecuador-16a\/\">Read More &#8230;<\/a><\/p>\n","protected":false},"author":1,"featured_media":0,"parent":0,"menu_order":0,"comment_status":"closed","ping_status":"closed","template":"full-width-page.php","meta":[],"_links":{"self":[{"href":"https:\/\/www.geoportaligm.gob.ec\/portal\/index.php\/wp-json\/wp\/v2\/pages\/705"}],"collection":[{"href":"https:\/\/www.geoportaligm.gob.ec\/portal\/index.php\/wp-json\/wp\/v2\/pages"}],"about":[{"href":"https:\/\/www.geoportaligm.gob.ec\/portal\/index.php\/wp-json\/wp\/v2\/types\/page"}],"author":[{"embeddable":true,"href":"https:\/\/www.geoportaligm.gob.ec\/portal\/index.php\/wp-json\/wp\/v2\/users\/1"}],"replies":[{"embeddable":true,"href":"https:\/\/www.geoportaligm.gob.ec\/portal\/index.php\/wp-json\/wp\/v2\/comments?post=705"}],"version-history":[{"count":0,"href":"https:\/\/www.geoportaligm.gob.ec\/portal\/index.php\/wp-json\/wp\/v2\/pages\/705\/revisions"}],"wp:attachment":[{"href":"https:\/\/www.geoportaligm.gob.ec\/portal\/index.php\/wp-json\/wp\/v2\/media?parent=705"}],"curies":[{"name":"wp","href":"https:\/\/api.w.org\/{rel}","templated":true}]}}