{"id":703,"date":"2017-04-18T21:57:29","date_gmt":"2017-04-19T02:57:29","guid":{"rendered":"http:\/\/192.168.4.97\/portal\/?page_id=703"},"modified":"2020-01-22T14:42:23","modified_gmt":"2020-01-22T19:42:23","slug":"atlas-rural-ecuador","status":"publish","type":"page","link":"https:\/\/www.geoportaligm.gob.ec\/portal\/index.php\/atlas-rural-ecuador\/","title":{"rendered":"Atlas Rural Ecuador"},"content":{"rendered":"<a href=\"https:\/\/www.geoportaligm.gob.ec\/portal\/wp-content\/uploads\/2017\/04\/ATLAS_RURAL-2017-2.pdf\" class=\"pdfemb-viewer\" style=\"width: 550px; height: 700px; \" data-width=\"550\" data-height=\"700\"  data-toolbar=\"bottom\" data-toolbar-fixed=\"on\">ATLAS_RURAL-2017-2<br\/><\/a>\n<h2 style=\"text-align: center;\"><strong>Atlas Rural del Ecuador Primera Edici\u00f3n A\u00f1o 2017<\/strong><\/h2>\n<p> El Atlas rural del Ecuador es una iniciativa del Instituto Geogr\u00e1fico Militar y cont\u00f3 con el apoyo financiero y t\u00e9cnico del Instituto Panamericano de Geograf\u00eda e Historia, entidad de la Organizaci\u00f3n de los Estados Americanos. Participaron en la preparaci\u00f3n del material estad\u00edstico y documental m\u00faltiples organismos del sector p\u00fablico, entre los que podemos mencionar al Instituto Nacional de Estad\u00edstica y Censos (INEC), Ministerio de Agricultura, Ganader\u00eda, Acuacultura y Pesca (MAGAP), Consorcio de Gobiernos Aut\u00f3nomos Provinciales del Ecuador (CONGOPE), se cont\u00f3 tambi\u00e9n con la colaboraci\u00f3n de docentes investigadores y estudiantes de la Universidad de Fuerzas Armadas ESPE y Universidad Central.<br \/>\nLa organizaci\u00f3n y preparaci\u00f3n del Atlas requiri\u00f3 de un gran esfuerzo t\u00e9cnico y de coordinaci\u00f3n que estuvo a cargo del personal t\u00e9cnico del IGM, con la asistencia t\u00e9cnica internacional de expertos de <strong>Argentina, Dr. Marcelo Sili y de Paraguay, Mgtr. Bruno Mart\u00ednez.<\/p>\n<p style=\"text-align: left;\" align=\"center\"><\/strong><\/p>\n<p>\t\t\t\t<img decoding=\"async\" src=\"https:\/\/www.geoportaligm.gob.ec\/portal\/wp-content\/uploads\/2017\/04\/atlas_rural.png\" alt=\"atlas_rural\" itemprop=\"image\"  \/><br \/>\n\t<!--<CENTER>[wpfilebase tag=file id=972 \/]<\/CENTER>--><br \/>\n<CENTER><div class=\"wpfilebase-attachment\">\r\n <div class=\"wpfilebase-fileicon\"><a href=\"https:\/\/www.geoportaligm.gob.ec\/portal\/?wpfb_dl=1163\" title=\"Download Atlas Rural del Ecuador 2017\"><img align=\"middle\" src=\"https:\/\/www.geoportaligm.gob.ec\/portal\/wp-includes\/images\/crystal\/document.png\" alt=\"Atlas Rural del Ecuador 2017\" \/><\/a><\/div>\r\n <div class=\"wpfilebase-rightcol\">\r\n  <div class=\"wpfilebase-filetitle\">\r\n   <a href=\"https:\/\/www.geoportaligm.gob.ec\/portal\/?wpfb_dl=1163\" title=\"Download Atlas Rural del Ecuador 2017\">Atlas Rural del Ecuador 2017<\/a><br \/>\r\n   Atlas-Rural-del-Ecuador-2017.pdf<br \/>\r\n   Version: 1.0<br \/>\r\n   \r\n  <\/div>\r\n  <div class=\"wpfilebase-filedetails\" id=\"wpfilebase-filedetails1\" style=\"display: none;\">\r\n  <p><\/p>\r\n  <table border=\"0\">\r\n   \r\n   \r\n   \r\n   \r\n   \r\n   <tr><td><strong>License:<\/strong><\/td><td><a href=\"http:\/\/creativecommons.org\/licenses\/by-nc-sa\/3.0\/\" target=\"_blank\">CC Attribution-NonCommercial-ShareAlike<\/a><\/td><\/tr>\r\n   <tr><td><strong>Date:<\/strong><\/td><td>2020\/01\/22<\/td><\/tr>\r\n   \n  <\/table>\r\n  <\/div>\r\n <\/div>\r\n <div class=\"wpfilebase-fileinfo\">\r\n  143.1 MiB<br \/>\r\n  2366 Downloads<br \/>\r\n  <a href=\"#\" onclick=\"return wpfilebase_filedetails(1);\">Details...<\/a>\r\n <\/div>\r\n <div style=\"clear: both;\"><\/div>\r\n<\/div><\/CENTER><\/p>\n","protected":false},"excerpt":{"rendered":"<p>Atlas Rural del Ecuador Primera Edici\u00f3n A\u00f1o 2017 El Atlas rural del Ecuador es una iniciativa del Instituto Geogr\u00e1fico Militar y cont\u00f3 con el apoyo financiero y t\u00e9cnico del Instituto Panamericano de Geograf\u00eda e Historia, entidad de la Organizaci\u00f3n de los Estados Americanos. Participaron en la preparaci\u00f3n del material estad\u00edstico y documental m\u00faltiples organismos del <a class=\"moretag\" href=\"https:\/\/www.geoportaligm.gob.ec\/portal\/index.php\/atlas-rural-ecuador\/\">Read More &#8230;<\/a><\/p>\n","protected":false},"author":1,"featured_media":0,"parent":0,"menu_order":0,"comment_status":"closed","ping_status":"closed","template":"full-width-page.php","meta":[],"_links":{"self":[{"href":"https:\/\/www.geoportaligm.gob.ec\/portal\/index.php\/wp-json\/wp\/v2\/pages\/703"}],"collection":[{"href":"https:\/\/www.geoportaligm.gob.ec\/portal\/index.php\/wp-json\/wp\/v2\/pages"}],"about":[{"href":"https:\/\/www.geoportaligm.gob.ec\/portal\/index.php\/wp-json\/wp\/v2\/types\/page"}],"author":[{"embeddable":true,"href":"https:\/\/www.geoportaligm.gob.ec\/portal\/index.php\/wp-json\/wp\/v2\/users\/1"}],"replies":[{"embeddable":true,"href":"https:\/\/www.geoportaligm.gob.ec\/portal\/index.php\/wp-json\/wp\/v2\/comments?post=703"}],"version-history":[{"count":0,"href":"https:\/\/www.geoportaligm.gob.ec\/portal\/index.php\/wp-json\/wp\/v2\/pages\/703\/revisions"}],"wp:attachment":[{"href":"https:\/\/www.geoportaligm.gob.ec\/portal\/index.php\/wp-json\/wp\/v2\/media?parent=703"}],"curies":[{"name":"wp","href":"https:\/\/api.w.org\/{rel}","templated":true}]}}