{"id":701,"date":"2017-04-18T21:57:05","date_gmt":"2017-04-19T02:57:05","guid":{"rendered":"http:\/\/192.168.4.97\/portal\/?page_id=701"},"modified":"2020-01-22T11:57:04","modified_gmt":"2020-01-22T16:57:04","slug":"atlas-esencial-ecuador","status":"publish","type":"page","link":"https:\/\/www.geoportaligm.gob.ec\/portal\/index.php\/atlas-esencial-ecuador\/","title":{"rendered":"Atlas Esencial Ecuador"},"content":{"rendered":"<a href=\"https:\/\/www.geoportaligm.gob.ec\/portal\/wp-content\/uploads\/2017\/04\/ATLAS-ESENCIAL.pdf\" class=\"pdfemb-viewer\" style=\"width: 550px; height: 700px; \" data-width=\"550\" data-height=\"700\"  data-toolbar=\"bottom\" data-toolbar-fixed=\"on\">ATLAS ESENCIAL<br\/><\/a>\n<h2 style=\"text-align: center;\"><strong>Atlas Geograf\u00eda Esencial de la Rep\u00fablica del Ecuador \u2013 Edici\u00f3n 1.0 \u2013 A\u00f1o: 2013<\/strong><\/h2>\n<p>Esta obra constituye un aporte al conocimiento integral de un pa\u00eds maravilloso que se caracteriza por su impresionante mega diversidad natural y cultural. Recoge los aspectos m\u00e1s importantes de su historia espacial, analiza los grandes temas sociales, presenta los grandes agregados de su econom\u00eda y producci\u00f3n, sus recursos, sectores econ\u00f3micos e infraestructura, as\u00ed como datos sobre el ambiente y su preservaci\u00f3n.<br \/> La Geograf\u00eda Escencial se ha elaborado en base a la informaci\u00f3n publicada en el Atlas Geogr\u00e1fico de la Rep\u00fablica del Ecuador, editado por el IGM con el auspicio de Senplades y con informaci\u00f3n proveniente de las instituciones del Estado ecuatoriano.<\/p>\n<p>\t\t\t\t<img decoding=\"async\" src=\"https:\/\/www.geoportaligm.gob.ec\/portal\/wp-content\/uploads\/2017\/04\/ATLAS-ESENCIAL.png\" alt=\"ATLAS-ESENCIAL\" itemprop=\"image\"  \/><br \/>\n\t<!--<center>[wpfilebase tag=file id=1072 \/]<\/center>--><br \/>\n<center><div class=\"wpfilebase-attachment\">\r\n <div class=\"wpfilebase-fileicon\"><a href=\"https:\/\/www.geoportaligm.gob.ec\/portal\/?wpfb_dl=1160\" title=\"Download Atlas Esencial 2014\"><img align=\"middle\" src=\"https:\/\/www.geoportaligm.gob.ec\/portal\/wp-includes\/images\/crystal\/document.png\" alt=\"Atlas Esencial 2014\" \/><\/a><\/div>\r\n <div class=\"wpfilebase-rightcol\">\r\n  <div class=\"wpfilebase-filetitle\">\r\n   <a href=\"https:\/\/www.geoportaligm.gob.ec\/portal\/?wpfb_dl=1160\" title=\"Download Atlas Esencial 2014\">Atlas Esencial 2014<\/a><br \/>\r\n   ATLAS_ESENCIAL_2014.pdf<br \/>\r\n   Version: 1.0<br \/>\r\n   \r\n  <\/div>\r\n  <div class=\"wpfilebase-filedetails\" id=\"wpfilebase-filedetails1\" style=\"display: none;\">\r\n  <p><\/p>\r\n  <table border=\"0\">\r\n   \r\n   \r\n   \r\n   \r\n   \r\n   \r\n   <tr><td><strong>Date:<\/strong><\/td><td>2020\/01\/22<\/td><\/tr>\r\n   \n  <\/table>\r\n  <\/div>\r\n <\/div>\r\n <div class=\"wpfilebase-fileinfo\">\r\n  155.8 MiB<br \/>\r\n  1431 Downloads<br \/>\r\n  <a href=\"#\" onclick=\"return wpfilebase_filedetails(1);\">Details...<\/a>\r\n <\/div>\r\n <div style=\"clear: both;\"><\/div>\r\n<\/div><\/center><\/p>\n","protected":false},"excerpt":{"rendered":"<p>Atlas Geograf\u00eda Esencial de la Rep\u00fablica del Ecuador \u2013 Edici\u00f3n 1.0 \u2013 A\u00f1o: 2013 Esta obra constituye un aporte al conocimiento integral de un pa\u00eds maravilloso que se caracteriza por su impresionante mega diversidad natural y cultural. Recoge los aspectos m\u00e1s importantes de su historia espacial, analiza los grandes temas sociales, presenta los grandes agregados <a class=\"moretag\" href=\"https:\/\/www.geoportaligm.gob.ec\/portal\/index.php\/atlas-esencial-ecuador\/\">Read More &#8230;<\/a><\/p>\n","protected":false},"author":1,"featured_media":0,"parent":0,"menu_order":0,"comment_status":"closed","ping_status":"closed","template":"full-width-page.php","meta":[],"_links":{"self":[{"href":"https:\/\/www.geoportaligm.gob.ec\/portal\/index.php\/wp-json\/wp\/v2\/pages\/701"}],"collection":[{"href":"https:\/\/www.geoportaligm.gob.ec\/portal\/index.php\/wp-json\/wp\/v2\/pages"}],"about":[{"href":"https:\/\/www.geoportaligm.gob.ec\/portal\/index.php\/wp-json\/wp\/v2\/types\/page"}],"author":[{"embeddable":true,"href":"https:\/\/www.geoportaligm.gob.ec\/portal\/index.php\/wp-json\/wp\/v2\/users\/1"}],"replies":[{"embeddable":true,"href":"https:\/\/www.geoportaligm.gob.ec\/portal\/index.php\/wp-json\/wp\/v2\/comments?post=701"}],"version-history":[{"count":0,"href":"https:\/\/www.geoportaligm.gob.ec\/portal\/index.php\/wp-json\/wp\/v2\/pages\/701\/revisions"}],"wp:attachment":[{"href":"https:\/\/www.geoportaligm.gob.ec\/portal\/index.php\/wp-json\/wp\/v2\/media?parent=701"}],"curies":[{"name":"wp","href":"https:\/\/api.w.org\/{rel}","templated":true}]}}