{"id":695,"date":"2017-04-18T21:55:24","date_gmt":"2017-04-19T02:55:24","guid":{"rendered":"http:\/\/192.168.4.97\/portal\/?page_id=695"},"modified":"2018-01-20T08:03:40","modified_gmt":"2018-01-20T13:03:40","slug":"atlas-nivel-medio","status":"publish","type":"page","link":"https:\/\/www.geoportaligm.gob.ec\/portal\/index.php\/atlas-nivel-medio\/","title":{"rendered":"Atlas Nivel Medio"},"content":{"rendered":"<a href=\"https:\/\/www.geoportaligm.gob.ec\/portal\/wp-content\/uploads\/2017\/04\/Atlas_de-_nivel_medio.pdf\" class=\"pdfemb-viewer\" style=\"width: 550px; height: 700px; \" data-width=\"550\" data-height=\"700\"  data-toolbar=\"bottom\" data-toolbar-fixed=\"on\">Atlas_de _nivel_medio<br\/><\/a>\n<h2 style=\"text-align: center;\"><strong>Atlas Para la Ense\u00f1anza del Entorno Natural y Social \u2013 Edici\u00f3n 1.0 \u2013 A\u00f1o: 2016<\/strong><\/h2>\n<p>Una de las principales misiones encomendadas al Instituto Geogr\u00e1fico Militar, de acuerdo a la Ley de la Cartograf\u00eda Nacional, es la de conformar un archivo de datos geogr\u00e1ficos y cartogr\u00e1ficos del pa\u00eds.<br \/>\n A la luz de estos prop\u00f3sitos, el Instituto Geogr\u00e1fico Militar elabora permanentemente documentos encaminados hacia la educaci\u00f3n. La publicaci\u00f3n del Atlas para la Ense\u00f1anza del Entorno Natural y Social, se inscribe dentro de este contexto, con el objetivo principal de proporcionar un libro que coadyuve a conocer los par\u00e1metros que definen la Geograf\u00eda de modo que, al aplicar conocimientos m\u00e1s especializados, se logre integrarlos y comprender las relaciones de equilibrio y armon\u00eda en los que se sustenta el Universo y todo lo que en \u00e9l existe.<br \/>\n Esta publicaci\u00f3n, contiene mapas, fotograf\u00edas y dibujos que est\u00e1n acompa\u00f1ados de textos explicativos que permiten una mejor lectura y comprensi\u00f3n del tema tratado.<br \/>\n Para la elaboraci\u00f3n del Atlas, se cont\u00f3 con informaci\u00f3n proveniente de publicaciones especializadas, as\u00ed como tambi\u00e9n de datos obtenidos en instituciones como INEC, PETROECUADOR, Ministerio de Educaci\u00f3n, MAGAP, Ministerio del Ambiente, entre otras.<\/p>\n<p>\t\t\t\t<img decoding=\"async\" src=\"https:\/\/www.geoportaligm.gob.ec\/portal\/wp-content\/uploads\/2017\/04\/atlas_medio.png\" alt=\"atlas_medio\" itemprop=\"image\"  \/><br \/>\n\t<center><div class=\"wpfilebase-attachment\">\r\n <div class=\"wpfilebase-fileicon\"><a href=\"https:\/\/www.geoportaligm.gob.ec\/portal\/?wpfb_dl=249\" title=\"Download Atlas Para la Ense\u00f1anza del Entorno Natural y Social \"><img align=\"middle\" src=\"https:\/\/www.geoportaligm.gob.ec\/portal\/wp-includes\/images\/crystal\/document.png\" alt=\"Atlas Para la Ense\u00f1anza del Entorno Natural y Social \" \/><\/a><\/div>\r\n <div class=\"wpfilebase-rightcol\">\r\n  <div class=\"wpfilebase-filetitle\">\r\n   <a href=\"https:\/\/www.geoportaligm.gob.ec\/portal\/?wpfb_dl=249\" title=\"Download Atlas Para la Ense\u00f1anza del Entorno Natural y Social \">Atlas Para la Ense\u00f1anza del Entorno Natural y Social <\/a><br \/>\r\n   Atlas_de _nivel_medio.pdf<br \/>\r\n   Version: 1.0<br \/>\r\n   \r\n  <\/div>\r\n  <div class=\"wpfilebase-filedetails\" id=\"wpfilebase-filedetails1\" style=\"display: none;\">\r\n  <p><\/p>\r\n  <table border=\"0\">\r\n   \r\n   <tr><td><strong>Autor:<\/strong><\/td><td>INSTITUTO GEOGRAFICO MILITAR<\/td><\/tr>\r\n   \r\n   \r\n   <tr><td><strong>Category:<\/strong><\/td><td>Art\u00edculos T\u00e9cnicos<\/td><\/tr>\r\n   \r\n   <tr><td><strong>Date:<\/strong><\/td><td>2016\/04\/11<\/td><\/tr>\r\n   \n  <\/table>\r\n  <\/div>\r\n <\/div>\r\n <div class=\"wpfilebase-fileinfo\">\r\n  170.7 MiB<br \/>\r\n  1740 Downloads<br \/>\r\n  <a href=\"#\" onclick=\"return wpfilebase_filedetails(1);\">Details...<\/a>\r\n <\/div>\r\n <div style=\"clear: both;\"><\/div>\r\n<\/div><br \/>\n<\/center><\/p>\n","protected":false},"excerpt":{"rendered":"<p>Atlas Para la Ense\u00f1anza del Entorno Natural y Social \u2013 Edici\u00f3n 1.0 \u2013 A\u00f1o: 2016 Una de las principales misiones encomendadas al Instituto Geogr\u00e1fico Militar, de acuerdo a la Ley de la Cartograf\u00eda Nacional, es la de conformar un archivo de datos geogr\u00e1ficos y cartogr\u00e1ficos del pa\u00eds. A la luz de estos prop\u00f3sitos, el Instituto <a class=\"moretag\" href=\"https:\/\/www.geoportaligm.gob.ec\/portal\/index.php\/atlas-nivel-medio\/\">Read More &#8230;<\/a><\/p>\n","protected":false},"author":1,"featured_media":0,"parent":0,"menu_order":0,"comment_status":"closed","ping_status":"closed","template":"full-width-page.php","meta":[],"_links":{"self":[{"href":"https:\/\/www.geoportaligm.gob.ec\/portal\/index.php\/wp-json\/wp\/v2\/pages\/695"}],"collection":[{"href":"https:\/\/www.geoportaligm.gob.ec\/portal\/index.php\/wp-json\/wp\/v2\/pages"}],"about":[{"href":"https:\/\/www.geoportaligm.gob.ec\/portal\/index.php\/wp-json\/wp\/v2\/types\/page"}],"author":[{"embeddable":true,"href":"https:\/\/www.geoportaligm.gob.ec\/portal\/index.php\/wp-json\/wp\/v2\/users\/1"}],"replies":[{"embeddable":true,"href":"https:\/\/www.geoportaligm.gob.ec\/portal\/index.php\/wp-json\/wp\/v2\/comments?post=695"}],"version-history":[{"count":0,"href":"https:\/\/www.geoportaligm.gob.ec\/portal\/index.php\/wp-json\/wp\/v2\/pages\/695\/revisions"}],"wp:attachment":[{"href":"https:\/\/www.geoportaligm.gob.ec\/portal\/index.php\/wp-json\/wp\/v2\/media?parent=695"}],"curies":[{"name":"wp","href":"https:\/\/api.w.org\/{rel}","templated":true}]}}