{"id":62,"date":"2016-03-23T16:28:59","date_gmt":"2016-03-23T21:28:59","guid":{"rendered":"http:\/\/192.168.4.97\/portal\/?page_id=62"},"modified":"2021-05-28T19:20:16","modified_gmt":"2021-05-29T00:20:16","slug":"descarga-de-servicios-wms-c-del-igm","status":"publish","type":"page","link":"https:\/\/www.geoportaligm.gob.ec\/portal\/index.php\/descarga-de-servicios-wms-c-del-igm\/","title":{"rendered":"Descarga de Servicios WMS-C del IGM"},"content":{"rendered":"<h2><\/h2>\n<h2>DESCARGAS DE SERVICIOS WMS &#8211; C DEL IGM<\/h2>\n<p>\t<!DOCTYPE html><br \/>\n<html><br \/>\n<body><\/p>\n<table border=\"1\" style=\"width:100%\">\n<tr>\n<td><div class=\"wpfilebase-attachment\">\r\n <div class=\"wpfilebase-fileicon\"><a href=\"https:\/\/www.geoportaligm.gob.ec\/portal\/?wpfb_dl=150\" title=\"Download Servicio WMS-C 1:250.000\"><img align=\"middle\" src=\"https:\/\/www.geoportaligm.gob.ec\/portal\/wp-includes\/images\/crystal\/text.png\" alt=\"Servicio WMS-C 1:250.000\" \/><\/a><\/div>\r\n <div class=\"wpfilebase-rightcol\">\r\n  <div class=\"wpfilebase-filetitle\">\r\n   <a href=\"https:\/\/www.geoportaligm.gob.ec\/portal\/?wpfb_dl=150\" title=\"Download Servicio WMS-C 1:250.000\">Servicio WMS-C 1:250.000<\/a><br \/>\r\n   Servicios WMS-C_REGIONAL.txt<br \/>\r\n   Version: 1.1.1<br \/>\r\n   \r\n  <\/div>\r\n  <div class=\"wpfilebase-filedetails\" id=\"wpfilebase-filedetails1\" style=\"display: none;\">\r\n  <p><\/p>\r\n  <table border=\"0\">\r\n   \r\n   <tr><td><strong>Autor:<\/strong><\/td><td>Gesti\u00f3n IDES<\/td><\/tr>\r\n   <tr><td><strong>Platforms:<\/strong><\/td><td>Windows 7<\/td><\/tr>\r\n   \r\n   <tr><td><strong>Category:<\/strong><\/td><td>Servicios<\/td><\/tr>\r\n   <tr><td><strong>License:<\/strong><\/td><td><a href=\"http:\/\/creativecommons.org\/licenses\/by-nc-sa\/3.0\/\" target=\"_blank\">CC Attribution-NonCommercial-ShareAlike<\/a><\/td><\/tr>\r\n   <tr><td><strong>Date:<\/strong><\/td><td>2013\/04\/11<\/td><\/tr>\r\n   \n  <\/table>\r\n  <\/div>\r\n <\/div>\r\n <div class=\"wpfilebase-fileinfo\">\r\n  358.0 B<br \/>\r\n  1940 Downloads<br \/>\r\n  <a href=\"#\" onclick=\"return wpfilebase_filedetails(1);\">Details...<\/a>\r\n <\/div>\r\n <div style=\"clear: both;\"><\/div>\r\n<\/div><\/td>\n<\/tr>\n<\/table>\n<p><\/body><br \/>\n<\/html><br \/>\n\t<!DOCTYPE html><br \/>\n<html><br \/>\n<body><\/p>\n<table border=\"1\" style=\"width:100%\">\n<tr>\n<td><div class=\"wpfilebase-attachment\">\r\n <div class=\"wpfilebase-fileicon\"><a href=\"https:\/\/www.geoportaligm.gob.ec\/portal\/?wpfb_dl=147\" title=\"Download Servicio WMS-C 1:50.000\"><img align=\"middle\" src=\"https:\/\/www.geoportaligm.gob.ec\/portal\/wp-includes\/images\/crystal\/text.png\" alt=\"Servicio WMS-C 1:50.000\" \/><\/a><\/div>\r\n <div class=\"wpfilebase-rightcol\">\r\n  <div class=\"wpfilebase-filetitle\">\r\n   <a href=\"https:\/\/www.geoportaligm.gob.ec\/portal\/?wpfb_dl=147\" title=\"Download Servicio WMS-C 1:50.000\">Servicio WMS-C 1:50.000<\/a><br \/>\r\n   Servicios WMS-C_50k.txt<br \/>\r\n   Version: 1.1.1<br \/>\r\n   \r\n  <\/div>\r\n  <div class=\"wpfilebase-filedetails\" id=\"wpfilebase-filedetails2\" style=\"display: none;\">\r\n  <p><\/p>\r\n  <table border=\"0\">\r\n   \r\n   <tr><td><strong>Autor:<\/strong><\/td><td>Gesti\u00f3n IDES<\/td><\/tr>\r\n   <tr><td><strong>Platforms:<\/strong><\/td><td>Windows 7<\/td><\/tr>\r\n   \r\n   <tr><td><strong>Category:<\/strong><\/td><td>Servicios<\/td><\/tr>\r\n   <tr><td><strong>License:<\/strong><\/td><td>Freeware<\/td><\/tr>\r\n   <tr><td><strong>Date:<\/strong><\/td><td>2013\/04\/09<\/td><\/tr>\r\n   \n  <\/table>\r\n  <\/div>\r\n <\/div>\r\n <div class=\"wpfilebase-fileinfo\">\r\n  359.0 B<br \/>\r\n  1683 Downloads<br \/>\r\n  <a href=\"#\" onclick=\"return wpfilebase_filedetails(2);\">Details...<\/a>\r\n <\/div>\r\n <div style=\"clear: both;\"><\/div>\r\n<\/div><\/td>\n<\/tr>\n<\/table>\n<p><\/body><br \/>\n<\/html><br \/>\n\t<!DOCTYPE html><br \/>\n<html><br \/>\n<body><\/p>\n<table border=\"1\" style=\"width:100%\">\n<tr>\n<td><div class=\"wpfilebase-attachment\">\r\n <div class=\"wpfilebase-fileicon\"><a href=\"https:\/\/www.geoportaligm.gob.ec\/portal\/?wpfb_dl=152\" title=\"Download Servicio WMS-C 1:25.000\"><img align=\"middle\" src=\"https:\/\/www.geoportaligm.gob.ec\/portal\/wp-includes\/images\/crystal\/text.png\" alt=\"Servicio WMS-C 1:25.000\" \/><\/a><\/div>\r\n <div class=\"wpfilebase-rightcol\">\r\n  <div class=\"wpfilebase-filetitle\">\r\n   <a href=\"https:\/\/www.geoportaligm.gob.ec\/portal\/?wpfb_dl=152\" title=\"Download Servicio WMS-C 1:25.000\">Servicio WMS-C 1:25.000<\/a><br \/>\r\n   Servicios WMS-C_25k.txt<br \/>\r\n   Version: 1.1.1<br \/>\r\n   \r\n  <\/div>\r\n  <div class=\"wpfilebase-filedetails\" id=\"wpfilebase-filedetails3\" style=\"display: none;\">\r\n  <p><\/p>\r\n  <table border=\"0\">\r\n   \r\n   <tr><td><strong>Autor:<\/strong><\/td><td>Gesti\u00f3n IDES<\/td><\/tr>\r\n   <tr><td><strong>Platforms:<\/strong><\/td><td>Windows 7<\/td><\/tr>\r\n   \r\n   <tr><td><strong>Category:<\/strong><\/td><td>Servicios<\/td><\/tr>\r\n   <tr><td><strong>License:<\/strong><\/td><td><a href=\"http:\/\/creativecommons.org\/licenses\/by-nc-sa\/3.0\/\" target=\"_blank\">CC Attribution-NonCommercial-ShareAlike<\/a><\/td><\/tr>\r\n   <tr><td><strong>Date:<\/strong><\/td><td>2013\/04\/11<\/td><\/tr>\r\n   \n  <\/table>\r\n  <\/div>\r\n <\/div>\r\n <div class=\"wpfilebase-fileinfo\">\r\n  361.0 B<br \/>\r\n  1557 Downloads<br \/>\r\n  <a href=\"#\" onclick=\"return wpfilebase_filedetails(3);\">Details...<\/a>\r\n <\/div>\r\n <div style=\"clear: both;\"><\/div>\r\n<\/div><\/td>\n<\/tr>\n<\/table>\n<p><\/body><br \/>\n<\/html><br \/>\n\t<!DOCTYPE html><br \/>\n<html><br \/>\n<body><\/p>\n<table border=\"1\" style=\"width:100%\">\n<tr>\n<td><div class=\"wpfilebase-attachment\">\r\n <div class=\"wpfilebase-fileicon\"><a href=\"https:\/\/www.geoportaligm.gob.ec\/portal\/?wpfb_dl=154\" title=\"Download Servicio WMS-C DTM\"><img align=\"middle\" src=\"https:\/\/www.geoportaligm.gob.ec\/portal\/wp-includes\/images\/crystal\/text.png\" alt=\"Servicio WMS-C DTM\" \/><\/a><\/div>\r\n <div class=\"wpfilebase-rightcol\">\r\n  <div class=\"wpfilebase-filetitle\">\r\n   <a href=\"https:\/\/www.geoportaligm.gob.ec\/portal\/?wpfb_dl=154\" title=\"Download Servicio WMS-C DTM\">Servicio WMS-C DTM<\/a><br \/>\r\n   Servicios WMS-C_DTM.txt<br \/>\r\n   Version: 1.1.1<br \/>\r\n   \r\n  <\/div>\r\n  <div class=\"wpfilebase-filedetails\" id=\"wpfilebase-filedetails4\" style=\"display: none;\">\r\n  <p><\/p>\r\n  <table border=\"0\">\r\n   \r\n   <tr><td><strong>Autor:<\/strong><\/td><td>Gesti\u00f3n IDES<\/td><\/tr>\r\n   <tr><td><strong>Platforms:<\/strong><\/td><td>Windows 7<\/td><\/tr>\r\n   \r\n   <tr><td><strong>Category:<\/strong><\/td><td>Servicios<\/td><\/tr>\r\n   <tr><td><strong>License:<\/strong><\/td><td><a href=\"http:\/\/creativecommons.org\/licenses\/by-nc-sa\/3.0\/\" target=\"_blank\">CC Attribution-NonCommercial-ShareAlike<\/a><\/td><\/tr>\r\n   <tr><td><strong>Date:<\/strong><\/td><td>2013\/04\/11<\/td><\/tr>\r\n   \n  <\/table>\r\n  <\/div>\r\n <\/div>\r\n <div class=\"wpfilebase-fileinfo\">\r\n  353.0 B<br \/>\r\n  1577 Downloads<br \/>\r\n  <a href=\"#\" onclick=\"return wpfilebase_filedetails(4);\">Details...<\/a>\r\n <\/div>\r\n <div style=\"clear: both;\"><\/div>\r\n<\/div><\/td>\n<\/tr>\n<\/table>\n<p><\/body><br \/>\n<\/html><br \/>\n\t<!DOCTYPE html><br \/>\n<html><br \/>\n<body><\/p>\n<table border=\"1\" style=\"width:100%\">\n<tr>\n<td><div class=\"wpfilebase-attachment\">\r\n <div class=\"wpfilebase-fileicon\"><a href=\"https:\/\/www.geoportaligm.gob.ec\/portal\/?wpfb_dl=156\" title=\"Download Servicio WMS-C Ortofotograf\u00edas\"><img align=\"middle\" src=\"https:\/\/www.geoportaligm.gob.ec\/portal\/wp-includes\/images\/crystal\/text.png\" alt=\"Servicio WMS-C Ortofotograf\u00edas\" \/><\/a><\/div>\r\n <div class=\"wpfilebase-rightcol\">\r\n  <div class=\"wpfilebase-filetitle\">\r\n   <a href=\"https:\/\/www.geoportaligm.gob.ec\/portal\/?wpfb_dl=156\" title=\"Download Servicio WMS-C Ortofotograf\u00edas\">Servicio WMS-C Ortofotograf\u00edas<\/a><br \/>\r\n   Servicios WMS-C_ORTOFOTOS.txt<br \/>\r\n   Version: 1.1.1<br \/>\r\n   \r\n  <\/div>\r\n  <div class=\"wpfilebase-filedetails\" id=\"wpfilebase-filedetails5\" style=\"display: none;\">\r\n  <p><\/p>\r\n  <table border=\"0\">\r\n   \r\n   <tr><td><strong>Autor:<\/strong><\/td><td>Gesti\u00f3n IDES<\/td><\/tr>\r\n   <tr><td><strong>Platforms:<\/strong><\/td><td>Windows 7<\/td><\/tr>\r\n   \r\n   <tr><td><strong>Category:<\/strong><\/td><td>Servicios<\/td><\/tr>\r\n   <tr><td><strong>License:<\/strong><\/td><td><a href=\"http:\/\/creativecommons.org\/licenses\/by-nc-sa\/3.0\/\" target=\"_blank\">CC Attribution-NonCommercial-ShareAlike<\/a><\/td><\/tr>\r\n   <tr><td><strong>Date:<\/strong><\/td><td>2013\/04\/11<\/td><\/tr>\r\n   \n  <\/table>\r\n  <\/div>\r\n <\/div>\r\n <div class=\"wpfilebase-fileinfo\">\r\n  354.0 B<br \/>\r\n  2260 Downloads<br \/>\r\n  <a href=\"#\" onclick=\"return wpfilebase_filedetails(5);\">Details...<\/a>\r\n <\/div>\r\n <div style=\"clear: both;\"><\/div>\r\n<\/div><\/td>\n<\/tr>\n<\/table>\n<p><\/body><br \/>\n<\/html><\/p>\n<p><center><\/p>\n<h2 style=\"background-color: dodgerblue;\">NOTA IMPORTANTE<\/h2>\n<p><\/center><\/p>\n<p style=\"text-align: center;\">Recuerde que estas direcciones no son p\u00e1ginas web. Copie y pegue la URL del servicio apropiado en su cliente WMS-C. Para acceder a los manuales t\u00e9cnicos correspondientes dar <a href=\"https:\/\/www.geoportaligm.gob.ec\/portal\/index.php\/portafolio\/descarga-de-manuales-tecnicos\/\">click aqu\u00ed.<\/a><\/p>\n","protected":false},"excerpt":{"rendered":"<p>DESCARGAS DE SERVICIOS WMS &#8211; C DEL IGM NOTA IMPORTANTE Recuerde que estas direcciones no son p\u00e1ginas web. Copie y pegue la URL del servicio apropiado en su cliente WMS-C. Para acceder a los manuales t\u00e9cnicos correspondientes dar click aqu\u00ed.<\/p>\n","protected":false},"author":1,"featured_media":0,"parent":0,"menu_order":0,"comment_status":"closed","ping_status":"closed","template":"full-width-page.php","meta":[],"_links":{"self":[{"href":"https:\/\/www.geoportaligm.gob.ec\/portal\/index.php\/wp-json\/wp\/v2\/pages\/62"}],"collection":[{"href":"https:\/\/www.geoportaligm.gob.ec\/portal\/index.php\/wp-json\/wp\/v2\/pages"}],"about":[{"href":"https:\/\/www.geoportaligm.gob.ec\/portal\/index.php\/wp-json\/wp\/v2\/types\/page"}],"author":[{"embeddable":true,"href":"https:\/\/www.geoportaligm.gob.ec\/portal\/index.php\/wp-json\/wp\/v2\/users\/1"}],"replies":[{"embeddable":true,"href":"https:\/\/www.geoportaligm.gob.ec\/portal\/index.php\/wp-json\/wp\/v2\/comments?post=62"}],"version-history":[{"count":1,"href":"https:\/\/www.geoportaligm.gob.ec\/portal\/index.php\/wp-json\/wp\/v2\/pages\/62\/revisions"}],"predecessor-version":[{"id":5176,"href":"https:\/\/www.geoportaligm.gob.ec\/portal\/index.php\/wp-json\/wp\/v2\/pages\/62\/revisions\/5176"}],"wp:attachment":[{"href":"https:\/\/www.geoportaligm.gob.ec\/portal\/index.php\/wp-json\/wp\/v2\/media?parent=62"}],"curies":[{"name":"wp","href":"https:\/\/api.w.org\/{rel}","templated":true}]}}