{"id":607,"date":"2017-04-12T10:32:01","date_gmt":"2017-04-12T15:32:01","guid":{"rendered":"http:\/\/192.168.4.97\/portal\/?page_id=607"},"modified":"2022-08-26T07:45:21","modified_gmt":"2022-08-26T12:45:21","slug":"estudios-geograficos","status":"publish","type":"page","link":"https:\/\/www.geoportaligm.gob.ec\/portal\/index.php\/estudios-geograficos\/","title":{"rendered":"Estudios Geogr\u00e1ficos"},"content":{"rendered":"<h2><\/h2>\n<p>\t\t\t\t<img decoding=\"async\" src=\"https:\/\/www.geoportaligm.gob.ec\/portal\/wp-content\/uploads\/2017\/11\/EST-GEO.png\" alt=\"EST-GEO\" itemprop=\"image\"  \/><\/p>\n<p style=\"text-align: center;\">El \u00e1rea de Estudios Geogr\u00e1ficos, tiene como prop\u00f3sito el utilizar la cartograf\u00eda base generada y aplicar las diferentes tem\u00e1ticas para elaborar productos que aporten a los sectores: educativos, tur\u00edsticos, de planificaci\u00f3n, entre otros.<\/p>\n<p>\t<head><br \/>\n    <meta charset=\"utf-8\"\/><br \/>\n    <meta name=\"viewport\" content=\"width=device-width, user-scalable=no, initial-scale=1.0, minimun-scale=1.0\"\/><br \/>\n    <title><\/title><\/p>\n<style>\n        * {\n  box-sizing: border-box;\n   }\nbody {\n  margin: 0;\n  font-family: sans-serif;\n  color: #333;\n   }\nh1 {\n  text-align: center;\n  color: #000;\n}\n.table-rwd {\n  font-size: .85em;\n  border: 1px solid rgba(181, 213, 144, 0.5);\n  color: #666;\n  border-collapse: collapse;\n  margin-left: auto;\n  margin-right: auto;\n   }\n  .table-rwd td, .table-rwd th {\n    padding: .8em;\n    border-bottom: 1px solid rgba(181, 213, 144, 0.5);\n     }\n  .table-rwd th {\n    background: #8bb74e;\n    color: #fff;\n    font-weight: normal;\n    text-align: center;\n  }\n  .table-rwd td {\n    text-align: center; \n  }\n    \/*.table-rwd td:before {\n      color: #1A8CFF; }\n    .table-rwd td:after {\n       }*\/\n    .table-rwd td:first-of-type {\n      text-align: center;\n      padding: .8em;\n    border-bottom: 1px solid rgba(181, 213, 144, 0.5);\n       }\n      \/*.table-rwd td:first-of-type:before {\n         }\n      .table-rwd td:first-of-type:after {\n         }*\/\n  .table-rwd tr:hover {\n    background: rgba(181, 213, 144, 0.5); }\n  .table-rwd tr td:nth-child(2n) {\n    background: rgba(181, 213, 144, 0.5); }\n.table-container {\n  overflow-x: auto; \n}\n.table-rwd {\n  min-width: 900px; }\n  .table-rwd td:first-child {\n    position: static;\n    background: #fff;\n    width: auto;\n    }\n  .table-rwd th:first-child {\n    width: 45%;\n     }\n  .table-rwd tr:hover td:first-child {\n    background: #8bb74e;\n    color: #fff; }\n    <\/style>\n<p>  <\/head><br \/>\n  <body><\/p>\n<table>\n<tr>\n<th>NOMBRE<\/th>\n<th>FORMATO<\/th>\n<th>A\u00d1O<\/th>\n<th>TAMA\u00d1O<\/th>\n<th>DETALLE<\/th>\n<th>DESCARGAR<\/th>\n<\/tr>\n<tr>\n<td>Metodolog\u00eda Estudios Geogr\u00e1ficos<\/td>\n<td>PDF<\/td>\n<td>2014<\/td>\n<td>326.1 KiB<\/td>\n<td>Informaci\u00f3n Cualitativa<\/td>\n<td><a target=\"_blank\" tabindex=\"-1\" href=\"https:\/\/www.geoportaligm.gob.ec\/portal\/?wpfb_dl=185\"><img decoding=\"async\" loading=\"lazy\" src=\"https:\/\/www.geoportaligm.gob.ec\/portal\/wp-content\/uploads\/2017\/05\/descargas.png\" width=\"25px\" height=\"25px\" align=\"center\"><\/a><\/td>\n<\/tr>\n<tr>\n<td>Metodolog\u00eda Estudios Geogr\u00e1ficos<\/td>\n<td>PDF<\/td>\n<td>2008<\/td>\n<td>499.9 KiB<\/td>\n<td>Informaci\u00f3n Cuantitativa<\/td>\n<td><a target=\"_blank\" tabindex=\"-1\" href=\"https:\/\/www.geoportaligm.gob.ec\/portal\/?wpfb_dl=186\"><img decoding=\"async\" loading=\"lazy\" src=\"https:\/\/www.geoportaligm.gob.ec\/portal\/wp-content\/uploads\/2017\/05\/descargas.png\" width=\"25px\" height=\"25px\" align=\"center\"><\/a><\/td>\n<\/tr>\n<\/table>\n<p>  <\/body><\/p>\n<h2 style=\"text-align: center;\"><strong>Libro: Suelos del Ecuador. Clasificaci\u00f3n, Uso y Manejo<\/strong><\/h2>\n<p>\t<head><br \/>\n    <meta charset=\"utf-8\"\/><br \/>\n    <meta name=\"viewport\" content=\"width=device-width, user-scalable=no, initial-scale=1.0, minimun-scale=1.0\"\/><br \/>\n  <!--<link rel=\"stylesheet\" href=\"styles.css\"\/>--><br \/>\n    <title><\/title><\/p>\n<style>\n        * {\n  box-sizing: border-box;\n   }\nbody {\n  margin: 0;\n  font-family: sans-serif;\n  color: #333;\n   }\nh1 {\n  text-align: center;\n  color: #000;\n}\n.table-rwd {\n  font-size: .85em;\n  border: 1px solid rgba(181, 213, 144, 0.5);\n  color: #666;\n  border-collapse: collapse;\n  margin-left: auto;\n  margin-right: auto;\n   }\n  .table-rwd td, .table-rwd th {\n    padding: .8em;\n    border-bottom: 1px solid rgba(181, 213, 144, 0.5);\n     }\n  .table-rwd th {\n    background: #8bb74e;\n    color: #fff;\n    font-weight: normal;\n    text-align: center;\n  }\n  .table-rwd td {\n    text-align: center; \n  }\n    \/*.table-rwd td:before {\n      color: #1A8CFF; }\n    .table-rwd td:after {\n       }*\/\n    .table-rwd td:first-of-type {\n      text-align: center;\n      padding: .8em;\n    border-bottom: 1px solid rgba(181, 213, 144, 0.5);\n       }\n      \/*.table-rwd td:first-of-type:before {\n         }\n      .table-rwd td:first-of-type:after {\n         }*\/\n  .table-rwd tr:hover {\n    background: rgba(181, 213, 144, 0.5); }\n  .table-rwd tr td:nth-child(2n) {\n    background: rgba(181, 213, 144, 0.5); }\n.table-container {\n  overflow-x: auto; \n}\n.table-rwd {\n  min-width: 900px; }\n  .table-rwd td:first-child {\n    position: static;\n    background: #fff;\n    width: auto;\n    }\n  .table-rwd th:first-child {\n    width: 45%;\n     }\n  .table-rwd tr:hover td:first-child {\n    background: #8bb74e;\n    color: #fff; }\n    <\/style>\n<p>  <\/head><br \/>\n  <body><\/p>\n<table>\n<tr>\n<th>NOMBRE<\/th>\n<th>FORMATO<\/th>\n<th>A\u00d1O<\/th>\n<th>TAMA\u00d1O<\/th>\n<th>DETALLE<\/th>\n<th>DESCARGAR<\/th>\n<\/tr>\n<tr>\n<td>Suelos del Ecuador. Clasificaci\u00f3n, Uso y Manejo<\/td>\n<td>PDF<\/td>\n<td>2022<\/td>\n<td>60.8 MB<\/td>\n<td>Informaci\u00f3n Nivel Pa\u00eds<\/td>\n<td><a target=\"_blank\" tabindex=\"-1\" href=\"\/\/www.geoportaligm.gob.ec\/portal\/index.php\/download\/suelos-del-ecuador-clasificacion-uso-y-manejo\/?wpdmdl=5586&amp;refresh=69d024001ac441775248384&#039;;return false;&quot;&gt;Descargar&lt;\/a&gt;\n        &lt;\/div&gt;\n    &lt;\/div&gt;\n\n&lt;\/div&gt;\n&lt;div style=&quot;clear: both&quot;&gt;&lt;\/div&gt;\n\n&lt;\/div&gt;\"><img decoding=\"async\" loading=\"lazy\" src=\"https:\/\/www.geoportaligm.gob.ec\/portal\/wp-content\/uploads\/2017\/05\/descargas.png\" width=\"25px\" height=\"25px\" align=\"center\"><\/a><\/td>\n<\/tr>\n<tr>\n<td>Cap.1 Visi\u00f3n General de los Suelos de Ecuador<\/td>\n<td>PDF<\/td>\n<td>2022<\/td>\n<td>13.8 MB<\/td>\n<td>Informaci\u00f3n Nivel Pa\u00eds<\/td>\n<td><a target=\"_blank\" tabindex=\"-1\" href=\"\/\/www.geoportaligm.gob.ec\/portal\/index.php\/download\/cap-1-vision-general-de-los-suelos-de-ecuador\/?wpdmdl=5556&amp;refresh=69d024001b92a1775248384&#039;;return false;&quot;&gt;Descargar&lt;\/a&gt;\n        &lt;\/div&gt;\n    &lt;\/div&gt;\n\n&lt;\/div&gt;\n&lt;div style=&quot;clear: both&quot;&gt;&lt;\/div&gt;\n\n&lt;\/div&gt;\"><img decoding=\"async\" loading=\"lazy\" src=\"https:\/\/www.geoportaligm.gob.ec\/portal\/wp-content\/uploads\/2017\/05\/descargas.png\" width=\"25px\" height=\"25px\" align=\"center\"><\/a><\/td>\n<\/tr>\n<tr>\n<td>Cap.2 Suelos de la Costa<\/td>\n<td>PDF<\/td>\n<td>2022<\/td>\n<td>7.5 MB<\/td>\n<td>Informaci\u00f3n Nivel Pa\u00eds<\/td>\n<td><a target=\"_blank\" tabindex=\"-1\" href=\"\/\/www.geoportaligm.gob.ec\/portal\/index.php\/download\/cap-2-suelos-de-la-costa\/?wpdmdl=5559&amp;refresh=69d024001c2211775248384&#039;;return false;&quot;&gt;Descargar&lt;\/a&gt;\n        &lt;\/div&gt;\n    &lt;\/div&gt;\n\n&lt;\/div&gt;\n&lt;div style=&quot;clear: both&quot;&gt;&lt;\/div&gt;\n\n&lt;\/div&gt;\"><img decoding=\"async\" loading=\"lazy\" src=\"https:\/\/www.geoportaligm.gob.ec\/portal\/wp-content\/uploads\/2017\/05\/descargas.png\" width=\"25px\" height=\"25px\" align=\"center\"><\/a><\/td>\n<\/tr>\n<tr>\n<td>Cap.3 Suelos de la Sierra<\/td>\n<td>PDF<\/td>\n<td>2022<\/td>\n<td>9 MB<\/td>\n<td>Informaci\u00f3n Nivel Pa\u00eds<\/td>\n<td><a target=\"_blank\" tabindex=\"-1\" href=\"\/\/www.geoportaligm.gob.ec\/portal\/index.php\/download\/cap-3-suelos-de-la-tierra\/?wpdmdl=5561&amp;refresh=69d024001cb641775248384&#039;;return false;&quot;&gt;Descargar&lt;\/a&gt;\n        &lt;\/div&gt;\n    &lt;\/div&gt;\n\n&lt;\/div&gt;\n&lt;div style=&quot;clear: both&quot;&gt;&lt;\/div&gt;\n\n&lt;\/div&gt;\"><img decoding=\"async\" loading=\"lazy\" src=\"https:\/\/www.geoportaligm.gob.ec\/portal\/wp-content\/uploads\/2017\/05\/descargas.png\" width=\"25px\" height=\"25px\" align=\"center\"><\/a><\/td>\n<\/tr>\n<tr>\n<td>Cap.4 Suelos del Oriente<\/td>\n<td>PDF<\/td>\n<td>2022<\/td>\n<td>5.6 MB<\/td>\n<td>Informaci\u00f3n Nivel Pa\u00eds<\/td>\n<td><a target=\"_blank\" tabindex=\"-1\" href=\"\/\/www.geoportaligm.gob.ec\/portal\/index.php\/download\/cap-4-suelos-del-oriente\/?wpdmdl=5564&amp;refresh=69d024001d45a1775248384&#039;;return false;&quot;&gt;Descargar&lt;\/a&gt;\n        &lt;\/div&gt;\n    &lt;\/div&gt;\n\n&lt;\/div&gt;\n&lt;div style=&quot;clear: both&quot;&gt;&lt;\/div&gt;\n\n&lt;\/div&gt;\"><img decoding=\"async\" loading=\"lazy\" src=\"https:\/\/www.geoportaligm.gob.ec\/portal\/wp-content\/uploads\/2017\/05\/descargas.png\" width=\"25px\" height=\"25px\" align=\"center\"><\/a><\/td>\n<\/tr>\n<tr>\n<td>Cap.5 Suelos de las Islas Gal\u00e1pagos<\/td>\n<td>PDF<\/td>\n<td>2022<\/td>\n<td>2.5 MB<\/td>\n<td>Informaci\u00f3n Nivel Pa\u00eds<\/td>\n<td><a target=\"_blank\" tabindex=\"-1\" href=\"\/\/www.geoportaligm.gob.ec\/portal\/index.php\/download\/cap-5-suelos-de-las-islas-galapagos\/?wpdmdl=5566&amp;refresh=69d024001dd7c1775248384&#039;;return false;&quot;&gt;Descargar&lt;\/a&gt;\n        &lt;\/div&gt;\n    &lt;\/div&gt;\n\n&lt;\/div&gt;\n&lt;div style=&quot;clear: both&quot;&gt;&lt;\/div&gt;\n\n&lt;\/div&gt;\"><img decoding=\"async\" loading=\"lazy\" src=\"https:\/\/www.geoportaligm.gob.ec\/portal\/wp-content\/uploads\/2017\/05\/descargas.png\" width=\"25px\" height=\"25px\" align=\"center\"><\/a><\/td>\n<\/tr>\n<tr>\n<td>Cap.6 Uso del Suelo en Ecuador<\/td>\n<td>PDF<\/td>\n<td>2022<\/td>\n<td>4.3 MB<\/td>\n<td>Informaci\u00f3n Nivel Pa\u00eds<\/td>\n<td><a target=\"_blank\" tabindex=\"-1\" href=\"\/\/www.geoportaligm.gob.ec\/portal\/index.php\/download\/cap-6-uso-de-suelo-en-ecuador\/?wpdmdl=5568&amp;refresh=69d024001e6691775248384&#039;;return false;&quot;&gt;Descargar&lt;\/a&gt;\n        &lt;\/div&gt;\n    &lt;\/div&gt;\n\n&lt;\/div&gt;\n&lt;div style=&quot;clear: both&quot;&gt;&lt;\/div&gt;\n\n&lt;\/div&gt;\"><img decoding=\"async\" loading=\"lazy\" src=\"https:\/\/www.geoportaligm.gob.ec\/portal\/wp-content\/uploads\/2017\/05\/descargas.png\" width=\"25px\" height=\"25px\" align=\"center\"><\/a><\/td>\n<\/tr>\n<tr>\n<td>Cap.7 Erosi\u00f3n del Suelo en Ecuador<\/td>\n<td>PDF<\/td>\n<td>2022<\/td>\n<td>12.8 MB<\/td>\n<td>Informaci\u00f3n Nivel Pa\u00eds<\/td>\n<td><a target=\"_blank\" tabindex=\"-1\" href=\"\/\/www.geoportaligm.gob.ec\/portal\/index.php\/download\/cap-7-erosion-del-suelo-en-ecuador\/?wpdmdl=5570&amp;refresh=69d024001ef071775248384&#039;;return false;&quot;&gt;Descargar&lt;\/a&gt;\n        &lt;\/div&gt;\n    &lt;\/div&gt;\n\n&lt;\/div&gt;\n&lt;div style=&quot;clear: both&quot;&gt;&lt;\/div&gt;\n\n&lt;\/div&gt;\"><img decoding=\"async\" loading=\"lazy\" src=\"https:\/\/www.geoportaligm.gob.ec\/portal\/wp-content\/uploads\/2017\/05\/descargas.png\" width=\"25px\" height=\"25px\" align=\"center\"><\/a><\/td>\n<\/tr>\n<tr>\n<td>Cap.8 Caracter\u00edsticas de los Suelos en Ecuador y su Manejo<\/td>\n<td>PDF<\/td>\n<td>2022<\/td>\n<td>9.2 MB<\/td>\n<td>Informaci\u00f3n Nivel Pa\u00eds<\/td>\n<td><a target=\"_blank\" tabindex=\"-1\" href=\"\/\/www.geoportaligm.gob.ec\/portal\/index.php\/download\/cap-8-caracteristicas-los-suelos-en-ecuador-y-su-manejo\/?wpdmdl=5573&amp;refresh=69d024001f7bb1775248384&#039;;return false;&quot;&gt;Descargar&lt;\/a&gt;\n        &lt;\/div&gt;\n    &lt;\/div&gt;\n\n&lt;\/div&gt;\n&lt;div style=&quot;clear: both&quot;&gt;&lt;\/div&gt;\n\n&lt;\/div&gt;\"><img decoding=\"async\" loading=\"lazy\" src=\"https:\/\/www.geoportaligm.gob.ec\/portal\/wp-content\/uploads\/2017\/05\/descargas.png\" width=\"25px\" height=\"25px\" align=\"center\"><\/a><\/td>\n<\/tr>\n<tr>\n<td>Cap.9 Microorganismos Ben\u00e9ficos en Suelos de Ecosistemas Naturales y Agroecosistemas del Ecuador<\/td>\n<td>PDF<\/td>\n<td>2022<\/td>\n<td>2.7 MB<\/td>\n<td>Informaci\u00f3n Nivel Pa\u00eds<\/td>\n<td><a target=\"_blank\" tabindex=\"-1\" href=\"\/\/www.geoportaligm.gob.ec\/portal\/index.php\/download\/cap-9-microorganismos-beneficos-en-suelos-de-ecosistemas-naturales-y-agroecosistemas\/?wpdmdl=5575&amp;refresh=69d024002007a1775248384&#039;;return false;&quot;&gt;Descargar&lt;\/a&gt;\n        &lt;\/div&gt;\n    &lt;\/div&gt;\n\n&lt;\/div&gt;\n&lt;div style=&quot;clear: both&quot;&gt;&lt;\/div&gt;\n\n&lt;\/div&gt;\"><img decoding=\"async\" loading=\"lazy\" src=\"https:\/\/www.geoportaligm.gob.ec\/portal\/wp-content\/uploads\/2017\/05\/descargas.png\" width=\"25px\" height=\"25px\" align=\"center\"><\/a><\/td>\n<\/tr>\n<\/table>\n<p>  <\/body><\/p>\n","protected":false},"excerpt":{"rendered":"<p>El \u00e1rea de Estudios Geogr\u00e1ficos, tiene como prop\u00f3sito el utilizar la cartograf\u00eda base generada y aplicar las diferentes tem\u00e1ticas para elaborar productos que aporten a los sectores: educativos, tur\u00edsticos, de planificaci\u00f3n, entre otros. NOMBRE FORMATO A\u00d1O TAMA\u00d1O DETALLE DESCARGAR Metodolog\u00eda Estudios Geogr\u00e1ficos PDF 2014 326.1 KiB Informaci\u00f3n Cualitativa Metodolog\u00eda Estudios Geogr\u00e1ficos PDF 2008 499.9 KiB <a class=\"moretag\" href=\"https:\/\/www.geoportaligm.gob.ec\/portal\/index.php\/estudios-geograficos\/\">Read More &#8230;<\/a><\/p>\n","protected":false},"author":1,"featured_media":0,"parent":0,"menu_order":0,"comment_status":"closed","ping_status":"closed","template":"full-width-page.php","meta":[],"_links":{"self":[{"href":"https:\/\/www.geoportaligm.gob.ec\/portal\/index.php\/wp-json\/wp\/v2\/pages\/607"}],"collection":[{"href":"https:\/\/www.geoportaligm.gob.ec\/portal\/index.php\/wp-json\/wp\/v2\/pages"}],"about":[{"href":"https:\/\/www.geoportaligm.gob.ec\/portal\/index.php\/wp-json\/wp\/v2\/types\/page"}],"author":[{"embeddable":true,"href":"https:\/\/www.geoportaligm.gob.ec\/portal\/index.php\/wp-json\/wp\/v2\/users\/1"}],"replies":[{"embeddable":true,"href":"https:\/\/www.geoportaligm.gob.ec\/portal\/index.php\/wp-json\/wp\/v2\/comments?post=607"}],"version-history":[{"count":22,"href":"https:\/\/www.geoportaligm.gob.ec\/portal\/index.php\/wp-json\/wp\/v2\/pages\/607\/revisions"}],"predecessor-version":[{"id":5685,"href":"https:\/\/www.geoportaligm.gob.ec\/portal\/index.php\/wp-json\/wp\/v2\/pages\/607\/revisions\/5685"}],"wp:attachment":[{"href":"https:\/\/www.geoportaligm.gob.ec\/portal\/index.php\/wp-json\/wp\/v2\/media?parent=607"}],"curies":[{"name":"wp","href":"https:\/\/api.w.org\/{rel}","templated":true}]}}