{"id":584,"date":"2017-04-11T18:36:50","date_gmt":"2017-04-11T23:36:50","guid":{"rendered":"http:\/\/192.168.4.97\/portal\/?page_id=584"},"modified":"2019-07-05T10:50:19","modified_gmt":"2019-07-05T15:50:19","slug":"enlaces-google-earth","status":"publish","type":"page","link":"https:\/\/www.geoportaligm.gob.ec\/portal\/index.php\/descargas\/enlaces-google-earth\/","title":{"rendered":"Enlaces Google Earth"},"content":{"rendered":"<h2><\/h2>\n<p>\t\t\t\t<img decoding=\"async\" src=\"https:\/\/www.geoportaligm.gob.ec\/portal\/wp-content\/uploads\/2017\/11\/google.png\" alt=\"google\" itemprop=\"image\"  \/><br \/>\n\t<!DOCTYPE html><br \/>\n<html><br \/>\n    <head><\/p>\n<style>\n            p{\n                border: 1px solid Tomato;\n            }\n        <\/style>\n<p>    <\/head><br \/>\n    <body><\/p>\n<h1>\n<h1>\n<p>Escala Nacional 1:1&#8217;000.000<\/P><br \/>\n        <\/h1>\n<\/h1>\n<p>El Instituto Geogr\u00e1fico Militar del Ecuador pone a disposici\u00f3n del p\u00fablico en general, la informaci\u00f3n oficial generada por este Instituto en formato KML.<br \/>\nRecomendaciones:<br \/>\nLas Capas de Informaci\u00f3n Geogr\u00e1fica, que a continuaci\u00f3n se presentan, se mostrar\u00e1n en la carpeta de lugares temporales de Google EarthTM.<br \/>\nSe recomienda realizar acercamientos a la informaci\u00f3n para que se pueda desplegar mayor detalle, pues nuestras capas est\u00e1n controladas para visualizarce seg\u00fan la escala.<br \/>\n    <\/body><br \/>\n<\/html><br \/>\n\t<head><br \/>\n   <meta charset=\"utf-8\"\/><br \/>\n    <meta name=\"viewport\" content=\"width=device-width, user-scalable=no, initial-scale=1.0, minimun-scale=1.0\"\/><br \/>\n    <title><\/title><\/p>\n<style>\n        * {\n  box-sizing: border-box;\n   }\nbody {\n  margin: 0;\n  font-family: sans-serif;\n  color: #333;\n   }\nh1 {\n  text-align: center;\n  color: #000;\n}\n.table-rwd {\n  font-size: .85em;\n  border: 1px solid rgba(181, 213, 144, 0.5);\n  color: #666;\n  border-collapse: collapse;\n  margin-left: auto;\n  margin-right: auto;\n   }\n  .table-rwd td, .table-rwd th {\n    padding: .8em;\n    border-bottom: 1px solid rgba(181, 213, 144, 0.5);\n     }\n  .table-rwd th {\n    background: #8bb74e;\n    color: #fff;\n    font-weight: normal;\n    text-align: center;\n  }\n  .table-rwd td {\n    text-align: center; \n  }\n    \/*.table-rwd td:before {\n      color: #1A8CFF; }\n    .table-rwd td:after {\n       }*\/\n    .table-rwd td:first-of-type {\n      text-align: center;\n      padding: .8em;\n    border-bottom: 1px solid rgba(181, 213, 144, 0.5);\n       }\n      \/*.table-rwd td:first-of-type:before {\n         }\n      .table-rwd td:first-of-type:after {\n         }*\/\n  .table-rwd tr:hover {\n    background: rgba(181, 213, 144, 0.5); }\n  .table-rwd tr td:nth-child(2n) {\n    background: rgba(181, 213, 144, 0.5); }\n.table-container {\n  overflow-x: auto; \n}\n.table-rwd {\n  min-width: 900px; }\n  .table-rwd td:first-child {\n    position: static;\n    background: #fff;\n    width: auto;\n    }\n  .table-rwd th:first-child {\n    width: 45%;\n     }\n  .table-rwd tr:hover td:first-child {\n    background: #8bb74e;\n    color: #fff; }\n    <\/style>\n<p>  <\/head><br \/>\n  <body><\/p>\n<table>\n<tr>\n<th>NOMBRE<\/th>\n<th>FORMATO<\/th>\n<th>A\u00d1O<\/th>\n<th>TAMA\u00d1O<\/th>\n<th>DESCARGAR<\/th>\n<\/tr>\n<tr>\n<td>Aeropuertos<\/td>\n<td>KML<\/td>\n<td>2012<\/td>\n<td>Escala Nacional 1:1.000.000<\/td>\n<td><a target=\"\" tabindex=\"-1\" href=\"https:\/\/www.geoportaligm.gob.ec\/portal\/wp-content\/uploads\/2013\/02\/aeropuertos.rar\"><img decoding=\"async\" loading=\"lazy\" src=\"https:\/\/www.geoportaligm.gob.ec\/portal\/wp-content\/uploads\/2017\/05\/descargas.png\" width=\"25px\" height=\"25px\" align=\"center\"><\/a><\/td>\n<\/tr>\n<tr>\n<td>Islas<\/td>\n<td>KML<\/td>\n<td>2013<\/td>\n<td>Escala Nacional 1:1.000.000<\/td>\n<td><a target=\"_blank\" tabindex=\"-1\" href=\"https:\/\/www.geoportaligm.gob.ec\/portal\/wp-content\/uploads\/2013\/02\/islas.rar\"><img decoding=\"async\" loading=\"lazy\" src=\"https:\/\/www.geoportaligm.gob.ec\/portal\/wp-content\/uploads\/2017\/05\/descargas.png\" width=\"25px\" height=\"25px\" align=\"center\"><\/a><\/td>\n<\/tr>\n<tr>\n<td>Lago \/ Laguna<\/td>\n<td>KML<\/td>\n<td>2013<\/td>\n<td>Escala Nacional 1:1.000.000<\/td>\n<td><a target=\"_blank\" tabindex=\"-1\" href=\"https:\/\/www.geoportaligm.gob.ec\/portal\/wp-content\/uploads\/2013\/02\/lago_laguna.rar\"><img decoding=\"async\" loading=\"lazy\" src=\"https:\/\/www.geoportaligm.gob.ec\/portal\/wp-content\/uploads\/2017\/05\/descargas.png\" width=\"25px\" height=\"25px\" align=\"center\"><\/a><\/td>\n<\/tr>\n<tr>\n<td>Limite Costero<\/td>\n<td>KML<\/td>\n<td>2013<\/td>\n<td>Escala Nacional 1:1.000.000<\/td>\n<td><a target=\"_blank\" tabindex=\"-1\" href=\"https:\/\/www.geoportaligm.gob.ec\/portal\/wp-content\/uploads\/2013\/02\/lim_costanero.rar\"><img decoding=\"async\" loading=\"lazy\" src=\"https:\/\/www.geoportaligm.gob.ec\/portal\/wp-content\/uploads\/2017\/05\/descargas.png\" width=\"25px\" height=\"25px\" align=\"center\"><\/a><\/td>\n<\/tr>\n<tr>\n<td>Limite Internacional<\/td>\n<td>KML<\/td>\n<td>2013<\/td>\n<td>Escala Nacional 1:1.000.000<\/td>\n<td><a target=\"_blank\" tabindex=\"-1\" href=\"https:\/\/www.geoportaligm.gob.ec\/portal\/wp-content\/uploads\/2013\/02\/limite.rar\"><img decoding=\"async\" loading=\"lazy\" src=\"https:\/\/www.geoportaligm.gob.ec\/portal\/wp-content\/uploads\/2017\/05\/descargas.png\" width=\"25px\" height=\"25px\" align=\"center\"><\/a><\/td>\n<\/tr>\n<tr>\n<td>Poblados<\/td>\n<td>KML<\/td>\n<td>2013<\/td>\n<td>Escala Nacional 1:1.000.000<\/td>\n<td><a target=\"_blank\" tabindex=\"-1\" href=\"https:\/\/www.geoportaligm.gob.ec\/portal\/wp-content\/uploads\/2013\/02\/poblados.rar\"><img decoding=\"async\" loading=\"lazy\" src=\"https:\/\/www.geoportaligm.gob.ec\/portal\/wp-content\/uploads\/2017\/05\/descargas.png\" width=\"25px\" height=\"25px\" align=\"center\"><\/a><\/td>\n<\/tr>\n<tr>\n<td>Provincias<\/td>\n<td>KML<\/td>\n<td>2013<\/td>\n<td>Escala Nacional 1:2.000.000<\/td>\n<td><a target=\"_blank\" tabindex=\"-1\" href=\"https:\/\/www.geoportaligm.gob.ec\/portal\/wp-content\/uploads\/2013\/02\/provincias.rar\"><img decoding=\"async\" loading=\"lazy\" src=\"https:\/\/www.geoportaligm.gob.ec\/portal\/wp-content\/uploads\/2017\/05\/descargas.png\" width=\"25px\" height=\"25px\" align=\"center\"><\/a><\/td>\n<\/tr>\n<tr>\n<td>Represas<\/td>\n<td>KML<\/td>\n<td>2013<\/td>\n<td>Escala Nacional 1:1.000.000<\/td>\n<td><a target=\"_blank\" tabindex=\"-1\" href=\"https:\/\/www.geoportaligm.gob.ec\/portal\/wp-content\/uploads\/2013\/02\/represas.rar\"><img decoding=\"async\" loading=\"lazy\" src=\"https:\/\/www.geoportaligm.gob.ec\/portal\/wp-content\/uploads\/2017\/05\/descargas.png\" width=\"25px\" height=\"25px\" align=\"center\"><\/a><\/td>\n<tr>\n<td>Rio Doble<\/td>\n<td>KML<\/td>\n<td>2013<\/td>\n<td>Escala Nacional 1:1.000.000<\/td>\n<td><a target=\"_blank\" tabindex=\"-1\" href=\"https:\/\/www.geoportaligm.gob.ec\/portal\/wp-content\/uploads\/2013\/02\/rio_doble.rar\"><img decoding=\"async\" loading=\"lazy\" src=\"https:\/\/www.geoportaligm.gob.ec\/portal\/wp-content\/uploads\/2017\/05\/descargas.png\" width=\"25px\" height=\"25px\" align=\"center\"><\/a><\/td>\n<\/tr>\n<tr>\n<td>Rio Torrente<\/td>\n<td>KML<\/td>\n<td>2013<\/td>\n<td>Escala Nacional 1:1.000.000<\/td>\n<td><a target=\"_blank\" tabindex=\"-1\" href=\"https:\/\/www.geoportaligm.gob.ec\/portal\/wp-content\/uploads\/2013\/02\/rio_torrente.rar\"><img decoding=\"async\" loading=\"lazy\" src=\"https:\/\/www.geoportaligm.gob.ec\/portal\/wp-content\/uploads\/2017\/05\/descargas.png\" width=\"25px\" height=\"25px\" align=\"center\"><\/a><\/td>\n<\/tr>\n<tr>\n<td>Vias<\/td>\n<td>KML<\/td>\n<td>2013<\/td>\n<td>Escala Nacional 1:1.000.000<\/td>\n<td><a target=\"_blank\" tabindex=\"-1\" href=\"https:\/\/www.geoportaligm.gob.ec\/portal\/wp-content\/uploads\/2013\/02\/vias.rar\"><img decoding=\"async\" loading=\"lazy\" src=\"https:\/\/www.geoportaligm.gob.ec\/portal\/wp-content\/uploads\/2017\/05\/descargas.png\" width=\"25px\" height=\"25px\" align=\"center\"><\/a><\/td>\n<\/tr>\n<tr>\n<td>Ferrocarril<\/td>\n<td>KML<\/td>\n<td>2013<\/td>\n<td>Escala Nacional 1:1.000.000<\/td>\n<td><a target=\"_blank\" tabindex=\"-1\" href=\"https:\/\/www.geoportaligm.gob.ec\/portal\/wp-content\/uploads\/2013\/02\/ferrocarril.rar\"><img decoding=\"async\" loading=\"lazy\" src=\"https:\/\/www.geoportaligm.gob.ec\/portal\/wp-content\/uploads\/2017\/05\/descargas.png\" width=\"25px\" height=\"25px\" align=\"center\"><\/a><\/td>\n<\/tr>\n<\/table>\n<p>  <\/body><\/p>\n","protected":false},"excerpt":{"rendered":"<p>Escala Nacional 1:1&#8217;000.000 El Instituto Geogr\u00e1fico Militar del Ecuador pone a disposici\u00f3n del p\u00fablico en general, la informaci\u00f3n oficial generada por este Instituto en formato KML. Recomendaciones: Las Capas de Informaci\u00f3n Geogr\u00e1fica, que a continuaci\u00f3n se presentan, se mostrar\u00e1n en la carpeta de lugares temporales de Google EarthTM. Se recomienda realizar acercamientos a la informaci\u00f3n <a class=\"moretag\" href=\"https:\/\/www.geoportaligm.gob.ec\/portal\/index.php\/descargas\/enlaces-google-earth\/\">Read More &#8230;<\/a><\/p>\n","protected":false},"author":1,"featured_media":0,"parent":746,"menu_order":0,"comment_status":"closed","ping_status":"closed","template":"full-width-page.php","meta":[],"_links":{"self":[{"href":"https:\/\/www.geoportaligm.gob.ec\/portal\/index.php\/wp-json\/wp\/v2\/pages\/584"}],"collection":[{"href":"https:\/\/www.geoportaligm.gob.ec\/portal\/index.php\/wp-json\/wp\/v2\/pages"}],"about":[{"href":"https:\/\/www.geoportaligm.gob.ec\/portal\/index.php\/wp-json\/wp\/v2\/types\/page"}],"author":[{"embeddable":true,"href":"https:\/\/www.geoportaligm.gob.ec\/portal\/index.php\/wp-json\/wp\/v2\/users\/1"}],"replies":[{"embeddable":true,"href":"https:\/\/www.geoportaligm.gob.ec\/portal\/index.php\/wp-json\/wp\/v2\/comments?post=584"}],"version-history":[{"count":0,"href":"https:\/\/www.geoportaligm.gob.ec\/portal\/index.php\/wp-json\/wp\/v2\/pages\/584\/revisions"}],"up":[{"embeddable":true,"href":"https:\/\/www.geoportaligm.gob.ec\/portal\/index.php\/wp-json\/wp\/v2\/pages\/746"}],"wp:attachment":[{"href":"https:\/\/www.geoportaligm.gob.ec\/portal\/index.php\/wp-json\/wp\/v2\/media?parent=584"}],"curies":[{"name":"wp","href":"https:\/\/api.w.org\/{rel}","templated":true}]}}