{"id":582,"date":"2017-04-11T18:31:25","date_gmt":"2017-04-11T23:31:25","guid":{"rendered":"http:\/\/192.168.4.97\/portal\/?page_id=582"},"modified":"2023-01-12T15:19:47","modified_gmt":"2023-01-12T20:19:47","slug":"normativa","status":"publish","type":"page","link":"https:\/\/www.geoportaligm.gob.ec\/portal\/index.php\/descargas\/normativa\/","title":{"rendered":"Normativa"},"content":{"rendered":"<p>\t\t\t\t<img decoding=\"async\" src=\"https:\/\/www.geoportaligm.gob.ec\/portal\/wp-content\/uploads\/2017\/04\/NORMATIVA-P2.png\" alt=\"NORMATIVA-P2\" itemprop=\"image\"  \/><\/p>\n<p style=\"text-align: left;\">La Gesti\u00f3n Normativa del IGM se encarga de elaborar, divulgar y verificar la aplicaci\u00f3n de normas t\u00e9cnicas ecuatorianas relacionadas con el \u00e1mbito geogr\u00e1fico, acorde a los par\u00e1metros internacionales y concordantes con las necesidades del pa\u00eds para controlar el cumplimiento de la <strong>LEY DE LA CARTOGRAFIA NACIONAL Y SU REGLAMENTO.<\/strong><br \/>\u00a0\u00a0\u00a0<\/p>\n<h2 style=\"text-align: center;\"><strong>Usuarios Registrados en el IGM<\/strong><\/h2>\n<p>&nbsp;<\/p>\n<p style=\"text-align: left;\">A continuaci\u00f3n, encontrar\u00e1 el listado de Personas Naturales y Jur\u00eddicas registradas en el Instituto Geogr\u00e1fico Militar para trabajos cartogr\u00e1ficos.<\/p>\n<table>\n<tr>\n<th>NOMBRE<\/th>\n<th>FORMATO<\/th>\n<th>A\u00d1O<\/th>\n<th>TAMA\u00d1O<\/th>\n<th>DETALLE<\/th>\n<th>DESCARGAR<\/th>\n<\/tr>\n<tr>\n<td>Registros Trabajos Cartogr\u00e1ficos Topogr\u00e1fico Persona Natural<\/td>\n<td>PDF<\/td>\n<td>Julio 2022<\/td>\n<td>103 Kb<\/td>\n<td>Versi\u00f3n 4.0<\/td>\n<td><a target=\"_blank\" tabindex=\"-1\" href=\"\/\/www.geoportaligm.gob.ec\/portal\/index.php\/download\/registros-trabajos-cartograficos-topografico-persona-natural\/?wpdmdl=5656&amp;refresh=69f3501c3b3d61777553436&#039;;return false;&quot;&gt;Descargar&lt;\/a&gt;\n        &lt;\/div&gt;\n    &lt;\/div&gt;\n\n&lt;\/div&gt;\n&lt;div style=&quot;clear: both&quot;&gt;&lt;\/div&gt;\n\n&lt;\/div&gt;\"><img decoding=\"async\" loading=\"lazy\" src=\"https:\/\/www.geoportaligm.gob.ec\/portal\/wp-content\/uploads\/2017\/05\/descargas.png\" width=\"25px\" height=\"25px\" align=\"center\"><\/a><\/td>\n<p>          <!--\n\n<td><a target=\"_blank\" tabindex=\"-1\" href=\"https:\/\/www.geoportaligm.gob.ec\/portal\/?wpfb_dl=1229\"><img decoding=\"async\" loading=\"lazy\" src=\"https:\/\/www.geoportaligm.gob.ec\/portal\/wp-content\/uploads\/2017\/05\/descargas.png\" width=\"25px\" height=\"25px\" align=\"center\"><\/a><\/td>\n\n--><br \/>\n        <\/tr>\n<tr>\n<td>Registros Trabajos Cartogr\u00e1ficos Topogr\u00e1fico Persona Jur\u00eddica<\/td>\n<td>PDF<\/td>\n<td>Julio 2022<\/td>\n<td>112 Kb<\/td>\n<td>Versi\u00f3n 4.0<\/td>\n<td><a target=\"_blank\" tabindex=\"-1\" href=\"\/\/www.geoportaligm.gob.ec\/portal\/index.php\/download\/registros-trabajos-cartograficos-topografico-persona-juridica\/?wpdmdl=5657&amp;refresh=69f3501c3c0e61777553436&#039;;return false;&quot;&gt;Descargar&lt;\/a&gt;\n        &lt;\/div&gt;\n    &lt;\/div&gt;\n\n&lt;\/div&gt;\n&lt;div style=&quot;clear: both&quot;&gt;&lt;\/div&gt;\n\n&lt;\/div&gt;\"><img decoding=\"async\" loading=\"lazy\" src=\"https:\/\/www.geoportaligm.gob.ec\/portal\/wp-content\/uploads\/2017\/05\/descargas.png\" width=\"25px\" height=\"25px\" align=\"center\"><\/a><\/td>\n<p>          <!-- \n\n<td><a target=\"_blank\" tabindex=\"-1\" href=\"https:\/\/www.geoportaligm.gob.ec\/portal\/?wpfb_dl=1228\"><img decoding=\"async\" loading=\"lazy\" src=\"https:\/\/www.geoportaligm.gob.ec\/portal\/wp-content\/uploads\/2017\/05\/descargas.png\" width=\"25px\" height=\"25px\" align=\"center\"><\/a><\/td>\n\n--><br \/>\n        <\/tr>\n<tr>\n<td>Registros Trabajos Cartogr\u00e1ficos Tem\u00e1tico Persona Natural<\/td>\n<td>PDF<\/td>\n<td>Julio 2022<\/td>\n<td>58 Kb<\/td>\n<td>Versi\u00f3n 4.0<\/td>\n<td><a target=\"_blank\" tabindex=\"-1\" href=\"\/\/www.geoportaligm.gob.ec\/portal\/index.php\/download\/registros-trabajos-cartograficos-tematico-persona-natural\/?wpdmdl=5658&amp;refresh=69f3501c3c98a1777553436&#039;;return false;&quot;&gt;Descargar&lt;\/a&gt;\n        &lt;\/div&gt;\n    &lt;\/div&gt;\n\n&lt;\/div&gt;\n&lt;div style=&quot;clear: both&quot;&gt;&lt;\/div&gt;\n\n&lt;\/div&gt;\"><img decoding=\"async\" loading=\"lazy\" src=\"https:\/\/www.geoportaligm.gob.ec\/portal\/wp-content\/uploads\/2017\/05\/descargas.png\" width=\"25px\" height=\"25px\" align=\"center\"><\/a><\/td>\n<p>          <!--\n\n<td><a target=\"_blank\" tabindex=\"-1\" href=\"https:\/\/www.geoportaligm.gob.ec\/portal\/?wpfb_dl=1227\"><img decoding=\"async\" loading=\"lazy\" src=\"https:\/\/www.geoportaligm.gob.ec\/portal\/wp-content\/uploads\/2017\/05\/descargas.png\" width=\"25px\" height=\"25px\" align=\"center\"><\/a><\/td>\n\n--><br \/>\n        <\/tr>\n<tr>\n<td>Registros Trabajos Cartogr\u00e1ficos Tem\u00e1tico Persona Jur\u00eddica<\/td>\n<td>PDF<\/td>\n<td>Julio 2022<\/td>\n<td>83 Kb<\/td>\n<td>Versi\u00f3n 4.0<\/td>\n<td><a target=\"_blank\" tabindex=\"-1\" href=\"\/\/www.geoportaligm.gob.ec\/portal\/index.php\/download\/registros-trabajos-cartograficos-tematico-persona-juridica\/?wpdmdl=5659&amp;refresh=69f3501c3d1ed1777553436&#039;;return false;&quot;&gt;Descargar&lt;\/a&gt;\n        &lt;\/div&gt;\n    &lt;\/div&gt;\n\n&lt;\/div&gt;\n&lt;div style=&quot;clear: both&quot;&gt;&lt;\/div&gt;\n\n&lt;\/div&gt;\"><img decoding=\"async\" loading=\"lazy\" src=\"https:\/\/www.geoportaligm.gob.ec\/portal\/wp-content\/uploads\/2017\/05\/descargas.png\" width=\"25px\" height=\"25px\" align=\"center\"><\/a><\/td>\n<p>          <!--\n\n<td><a target=\"_blank\" tabindex=\"-1\" href=\"https:\/\/www.geoportaligm.gob.ec\/portal\/?wpfb_dl=1226\"><img decoding=\"async\" loading=\"lazy\" src=\"https:\/\/www.geoportaligm.gob.ec\/portal\/wp-content\/uploads\/2017\/05\/descargas.png\" width=\"25px\" height=\"25px\" align=\"center\"><\/a><\/td>\n\n--><br \/>\n        <\/tr>\n<tr>\n<td>Registros Publicaciones Cartogr\u00e1ficas Persona Natural<\/td>\n<td>PDF<\/td>\n<td>Julio 2022<\/td>\n<td>50 Kb<\/td>\n<td>Versi\u00f3n 4.0<\/td>\n<td><a target=\"_blank\" tabindex=\"-1\" href=\"\/\/www.geoportaligm.gob.ec\/portal\/index.php\/download\/registros-publicaciones-cartograficas-persona-natural\/?wpdmdl=5660&amp;refresh=69f3501c3d9ed1777553436&#039;;return false;&quot;&gt;Descargar&lt;\/a&gt;\n        &lt;\/div&gt;\n    &lt;\/div&gt;\n\n&lt;\/div&gt;\n&lt;div style=&quot;clear: both&quot;&gt;&lt;\/div&gt;\n\n&lt;\/div&gt;\"><img decoding=\"async\" loading=\"lazy\" src=\"https:\/\/www.geoportaligm.gob.ec\/portal\/wp-content\/uploads\/2017\/05\/descargas.png\" width=\"25px\" height=\"25px\" align=\"center\"><\/a><\/td>\n<p>          <!--\n\n<td><a target=\"_blank\" tabindex=\"-1\" href=\"https:\/\/www.geoportaligm.gob.ec\/portal\/?wpfb_dl=1225\"><img decoding=\"async\" loading=\"lazy\" src=\"https:\/\/www.geoportaligm.gob.ec\/portal\/wp-content\/uploads\/2017\/05\/descargas.png\" width=\"25px\" height=\"25px\" align=\"center\"><\/a><\/td>\n\n--><br \/>\n        <\/tr>\n<tr>\n<td>Registros Publicaciones Cartogr\u00e1ficas Persona Jur\u00eddica<\/td>\n<td>PDF<\/td>\n<td>Julio 2022<\/td>\n<td>52 Kb<\/td>\n<td>Versi\u00f3n 4.0<\/td>\n<td><a target=\"_blank\" tabindex=\"-1\" href=\"\/\/www.geoportaligm.gob.ec\/portal\/index.php\/download\/registros-publicaciones-cartograficas-persona-juridica\/?wpdmdl=5662&amp;refresh=69f3501c3e62d1777553436&#039;;return false;&quot;&gt;Descargar&lt;\/a&gt;\n        &lt;\/div&gt;\n    &lt;\/div&gt;\n\n&lt;\/div&gt;\n&lt;div style=&quot;clear: both&quot;&gt;&lt;\/div&gt;\n\n&lt;\/div&gt;\"><img decoding=\"async\" loading=\"lazy\" src=\"https:\/\/www.geoportaligm.gob.ec\/portal\/wp-content\/uploads\/2017\/05\/descargas.png\" width=\"25px\" height=\"25px\" align=\"center\"><\/a><\/td>\n<p>          <!--\n\n<td><a target=\"_blank\" tabindex=\"-1\" href=\"https:\/\/www.geoportaligm.gob.ec\/portal\/?wpfb_dl=1224\"><img decoding=\"async\" loading=\"lazy\" src=\"https:\/\/www.geoportaligm.gob.ec\/portal\/wp-content\/uploads\/2017\/05\/descargas.png\" width=\"25px\" height=\"25px\" align=\"center\"><\/a><\/td>\n\n--><br \/>\n        <\/tr>\n<\/table>\n<h1 style=\"background-color: dodgerblue;\">Informaci\u00f3n &#8211; 2021<\/h1>\n<h2 style=\"text-align: center;\"><strong>Requisitos Fiscalizaci\u00f3n, Denuncia y Protocolo de Fiscalizaci\u00f3n &#8211; Catastrales<\/strong><\/h2>\n<p>\t<head><br \/>\n    <meta charset=\"utf-8\"\/><br \/>\n    <meta name=\"viewport\" content=\"width=device-width, user-scalable=no, initial-scale=1.0, minimun-scale=1.0\"\/><br \/>\n    <title><\/title><\/p>\n<style>\n        * {\n  box-sizing: border-box;\n   }\nbody {\n  margin: 0;\n  font-family: sans-serif;\n  color: #333;\n   }\nh1 {\n  text-align: center;\n  color: #000;\n}\n.table-rwd {\n  font-size: .85em;\n  border: 1px solid rgba(181, 213, 144, 0.5);\n  color: #666;\n  border-collapse: collapse;\n  margin-left: auto;\n  margin-right: auto;\n   }\n  .table-rwd td, .table-rwd th {\n    padding: .8em;\n    border-bottom: 1px solid rgba(181, 213, 144, 0.5);\n     }\n  .table-rwd th {\n    background: #8bb74e;\n    color: #fff;\n    font-weight: normal;\n    text-align: center;\n  }\n  .table-rwd td {\n    text-align: center; \n  }\n    \/*.table-rwd td:before {\n      color: #1A8CFF; }\n    .table-rwd td:after {\n       }*\/\n    .table-rwd td:first-of-type {\n      text-align: center;\n      padding: .8em;\n    border-bottom: 1px solid rgba(181, 213, 144, 0.5);\n       }\n      \/*.table-rwd td:first-of-type:before {\n         }\n      .table-rwd td:first-of-type:after {\n         }*\/\n  .table-rwd tr:hover {\n    background: rgba(181, 213, 144, 0.5); }\n  .table-rwd tr td:nth-child(2n) {\n    background: rgba(181, 213, 144, 0.5); }\n.table-container {\n  overflow-x: auto; \n}\n.table-rwd {\n  min-width: 900px; }\n  .table-rwd td:first-child {\n    position: static;\n    background: #fff;\n    width: auto;\n    }\n  .table-rwd th:first-child {\n    width: 45%;\n     }\n  .table-rwd tr:hover td:first-child {\n    background: #8bb74e;\n    color: #fff; }\n    <\/style>\n<p>  <\/head><br \/>\n  <body><\/p>\n<table>\n<tr>\n<th>NOMBRE<\/th>\n<th>FORMATO<\/th>\n<th>A\u00d1O<\/th>\n<th>TAMA\u00d1O<\/th>\n<th>DETALLE<\/th>\n<th>DESCARGAR<\/th>\n<\/tr>\n<tr>\n<td>Requisitos Fiscalizaci\u00f3n Proyectos cartogr\u00e1ficos<\/td>\n<td>PDF<\/td>\n<td>2021<\/td>\n<td>101 Kb<\/td>\n<td>Versi\u00f3n 2.0<\/td>\n<td><a target=\"_blank\" tabindex=\"-1\" href=\"https:\/\/www.geoportaligm.gob.ec\/portal\/?wpfb_dl=1206\"><img decoding=\"async\" loading=\"lazy\" src=\"https:\/\/www.geoportaligm.gob.ec\/portal\/wp-content\/uploads\/2017\/05\/descargas.png\" width=\"25px\" height=\"25px\" align=\"center\"><\/a><\/td>\n<\/tr>\n<tr>\n<td>Requisitos Denuncias Proyecto Cartogr\u00e1fico<\/td>\n<td>PDF<\/td>\n<td>2021<\/td>\n<td>120 Kb<\/td>\n<td>Versi\u00f3n 2.0<\/td>\n<td><a target=\"_blank\" tabindex=\"-1\" href=\"https:\/\/www.geoportaligm.gob.ec\/portal\/?wpfb_dl=1207\"><img decoding=\"async\" loading=\"lazy\" src=\"https:\/\/www.geoportaligm.gob.ec\/portal\/wp-content\/uploads\/2017\/05\/descargas.png\" width=\"25px\" height=\"25px\" align=\"center\"><\/a><\/td>\n<\/tr>\n<tr>\n<td>Protocolo de Fiscalizaci\u00f3n de Cartograf\u00eda base con fines Catastrales &#8211; Nuevo !!!<\/td>\n<td>PDF<\/td>\n<td>2019<\/td>\n<td>2.6 Mb<\/td>\n<td>Versi\u00f3n 4.0<\/td>\n<td><a target=\"_blank\" tabindex=\"-1\" href=\"https:\/\/www.geoportaligm.gob.ec\/portal\/?wpfb_dl=1165\"><img decoding=\"async\" loading=\"lazy\" src=\"https:\/\/www.geoportaligm.gob.ec\/portal\/wp-content\/uploads\/2017\/05\/descargas.png\" width=\"25px\" height=\"25px\" align=\"center\"><\/a><\/td>\n<\/tr>\n<p>            <\n        <\/table>\n<p>  <\/body><\/p>\n<p style=\"text-align: center;\"><strong>Requisitos para el Registro en el IGM<\/strong><\/p>\n<p>\t<head><br \/>\n    <meta charset=\"utf-8\"\/><br \/>\n    <meta name=\"viewport\" content=\"width=device-width, user-scalable=no, initial-scale=1.0, minimun-scale=1.0\"\/><br \/>\n    <title><\/title><\/p>\n<style>\n        * {\n  box-sizing: border-box;\n   }\nbody {\n  margin: 0;\n  font-family: sans-serif;\n  color: #333;\n   }\nh1 {\n  text-align: center;\n  color: #000;\n}\n.table-rwd {\n  font-size: .85em;\n  border: 1px solid rgba(181, 213, 144, 0.5);\n  color: #666;\n  border-collapse: collapse;\n  margin-left: auto;\n  margin-right: auto;\n   }\n  .table-rwd td, .table-rwd th {\n    padding: .8em;\n    border-bottom: 1px solid rgba(181, 213, 144, 0.5);\n     }\n  .table-rwd th {\n    background: #8bb74e;\n    color: #fff;\n    font-weight: normal;\n    text-align: center;\n  }\n  .table-rwd td {\n    text-align: center; \n  }\n    \/*.table-rwd td:before {\n      color: #1A8CFF; }\n    .table-rwd td:after {\n       }*\/\n    .table-rwd td:first-of-type {\n      text-align: center;\n      padding: .8em;\n    border-bottom: 1px solid rgba(181, 213, 144, 0.5);\n       }\n      \/*.table-rwd td:first-of-type:before {\n         }\n      .table-rwd td:first-of-type:after {\n         }*\/\n  .table-rwd tr:hover {\n    background: rgba(181, 213, 144, 0.5); }\n  .table-rwd tr td:nth-child(2n) {\n    background: rgba(181, 213, 144, 0.5); }\n.table-container {\n  overflow-x: auto; \n}\n.table-rwd {\n  min-width: 900px; }\n  .table-rwd td:first-child {\n    position: static;\n    background: #fff;\n    width: auto;\n    }\n  .table-rwd th:first-child {\n    width: 45%;\n     }\n  .table-rwd tr:hover td:first-child {\n    background: #8bb74e;\n    color: #fff; }\n    <\/style>\n<p>  <\/head><br \/>\n  <body><\/p>\n<table>\n<tr>\n<th>NOMBRE<\/th>\n<th>FORMATO<\/th>\n<th>A\u00d1O<\/th>\n<th>TAMA\u00d1O<\/th>\n<th>DETALLE<\/th>\n<th>DESCARGAR<\/th>\n<\/tr>\n<tr>\n<td>Requisitos Publicaciones Personas Naturales<\/td>\n<td>PDF<\/td>\n<td>2021<\/td>\n<td>60 Kb<\/td>\n<td>Versi\u00f3n 3.0<\/td>\n<td><a target=\"_blank\" tabindex=\"-1\" href=\"https:\/\/www.geoportaligm.gob.ec\/portal\/?wpfb_dl=1205\"><img decoding=\"async\" loading=\"lazy\" src=\"https:\/\/www.geoportaligm.gob.ec\/portal\/wp-content\/uploads\/2017\/05\/descargas.png\" width=\"25px\" height=\"25px\" align=\"center\"><\/a><\/td>\n<\/tr>\n<tr>\n<td>Requisitos Publicaciones Personas Jur\u00eddicas<\/td>\n<td>PDF<\/td>\n<td>2021<\/td>\n<td>60 Kb<\/td>\n<td>Versi\u00f3n 3.0<\/td>\n<td><a target=\"_blank\" tabindex=\"-1\" href=\"https:\/\/www.geoportaligm.gob.ec\/portal\/?wpfb_dl=1208\"><img decoding=\"async\" loading=\"lazy\" src=\"https:\/\/www.geoportaligm.gob.ec\/portal\/wp-content\/uploads\/2017\/05\/descargas.png\" width=\"25px\" height=\"25px\" align=\"center\"><\/a><\/td>\n<\/tr>\n<tr>\n<td>Requisitos trabajos Cartogr\u00e1ficos Personas Naturales<\/td>\n<td>PDF<\/td>\n<td>2021<\/td>\n<td>136 Kb<\/td>\n<td>Versi\u00f3n 3.0<\/td>\n<td><a target=\"_blank\" tabindex=\"-1\" href=\"https:\/\/www.geoportaligm.gob.ec\/portal\/?wpfb_dl=1209\"><img decoding=\"async\" loading=\"lazy\" src=\"https:\/\/www.geoportaligm.gob.ec\/portal\/wp-content\/uploads\/2017\/05\/descargas.png\" width=\"25px\" height=\"25px\" align=\"center\"><\/a><\/td>\n<\/tr>\n<tr>\n<td>Requisitos trabajos Cartogr\u00e1ficos Personas Jur\u00eddicas<\/td>\n<td>PDF<\/td>\n<td>2021<\/td>\n<td>137 Kb<\/td>\n<td>Versi\u00f3n 3.0<\/td>\n<td><a target=\"_blank\" tabindex=\"-1\" href=\"https:\/\/www.geoportaligm.gob.ec\/portal\/?wpfb_dl=1210\"><img decoding=\"async\" loading=\"lazy\" src=\"https:\/\/www.geoportaligm.gob.ec\/portal\/wp-content\/uploads\/2017\/05\/descargas.png\" width=\"25px\" height=\"25px\" align=\"center\"><\/a><\/td>\n<\/tr>\n<\/table>\n<p>  <\/body><\/p>\n<h1 style=\"background-color: dodgerblue;\">Informaci\u00f3n &#8211; 2019<\/h1>\n<h2 style=\"text-align: center;\"><strong>Resoluci\u00f3n sobre el Marco de Referencia en Ecuador<br \/><\/strong><\/h2>\n<p style=\"text-align: left;\">A continuaci\u00f3n encontrar\u00e1 la resoluci\u00f3n respecto al Marco de Referencia Nacional, donde se ratifica la adopci\u00f3n del Uso del Sistema de Referencia Geocentr\u00edco para las Am\u00e9ricas (SIRGAS).<\/p>\n<table>\n<tr>\n<th>NOMBRE<\/th>\n<th>FORMATO<\/th>\n<th>A\u00d1O<\/th>\n<th>TAMA\u00d1O<\/th>\n<th>DETALLE<\/th>\n<th>DESCARGAR<\/th>\n<\/tr>\n<tr>\n<td>Resoluci\u00f3n 2019-037-IGM-JUR<\/td>\n<td>PDF<\/td>\n<td>20\/12\/2019<\/td>\n<td>317 KB<\/td>\n<td>Versi\u00f3n 1.0<\/td>\n<td><a target=\"_blank\" tabindex=\"-1\" href=\"https:\/\/www.geoportaligm.gob.ec\/portal\/?wpfb_dl=1156\"><img decoding=\"async\" loading=\"lazy\" src=\"https:\/\/www.geoportaligm.gob.ec\/portal\/wp-content\/uploads\/2017\/05\/descargas.png\" width=\"25px\" height=\"25px\" align=\"center\"><\/a><\/td>\n<\/tr>\n<tr>\n<td>Informe T\u00e9cnico Resoluci\u00f3n 2019-037-IGM-JUR<\/td>\n<td>PDF<\/td>\n<td>20\/12\/2019<\/td>\n<td>4.5 MB<\/td>\n<td>Versi\u00f3n 1.0<\/td>\n<td><a target=\"_blank\" tabindex=\"-1\" href=\"https:\/\/www.geoportaligm.gob.ec\/portal\/?wpfb_dl=1157\"><img decoding=\"async\" loading=\"lazy\" src=\"https:\/\/www.geoportaligm.gob.ec\/portal\/wp-content\/uploads\/2017\/05\/descargas.png\" width=\"25px\" height=\"25px\" align=\"center\"><\/a><\/td>\n<\/tr>\n<\/table>\n<h2 style=\"text-align: center;\"><strong>Resoluciones Respecto a Marco Geod\u00e9sico\u00a0 Post Terremoto<\/strong><\/h2>\n<p style=\"text-align: left;\">A continuaci\u00f3n encontrar\u00e1 las resoluciones respecto al Marco Geod\u00e9sico Post Terremoto del 16 de abril 2016 para conocimiento en especial de los productores de cartograf\u00eda.<\/p>\n<table>\n<tr>\n<th>NOMBRE<\/th>\n<th>FORMATO<\/th>\n<th>A\u00d1O<\/th>\n<th>TAMA\u00d1O<\/th>\n<th>DETALLE<\/th>\n<th>DESCARGAR<\/th>\n<\/tr>\n<tr>\n<td>Resoluci\u00f3n 2017<\/td>\n<td>PDF<\/td>\n<td>02\/07\/2017<\/td>\n<td>476 KB<\/td>\n<td>Versi\u00f3n 1.0<\/td>\n<td><a target=\"_blank\" tabindex=\"-1\" href=\"https:\/\/www.geoportaligm.gob.ec\/portal\/?wpfb_dl=1090\"><img decoding=\"async\" loading=\"lazy\" src=\"https:\/\/www.geoportaligm.gob.ec\/portal\/wp-content\/uploads\/2017\/05\/descargas.png\" width=\"25px\" height=\"25px\" align=\"center\"><\/a><\/td>\n<\/tr>\n<tr>\n<td>Resoluci\u00f3n 2016<\/td>\n<td>PDF<\/td>\n<td>30\/09\/2016<\/td>\n<td>602 KB<\/td>\n<td>Versi\u00f3n 1.0<\/td>\n<td><a target=\"_blank\" tabindex=\"-1\" href=\"https:\/\/www.geoportaligm.gob.ec\/portal\/?wpfb_dl=1091\"><img decoding=\"async\" loading=\"lazy\" src=\"https:\/\/www.geoportaligm.gob.ec\/portal\/wp-content\/uploads\/2017\/05\/descargas.png\" width=\"25px\" height=\"25px\" align=\"center\"><\/a><\/td>\n<\/tr>\n<\/table>\n","protected":false},"excerpt":{"rendered":"<p>La Gesti\u00f3n Normativa del IGM se encarga de elaborar, divulgar y verificar la aplicaci\u00f3n de normas t\u00e9cnicas ecuatorianas relacionadas con el \u00e1mbito geogr\u00e1fico, acorde a los par\u00e1metros internacionales y concordantes con las necesidades del pa\u00eds para controlar el cumplimiento de la LEY DE LA CARTOGRAFIA NACIONAL Y SU REGLAMENTO.\u00a0\u00a0\u00a0 Usuarios Registrados en el IGM &nbsp; <a class=\"moretag\" href=\"https:\/\/www.geoportaligm.gob.ec\/portal\/index.php\/descargas\/normativa\/\">Read More &#8230;<\/a><\/p>\n","protected":false},"author":1,"featured_media":0,"parent":746,"menu_order":0,"comment_status":"closed","ping_status":"closed","template":"full-width-page.php","meta":[],"_links":{"self":[{"href":"https:\/\/www.geoportaligm.gob.ec\/portal\/index.php\/wp-json\/wp\/v2\/pages\/582"}],"collection":[{"href":"https:\/\/www.geoportaligm.gob.ec\/portal\/index.php\/wp-json\/wp\/v2\/pages"}],"about":[{"href":"https:\/\/www.geoportaligm.gob.ec\/portal\/index.php\/wp-json\/wp\/v2\/types\/page"}],"author":[{"embeddable":true,"href":"https:\/\/www.geoportaligm.gob.ec\/portal\/index.php\/wp-json\/wp\/v2\/users\/1"}],"replies":[{"embeddable":true,"href":"https:\/\/www.geoportaligm.gob.ec\/portal\/index.php\/wp-json\/wp\/v2\/comments?post=582"}],"version-history":[{"count":33,"href":"https:\/\/www.geoportaligm.gob.ec\/portal\/index.php\/wp-json\/wp\/v2\/pages\/582\/revisions"}],"predecessor-version":[{"id":5745,"href":"https:\/\/www.geoportaligm.gob.ec\/portal\/index.php\/wp-json\/wp\/v2\/pages\/582\/revisions\/5745"}],"up":[{"embeddable":true,"href":"https:\/\/www.geoportaligm.gob.ec\/portal\/index.php\/wp-json\/wp\/v2\/pages\/746"}],"wp:attachment":[{"href":"https:\/\/www.geoportaligm.gob.ec\/portal\/index.php\/wp-json\/wp\/v2\/media?parent=582"}],"curies":[{"name":"wp","href":"https:\/\/api.w.org\/{rel}","templated":true}]}}