{"id":58,"date":"2016-03-23T16:27:43","date_gmt":"2016-03-23T21:27:43","guid":{"rendered":"http:\/\/192.168.4.97\/portal\/?page_id=58"},"modified":"2020-01-02T10:04:06","modified_gmt":"2020-01-02T15:04:06","slug":"descarga-de-servicios-wfs-del-igm","status":"publish","type":"page","link":"https:\/\/www.geoportaligm.gob.ec\/portal\/index.php\/descarga-de-servicios-wfs-del-igm\/","title":{"rendered":"Descarga de Servicios WFS del IGM"},"content":{"rendered":"<h2><\/h2>\n<h2>DESCARGAS DE SERVICIOS WFS DEL IGM<\/h2>\n<p>&nbsp;<\/p>\n<table style=\"width: 100%;\" border=\"1\">\n<tbody>\n<tr>\n<td><div class=\"wpfilebase-attachment\">\r\n <div class=\"wpfilebase-fileicon\"><a href=\"https:\/\/www.geoportaligm.gob.ec\/portal\/?wpfb_dl=38\" title=\"Download Servicio WFS Nacional 1:1.000.000\"><img align=\"middle\" src=\"https:\/\/www.geoportaligm.gob.ec\/portal\/wp-includes\/images\/crystal\/text.png\" alt=\"Servicio WFS Nacional 1:1.000.000\" \/><\/a><\/div>\r\n <div class=\"wpfilebase-rightcol\">\r\n  <div class=\"wpfilebase-filetitle\">\r\n   <a href=\"https:\/\/www.geoportaligm.gob.ec\/portal\/?wpfb_dl=38\" title=\"Download Servicio WFS Nacional 1:1.000.000\">Servicio WFS Nacional 1:1.000.000<\/a><br \/>\r\n   Servicios WFS_NACIONAL.txt<br \/>\r\n   Version: 1.0<br \/>\r\n   \r\n  <\/div>\r\n  <div class=\"wpfilebase-filedetails\" id=\"wpfilebase-filedetails1\" style=\"display: none;\">\r\n  <p><\/p>\r\n  <table border=\"0\">\r\n   \r\n   <tr><td><strong>Autor:<\/strong><\/td><td>Gesti\u00f3n IDE<\/td><\/tr>\r\n   \r\n   \r\n   <tr><td><strong>Category:<\/strong><\/td><td>Servicios<\/td><\/tr>\r\n   <tr><td><strong>License:<\/strong><\/td><td><a href=\"http:\/\/creativecommons.org\/licenses\/by-nc-sa\/3.0\/\" target=\"_blank\">CC Attribution-NonCommercial-ShareAlike<\/a><\/td><\/tr>\r\n   <tr><td><strong>Date:<\/strong><\/td><td>2013\/03\/08<\/td><\/tr>\r\n   \n  <\/table>\r\n  <\/div>\r\n <\/div>\r\n <div class=\"wpfilebase-fileinfo\">\r\n  333.0 B<br \/>\r\n  3538 Downloads<br \/>\r\n  <a href=\"#\" onclick=\"return wpfilebase_filedetails(1);\">Details...<\/a>\r\n <\/div>\r\n <div style=\"clear: both;\"><\/div>\r\n<\/div><\/td>\n<\/tr>\n<\/tbody>\n<\/table>\n<p>&nbsp;<\/p>\n<table style=\"width: 100%;\" border=\"1\">\n<tbody>\n<tr>\n<td><div class=\"wpfilebase-attachment\">\r\n <div class=\"wpfilebase-fileicon\"><a href=\"https:\/\/www.geoportaligm.gob.ec\/portal\/?wpfb_dl=39\" title=\"Download Servicio WFS Regional 1:250.000\"><img align=\"middle\" src=\"https:\/\/www.geoportaligm.gob.ec\/portal\/wp-includes\/images\/crystal\/text.png\" alt=\"Servicio WFS Regional 1:250.000\" \/><\/a><\/div>\r\n <div class=\"wpfilebase-rightcol\">\r\n  <div class=\"wpfilebase-filetitle\">\r\n   <a href=\"https:\/\/www.geoportaligm.gob.ec\/portal\/?wpfb_dl=39\" title=\"Download Servicio WFS Regional 1:250.000\">Servicio WFS Regional 1:250.000<\/a><br \/>\r\n   Servicios WFS_REGIONAL.txt<br \/>\r\n   Version: 1.0.0 | 1.1.0<br \/>\r\n   \r\n  <\/div>\r\n  <div class=\"wpfilebase-filedetails\" id=\"wpfilebase-filedetails2\" style=\"display: none;\">\r\n  <p><\/p>\r\n  <table border=\"0\">\r\n   \r\n   <tr><td><strong>Autor:<\/strong><\/td><td>Gesti\u00f3n IDE<\/td><\/tr>\r\n   \r\n   \r\n   <tr><td><strong>Category:<\/strong><\/td><td>Servicios<\/td><\/tr>\r\n   <tr><td><strong>License:<\/strong><\/td><td><a href=\"http:\/\/creativecommons.org\/licenses\/by-nc-sa\/3.0\/\" target=\"_blank\">CC Attribution-NonCommercial-ShareAlike<\/a><\/td><\/tr>\r\n   <tr><td><strong>Date:<\/strong><\/td><td>2013\/03\/08<\/td><\/tr>\r\n   \n  <\/table>\r\n  <\/div>\r\n <\/div>\r\n <div class=\"wpfilebase-fileinfo\">\r\n  443.0 B<br \/>\r\n  2918 Downloads<br \/>\r\n  <a href=\"#\" onclick=\"return wpfilebase_filedetails(2);\">Details...<\/a>\r\n <\/div>\r\n <div style=\"clear: both;\"><\/div>\r\n<\/div><\/td>\n<\/tr>\n<\/tbody>\n<\/table>\n<p>&nbsp;<\/p>\n<table style=\"width: 100%;\" border=\"1\">\n<tbody>\n<tr>\n<td><div class=\"wpfilebase-attachment\">\r\n <div class=\"wpfilebase-fileicon\"><a href=\"https:\/\/www.geoportaligm.gob.ec\/portal\/?wpfb_dl=40\" title=\"Download Servicio WFS 1:50.000\"><img align=\"middle\" src=\"https:\/\/www.geoportaligm.gob.ec\/portal\/wp-includes\/images\/crystal\/text.png\" alt=\"Servicio WFS 1:50.000\" \/><\/a><\/div>\r\n <div class=\"wpfilebase-rightcol\">\r\n  <div class=\"wpfilebase-filetitle\">\r\n   <a href=\"https:\/\/www.geoportaligm.gob.ec\/portal\/?wpfb_dl=40\" title=\"Download Servicio WFS 1:50.000\">Servicio WFS 1:50.000<\/a><br \/>\r\n   Servicios WFS_50k.txt<br \/>\r\n   Version: 1.0.0 | 1.1.0<br \/>\r\n   \r\n  <\/div>\r\n  <div class=\"wpfilebase-filedetails\" id=\"wpfilebase-filedetails3\" style=\"display: none;\">\r\n  <p><\/p>\r\n  <table border=\"0\">\r\n   \r\n   <tr><td><strong>Autor:<\/strong><\/td><td>Gesti\u00f3n IDE<\/td><\/tr>\r\n   \r\n   \r\n   <tr><td><strong>Category:<\/strong><\/td><td>Servicios<\/td><\/tr>\r\n   <tr><td><strong>License:<\/strong><\/td><td><a href=\"http:\/\/creativecommons.org\/licenses\/by-nc-sa\/3.0\/\" target=\"_blank\">CC Attribution-NonCommercial-ShareAlike<\/a><\/td><\/tr>\r\n   <tr><td><strong>Date:<\/strong><\/td><td>2013\/03\/08<\/td><\/tr>\r\n   \n  <\/table>\r\n  <\/div>\r\n <\/div>\r\n <div class=\"wpfilebase-fileinfo\">\r\n  441.0 B<br \/>\r\n  4201 Downloads<br \/>\r\n  <a href=\"#\" onclick=\"return wpfilebase_filedetails(3);\">Details...<\/a>\r\n <\/div>\r\n <div style=\"clear: both;\"><\/div>\r\n<\/div><\/td>\n<\/tr>\n<\/tbody>\n<\/table>\n<p>&nbsp;<\/p>\n<p>&nbsp;<\/p>\n<h2 style=\"background-color: dodgerblue;\">NOTA IMPORTANTE<\/h2>\n<p>&nbsp;<\/p>\n<p style=\"text-align: center;\">Recuerde que estas direcciones no son p\u00e1ginas web. Copie y pegue la URL del servicio apropiado en su cliente WFS. Para acceder a los manuales t\u00e9cnicos correspondientes dar <a href=\"https:\/\/www.geoportaligm.gob.ec\/portal\/index.php\/portafolio\/descarga-de-manuales-tecnicos\/\">click aqu\u00ed.<\/a><\/p>\n","protected":false},"excerpt":{"rendered":"<p>DESCARGAS DE SERVICIOS WFS DEL IGM &nbsp; &nbsp; &nbsp; &nbsp; &nbsp; NOTA IMPORTANTE &nbsp; Recuerde que estas direcciones no son p\u00e1ginas web. Copie y pegue la URL del servicio apropiado en su cliente WFS. Para acceder a los manuales t\u00e9cnicos correspondientes dar click aqu\u00ed.<\/p>\n","protected":false},"author":1,"featured_media":0,"parent":0,"menu_order":0,"comment_status":"closed","ping_status":"closed","template":"full-width-page.php","meta":[],"_links":{"self":[{"href":"https:\/\/www.geoportaligm.gob.ec\/portal\/index.php\/wp-json\/wp\/v2\/pages\/58"}],"collection":[{"href":"https:\/\/www.geoportaligm.gob.ec\/portal\/index.php\/wp-json\/wp\/v2\/pages"}],"about":[{"href":"https:\/\/www.geoportaligm.gob.ec\/portal\/index.php\/wp-json\/wp\/v2\/types\/page"}],"author":[{"embeddable":true,"href":"https:\/\/www.geoportaligm.gob.ec\/portal\/index.php\/wp-json\/wp\/v2\/users\/1"}],"replies":[{"embeddable":true,"href":"https:\/\/www.geoportaligm.gob.ec\/portal\/index.php\/wp-json\/wp\/v2\/comments?post=58"}],"version-history":[{"count":0,"href":"https:\/\/www.geoportaligm.gob.ec\/portal\/index.php\/wp-json\/wp\/v2\/pages\/58\/revisions"}],"wp:attachment":[{"href":"https:\/\/www.geoportaligm.gob.ec\/portal\/index.php\/wp-json\/wp\/v2\/media?parent=58"}],"curies":[{"name":"wp","href":"https:\/\/api.w.org\/{rel}","templated":true}]}}