{"id":578,"date":"2017-04-11T18:18:17","date_gmt":"2017-04-11T23:18:17","guid":{"rendered":"http:\/\/192.168.4.97\/portal\/?page_id=578"},"modified":"2026-04-07T12:07:18","modified_gmt":"2026-04-07T17:07:18","slug":"documentos-tecnicos","status":"publish","type":"page","link":"https:\/\/www.geoportaligm.gob.ec\/portal\/index.php\/descargas\/documentos-tecnicos\/","title":{"rendered":"Documentos T\u00e9cnicos"},"content":{"rendered":"<h2><\/h2>\n<h2><\/h2>\n<p>\t\t\t\t<img decoding=\"async\" src=\"https:\/\/www.geoportaligm.gob.ec\/portal\/wp-content\/uploads\/2017\/11\/DOC-TEC.png\" alt=\"DOC-TEC\" itemprop=\"image\"  \/><\/p>\n<p style=\"text-align: center;\">El Instituto Geogr\u00e1fico Militar del Ecuador, ponen a disposici\u00f3n distintos documentos t\u00e9cnicos para la descarga, que apoyar\u00e1n el conocimiento en las diferentes \u00e1reas de acci\u00f3n.<\/p>\n<h2 style=\"text-align: center;\">\u00a0<\/h2>\n<h2 style=\"text-align: center;\"><strong>Cat\u00e1logo de Objetos del IGM<\/strong><\/h2>\n<p style=\"text-align: center;\">\u00a0 A continuaci\u00f3n se detalla los documentos historicos y actuales del Cat\u00e1logo de Objetos generado y aplicado en el Instituto Geogr\u00e1fico Militar, conforme a la Normativa Nacional vigente e Internacional.<\/p>\n<p>\t <head><br \/>\n    <meta charset=\"utf-8\"\/><br \/>\n    <meta name=\"viewport\" content=\"width=device-width, user-scalable=no, initial-scale=1.0, minimun-scale=1.0\"\/><br \/>\n  <!--<link rel=\"stylesheet\" href=\"styles.css\"\/>--><br \/>\n    <title><\/title><\/p>\n<style>\n        * {\n  box-sizing: border-box;\n   }\nbody {\n  margin: 0;\n  font-family: sans-serif;\n  color: #333;\n   }\nh1 {\n  text-align: center;\n  color: #000;\n}\n.table-rwd {\n  font-size: .85em;\n  border: 1px solid rgba(181, 213, 144, 0.5);\n  color: #666;\n  border-collapse: collapse;\n  margin-left: auto;\n  margin-right: auto;\n   }\n  .table-rwd td, .table-rwd th {\n    padding: .8em;\n    border-bottom: 1px solid rgba(181, 213, 144, 0.5);\n     }\n  .table-rwd th {\n    background: #8bb74e;\n    color: #fff;\n    font-weight: normal;\n    text-align: center;\n  }\n  .table-rwd td {\n    text-align: center; \n  }\n    \/*.table-rwd td:before {\n      color: #1A8CFF; }\n    .table-rwd td:after {\n       }*\/\n    .table-rwd td:first-of-type {\n      text-align: center;\n      padding: .8em;\n    border-bottom: 1px solid rgba(181, 213, 144, 0.5);\n       }\n      \/*.table-rwd td:first-of-type:before {\n         }\n      .table-rwd td:first-of-type:after {\n         }*\/\n  .table-rwd tr:hover {\n    background: rgba(181, 213, 144, 0.5); }\n  .table-rwd tr td:nth-child(2n) {\n    background: rgba(181, 213, 144, 0.5); }\n.table-container {\n  overflow-x: auto; \n}\n.table-rwd {\n  min-width: 900px; }\n  .table-rwd td:first-child {\n    position: static;\n    background: #fff;\n    width: auto;\n    }\n  .table-rwd th:first-child {\n    width: 45%;\n     }\n  .table-rwd tr:hover td:first-child {\n    background: #8bb74e;\n    color: #fff; }\n    <\/style>\n<p>  <\/head><br \/>\n  <body><\/p>\n<table>\n<tr>\n<th>NOMBRE<\/th>\n<th>FORMATO<\/th>\n<th>A\u00d1O<\/th>\n<th>TAMA\u00d1O<\/th>\n<th>ESCALA<\/th>\n<th>DESCARGAR<\/th>\n<\/tr>\n<tr>\n<td>Cat\u00e1logo de Objetos Geogr\u00e1ficos IGM, V2.0<\/td>\n<td>xlsx<\/td>\n<td>2025 <\/td>\n<td>865 KiB<\/td>\n<td>Cat\u00e1logo de Objetos Geogr\u00e1ficos del Instituto Geogr\u00e1fico Militar, versi\u00f3n 2.0<\/td>\n<td><a target=\"_blank\" tabindex=\"-1\" href=\"\/\/www.geoportaligm.gob.ec\/portal\/index.php\/download\/catalogo-de-objetos-igm-2025_v2-0\/?wpdmdl=6086&amp;refresh=69fa16d6278eb1777997526&#039;;return false;&quot;&gt;Descargar&lt;\/a&gt;\n        &lt;\/div&gt;\n    &lt;\/div&gt;\n\n&lt;\/div&gt;\n&lt;div style=&quot;clear: both&quot;&gt;&lt;\/div&gt;\n\n&lt;\/div&gt;\" rel=\"noopener\"><img decoding=\"async\" loading=\"lazy\" src=\"https:\/\/www.geoportaligm.gob.ec\/portal\/wp-content\/uploads\/2017\/05\/descargas.png\" width=\"25px\" height=\"25px\" align=\"center\"><\/a><\/td>\n<\/tr>\n<tr>\n<td>Resoluci\u00f3n Nro. IGM-IGM-2026-0011-R<\/td>\n<td>PDF<\/td>\n<td>2026 <\/td>\n<td>149 KiB<\/td>\n<td>Resoluci\u00f3n del Cat\u00e1logo de Objetos Geogr\u00e1ficos del Instituto Geogr\u00e1fico Militar, versi\u00f3n 2.0<\/td>\n<td><a target=\"_blank\" tabindex=\"-1\" href=\"\/\/www.geoportaligm.gob.ec\/portal\/index.php\/download\/resolucion-nro-igm-igm-2026-0011-r\/?wpdmdl=6090&amp;refresh=69fa16d6289b01777997526&#039;;return false;&quot;&gt;Descargar&lt;\/a&gt;\n        &lt;\/div&gt;\n    &lt;\/div&gt;\n\n&lt;\/div&gt;\n&lt;div style=&quot;clear: both&quot;&gt;&lt;\/div&gt;\n\n&lt;\/div&gt;\" rel=\"noopener\"><img decoding=\"async\" loading=\"lazy\" src=\"https:\/\/www.geoportaligm.gob.ec\/portal\/wp-content\/uploads\/2017\/05\/descargas.png\" width=\"25px\" height=\"25px\" align=\"center\"><\/a><\/td>\n<\/tr>\n<tr>\n<td>Registro Oficial Nro. 256 &#8211; Cat\u00e1logo de Objetos Geogr\u00e1ficos<\/td>\n<td>PDF<\/td>\n<td>2026 <\/td>\n<td>335 KiB<\/td>\n<td>Registro Oficial del Cat\u00e1logo de Objetos Geogr\u00e1ficos del Instituto Geogr\u00e1fico Militar, versi\u00f3n 2.0<\/td>\n<td><a target=\"_blank\" tabindex=\"-1\" href=\"\/\/www.geoportaligm.gob.ec\/portal\/index.php\/download\/registro_oficial_catalogo_objetos_igm_v2-0\/?wpdmdl=6095&amp;refresh=69fa16d62943a1777997526&#039;;return false;&quot;&gt;Descargar&lt;\/a&gt;\n        &lt;\/div&gt;\n    &lt;\/div&gt;\n\n&lt;\/div&gt;\n&lt;div style=&quot;clear: both&quot;&gt;&lt;\/div&gt;\n\n&lt;\/div&gt;\" rel=\"noopener\"><img decoding=\"async\" loading=\"lazy\" src=\"https:\/\/www.geoportaligm.gob.ec\/portal\/wp-content\/uploads\/2017\/05\/descargas.png\" width=\"25px\" height=\"25px\" align=\"center\"><\/a><\/td>\n<\/tr>\n<tr>\n<td>Cat\u00e1logo de Objetos IGM escala 1:5000<\/td>\n<td>xlsx<\/td>\n<td>2012 <\/td>\n<td>1.5 MiB<\/td>\n<td>Seg\u00fan Norma ISO 19126<\/td>\n<td><a target=\"_blank\" tabindex=\"-1\" href=\"https:\/\/www.geoportaligm.gob.ec\/portal\/?wpfb_dl=62\" rel=\"noopener\"><img decoding=\"async\" loading=\"lazy\" src=\"https:\/\/www.geoportaligm.gob.ec\/portal\/wp-content\/uploads\/2017\/05\/descargas.png\" width=\"25px\" height=\"25px\" align=\"center\"><\/a><\/td>\n<\/tr>\n<tr>\n<td>Cat\u00e1logo de Objetos IGM <\/td>\n<td>PDF<\/td>\n<td>2011<\/td>\n<td>5.6 MiB<\/td>\n<td>Seg\u00fan Norma FACC V4<\/td>\n<td><a target=\"_blank\" tabindex=\"-1\" href=\"https:\/\/www.geoportaligm.gob.ec\/portal\/?wpfb_dl=61\" rel=\"noopener\"><img decoding=\"async\" loading=\"lazy\" src=\"https:\/\/www.geoportaligm.gob.ec\/portal\/wp-content\/uploads\/2017\/05\/descargas.png\" width=\"25px\" height=\"25px\" align=\"center\"><\/a><\/td>\n<\/tr>\n<tr>\n<td>Actualizaci\u00f3n del Cat\u00e1logo de Objetos<\/td>\n<td>PDF<\/td>\n<td>2010<\/td>\n<td>675.0 KiB<\/td>\n<td>Escalas 1:50 000 <\/td>\n<td><a target=\"_blank\" tabindex=\"-1\" href=\"https:\/\/www.geoportaligm.gob.ec\/portal\/?wpfb_dl=158\" rel=\"noopener\"><img decoding=\"async\" loading=\"lazy\" src=\"https:\/\/www.geoportaligm.gob.ec\/portal\/wp-content\/uploads\/2017\/05\/descargas.png\" width=\"25px\" height=\"25px\" align=\"center\"><\/a><\/td>\n<\/tr>\n<tr>\n<td>Cat\u00e1logo de Objetos IGM para Ecuador<\/td>\n<td>PDF<\/td>\n<td>2009<\/td>\n<td>3.6 MiB<\/td>\n<td>Resoluci\u00f3n Nro. IGM-e-018<\/td>\n<td><a target=\"_blank\" tabindex=\"-1\" href=\"https:\/\/www.geoportaligm.gob.ec\/portal\/?wpfb_dl=60\" rel=\"noopener\"><img decoding=\"async\" loading=\"lazy\" src=\"https:\/\/www.geoportaligm.gob.ec\/portal\/wp-content\/uploads\/2017\/05\/descargas.png\" width=\"25px\" height=\"25px\" align=\"center\"><\/a><\/td>\n<\/tr>\n<\/table>\n<p>  <\/body><\/p>\n<h2 style=\"text-align: center;\"><strong>Tama\u00f1os de Extracci\u00f3n para Cartograf\u00eda Oficial Multiescala del IGM<\/strong><\/h2>\n<p>\t <head><br \/>\n    <meta charset=\"utf-8\"\/><br \/>\n    <meta name=\"viewport\" content=\"width=device-width, user-scalable=no, initial-scale=1.0, minimun-scale=1.0\"\/><br \/>\n  <!--<link rel=\"stylesheet\" href=\"styles.css\"\/>--><br \/>\n    <title><\/title><\/p>\n<style>\n        * {\n  box-sizing: border-box;\n   }\nbody {\n  margin: 0;\n  font-family: sans-serif;\n  color: #333;\n   }\nh1 {\n  text-align: center;\n  color: #000;\n}\n.table-rwd {\n  font-size: .85em;\n  border: 1px solid rgba(181, 213, 144, 0.5);\n  color: #666;\n  border-collapse: collapse;\n  margin-left: auto;\n  margin-right: auto;\n   }\n  .table-rwd td, .table-rwd th {\n    padding: .8em;\n    border-bottom: 1px solid rgba(181, 213, 144, 0.5);\n     }\n  .table-rwd th {\n    background: #8bb74e;\n    color: #fff;\n    font-weight: normal;\n    text-align: center;\n  }\n  .table-rwd td {\n    text-align: center; \n  }\n    \/*.table-rwd td:before {\n      color: #1A8CFF; }\n    .table-rwd td:after {\n       }*\/\n    .table-rwd td:first-of-type {\n      text-align: center;\n      padding: .8em;\n    border-bottom: 1px solid rgba(181, 213, 144, 0.5);\n       }\n      \/*.table-rwd td:first-of-type:before {\n         }\n      .table-rwd td:first-of-type:after {\n         }*\/\n  .table-rwd tr:hover {\n    background: rgba(181, 213, 144, 0.5); }\n  .table-rwd tr td:nth-child(2n) {\n    background: rgba(181, 213, 144, 0.5); }\n.table-container {\n  overflow-x: auto; \n}\n.table-rwd {\n  min-width: 900px; }\n  .table-rwd td:first-child {\n    position: static;\n    background: #fff;\n    width: auto;\n    }\n  .table-rwd th:first-child {\n    width: 45%;\n     }\n  .table-rwd tr:hover td:first-child {\n    background: #8bb74e;\n    color: #fff; }\n    <\/style>\n<p>  <\/head><br \/>\n  <body><\/p>\n<table>\n<tr>\n<th>NOMBRE<\/th>\n<th>FORMATO<\/th>\n<th>A\u00d1O<\/th>\n<th>TAMA\u00d1O<\/th>\n<th>ESCALA<\/th>\n<th>DESCARGAR<\/th>\n<\/tr>\n<tr>\n<td>Anexo tama\u00f1os extracci\u00f3n escalas 5k, 10k, 25k, 50k, 100k, 250k, 500k, 1M &#8211; V 1.0<\/td>\n<td>xlsx<\/td>\n<td>2025 <\/td>\n<td>631 KiB<\/td>\n<td>Escalas 5k, 10k, 25k, 50k, 100k, 250k, 500k, 1M &#8211; En proceso de revisi\u00f3n. <\/td>\n<td><a target=\"_blank\" tabindex=\"-1\" href=\"\/\/www.geoportaligm.gob.ec\/portal\/index.php\/download\/anexo_tamanos-extraccion-escalas-5k_10k_25k_50k_100k_250k_500k_1m\/?wpdmdl=6099&amp;refresh=69fa16d629e4e1777997526&#039;;return false;&quot;&gt;Descargar&lt;\/a&gt;\n        &lt;\/div&gt;\n    &lt;\/div&gt;\n\n&lt;\/div&gt;\n&lt;div style=&quot;clear: both&quot;&gt;&lt;\/div&gt;\n\n&lt;\/div&gt;\" rel=\"noopener\"><img decoding=\"async\" loading=\"lazy\" src=\"https:\/\/www.geoportaligm.gob.ec\/portal\/wp-content\/uploads\/2017\/05\/descargas.png\" width=\"25px\" height=\"25px\" align=\"center\"><\/a><\/td>\n<\/tr>\n<tr>\n<td>Memoria T\u00e9cnica de Tama\u00f1os de Extracci\u00f3n para Cartograf\u00eda Oficial Multiescala<\/td>\n<td>PDF<\/td>\n<td>2025 <\/td>\n<td>1.07 MiB<\/td>\n<td>Tama\u00f1os m\u00ednimos multiescala<\/td>\n<td><a target=\"_blank\" tabindex=\"-1\" href=\"\/\/www.geoportaligm.gob.ec\/portal\/index.php\/download\/memoria-tecnica-tamanos-minimos-multiescala-2025\/?wpdmdl=6097&amp;refresh=69fa16d62a8921777997526&#039;;return false;&quot;&gt;Descargar&lt;\/a&gt;\n        &lt;\/div&gt;\n    &lt;\/div&gt;\n\n&lt;\/div&gt;\n&lt;div style=&quot;clear: both&quot;&gt;&lt;\/div&gt;\n\n&lt;\/div&gt;\" rel=\"noopener\"><img decoding=\"async\" loading=\"lazy\" src=\"https:\/\/www.geoportaligm.gob.ec\/portal\/wp-content\/uploads\/2017\/05\/descargas.png\" width=\"25px\" height=\"25px\" align=\"center\"><\/a><\/td>\n<\/tr>\n<tr>\n<td>Resoluci\u00f3n Tama\u00f1os M\u00ednimos Nro. IGM-IGM-2025-0092-R<\/td>\n<td>PDF<\/td>\n<td>2025 <\/td>\n<td>115 KiB<\/td>\n<td>Resoluci\u00f3n de Tama\u00f1os M\u00ednimos<\/td>\n<td><a target=\"_blank\" tabindex=\"-1\" href=\"\/\/www.geoportaligm.gob.ec\/portal\/index.php\/download\/resolucion-tamanos-minimos-igm-igm-2025-0092-r\/?wpdmdl=6098&amp;refresh=69fa16d62b2201777997526&#039;;return false;&quot;&gt;Descargar&lt;\/a&gt;\n        &lt;\/div&gt;\n    &lt;\/div&gt;\n\n&lt;\/div&gt;\n&lt;div style=&quot;clear: both&quot;&gt;&lt;\/div&gt;\n\n&lt;\/div&gt;\" rel=\"noopener\"><img decoding=\"async\" loading=\"lazy\" src=\"https:\/\/www.geoportaligm.gob.ec\/portal\/wp-content\/uploads\/2017\/05\/descargas.png\" width=\"25px\" height=\"25px\" align=\"center\"><\/a><\/td>\n<\/tr>\n<\/table>\n<p>  <\/body><\/p>\n<h2 style=\"text-align: center;\"><strong>Perfil Ecuatoriano de Metadatos PEM<\/strong><\/h2>\n<p>\t<head><br \/>\n    <meta charset=\"utf-8\"\/><br \/>\n    <meta name=\"viewport\" content=\"width=device-width, user-scalable=no, initial-scale=1.0, minimun-scale=1.0\"\/><br \/>\n  <!--<link rel=\"stylesheet\" href=\"styles.css\"\/>--><br \/>\n    <title><\/title><\/p>\n<style>\n        * {\n  box-sizing: border-box;\n   }\nbody {\n  margin: 0;\n  font-family: sans-serif;\n  color: #333;\n   }\nh1 {\n  text-align: center;\n  color: #000;\n}\n.table-rwd {\n  font-size: .85em;\n  border: 1px solid rgba(181, 213, 144, 0.5);\n  color: #666;\n  border-collapse: collapse;\n  margin-left: auto;\n  margin-right: auto;\n   }\n  .table-rwd td, .table-rwd th {\n    padding: .8em;\n    border-bottom: 1px solid rgba(181, 213, 144, 0.5);\n     }\n  .table-rwd th {\n    background: #8bb74e;\n    color: #fff;\n    font-weight: normal;\n    text-align: center;\n  }\n  .table-rwd td {\n    text-align: center; \n  }\n    \/*.table-rwd td:before {\n      color: #1A8CFF; }\n    .table-rwd td:after {\n       }*\/\n    .table-rwd td:first-of-type {\n      text-align: center;\n      padding: .8em;\n    border-bottom: 1px solid rgba(181, 213, 144, 0.5);\n       }\n      \/*.table-rwd td:first-of-type:before {\n         }\n      .table-rwd td:first-of-type:after {\n         }*\/\n  .table-rwd tr:hover {\n    background: rgba(181, 213, 144, 0.5); }\n  .table-rwd tr td:nth-child(2n) {\n    background: rgba(181, 213, 144, 0.5); }\n.table-container {\n  overflow-x: auto; \n}\n.table-rwd {\n  min-width: 900px; }\n  .table-rwd td:first-child {\n    position: static;\n    background: #fff;\n    width: auto;\n    }\n  .table-rwd th:first-child {\n    width: 45%;\n     }\n  .table-rwd tr:hover td:first-child {\n    background: #8bb74e;\n    color: #fff; }\n    <\/style>\n<p>  <\/head><br \/>\n  <body><\/p>\n<table>\n<tr>\n<th>NOMBRE<\/th>\n<th>FORMATO<\/th>\n<th>A\u00d1O<\/th>\n<th>TAMA\u00d1O<\/th>\n<th>ESCALA<\/th>\n<th>DESCARGAR<\/th>\n<\/tr>\n<tr>\n<td>Perfil Ecuatoriano de Metadatos &#8211; PEM<\/td>\n<td>ZIP<\/td>\n<td>2011<\/td>\n<td>4.6 KiB<\/td>\n<td>Escalas 500k, 1000k, 2000k <\/td>\n<td><a target=\"_blank\" tabindex=\"-1\" href=\"https:\/\/www.geoportaligm.gob.ec\/portal\/?wpfb_dl=59\" rel=\"noopener\"><img decoding=\"async\" loading=\"lazy\" src=\"https:\/\/www.geoportaligm.gob.ec\/portal\/wp-content\/uploads\/2017\/05\/descargas.png\" width=\"25px\" height=\"25px\" align=\"center\"><\/a><\/td>\n<\/tr>\n<\/table>\n<p>  <\/body><\/p>\n","protected":false},"excerpt":{"rendered":"<p>El Instituto Geogr\u00e1fico Militar del Ecuador, ponen a disposici\u00f3n distintos documentos t\u00e9cnicos para la descarga, que apoyar\u00e1n el conocimiento en las diferentes \u00e1reas de acci\u00f3n. \u00a0 Cat\u00e1logo de Objetos del IGM \u00a0 A continuaci\u00f3n se detalla los documentos historicos y actuales del Cat\u00e1logo de Objetos generado y aplicado en el Instituto Geogr\u00e1fico Militar, conforme a <a class=\"moretag\" href=\"https:\/\/www.geoportaligm.gob.ec\/portal\/index.php\/descargas\/documentos-tecnicos\/\">Read More &#8230;<\/a><\/p>\n","protected":false},"author":1,"featured_media":0,"parent":746,"menu_order":0,"comment_status":"closed","ping_status":"closed","template":"full-width-page.php","meta":[],"_links":{"self":[{"href":"https:\/\/www.geoportaligm.gob.ec\/portal\/index.php\/wp-json\/wp\/v2\/pages\/578"}],"collection":[{"href":"https:\/\/www.geoportaligm.gob.ec\/portal\/index.php\/wp-json\/wp\/v2\/pages"}],"about":[{"href":"https:\/\/www.geoportaligm.gob.ec\/portal\/index.php\/wp-json\/wp\/v2\/types\/page"}],"author":[{"embeddable":true,"href":"https:\/\/www.geoportaligm.gob.ec\/portal\/index.php\/wp-json\/wp\/v2\/users\/1"}],"replies":[{"embeddable":true,"href":"https:\/\/www.geoportaligm.gob.ec\/portal\/index.php\/wp-json\/wp\/v2\/comments?post=578"}],"version-history":[{"count":12,"href":"https:\/\/www.geoportaligm.gob.ec\/portal\/index.php\/wp-json\/wp\/v2\/pages\/578\/revisions"}],"predecessor-version":[{"id":6102,"href":"https:\/\/www.geoportaligm.gob.ec\/portal\/index.php\/wp-json\/wp\/v2\/pages\/578\/revisions\/6102"}],"up":[{"embeddable":true,"href":"https:\/\/www.geoportaligm.gob.ec\/portal\/index.php\/wp-json\/wp\/v2\/pages\/746"}],"wp:attachment":[{"href":"https:\/\/www.geoportaligm.gob.ec\/portal\/index.php\/wp-json\/wp\/v2\/media?parent=578"}],"curies":[{"name":"wp","href":"https:\/\/api.w.org\/{rel}","templated":true}]}}