{"id":5725,"date":"2022-10-27T12:50:19","date_gmt":"2022-10-27T17:50:19","guid":{"rendered":"https:\/\/www.geoportaligm.gob.ec\/portal\/?page_id=5725"},"modified":"2023-03-10T11:08:13","modified_gmt":"2023-03-10T16:08:13","slug":"mapas-peligros-volcanicos-ecuador","status":"publish","type":"page","link":"https:\/\/www.geoportaligm.gob.ec\/portal\/index.php\/mapas-peligros-volcanicos-ecuador\/","title":{"rendered":"Mapas Peligros volc\u00e1nicos Ecuador"},"content":{"rendered":"<p><b><\/p>\n<p><!DOCTYPE html><br \/>\n<html><br \/>\n    <title><\/title><br \/>\n    <meta name=\"viewport\" content=\"width=device-width, initial-scale=1\">\n    <link rel=\"stylesheet\" href=\"https:\/\/www.w3schools.com\/w3css\/4\/w3.css\">\n    <body><\/p>\n<h1><\/h1>\n<p>            <!--<center>\n\n<h2>Mapas de Peligros Volc\u00e1nicos<\/h2>\n\n<\/center>--><\/p>\n<h2 style=\"border: 2px solid Tomato;\"><center><br \/>\n                MAPAS PARA LA DESCARGA<\/center><\/h2>\n<p>    <\/body><br \/>\n<\/html><br \/>\n<!--\n\n<h2 style=\"border: 2px solid Tomato;\"><center>\nMAPAS PARA LA DESCARGA<\/center><\/h2>\n\n--><br \/>\n\t<html><br \/>\n    <title><\/title><br \/>\n    <meta name=\"viewport\" content=\"width=device-width, initial-scale=1\">\n    <link rel=\"stylesheet\" href=\"https:\/\/www.w3schools.com\/w3css\/4\/w3.css\">\n    <body><\/p>\n<h1><\/h1>\n<p>            <!--<center>\n\n<h2>Mapas de Peligros Volc\u00e1nicos<\/h2>\n\n<\/center>--><br \/>\n                <center><\/p>\n<p>Mapas de Peligros Volc\u00e1nicos elaborados bajo un esquema de trabajo colaborativo  con el Instituto Geof\u00edsico de la Escuela Polit\u00e9cnica Nacional. <\/p>\n<p><\/center><br \/>\n    <\/body><br \/>\n<\/html><br \/>\n\t <br \/>\n <head><br \/>\n    <meta charset=\"utf-8\"\/><br \/>\n    <meta name=\"viewport\" content=\"width=device-width, user-scalable=no, initial-scale=1.0, minimun-scale=1.0\"\/><br \/>\n    <title><\/title><\/p>\n<style>\n        * {\n  box-sizing: border-box;\n   }\nbody {\n  margin: 0;\n  font-family: sans-serif;\n  color: #333;\n   }\nh1 {\n  text-align: center;\n  color: #000;\n}\n.table-rwd {\n  font-size: .85em;\n  border: 1px solid rgba(181, 213, 144, 0.5);\n  color: #666;\n  border-collapse: collapse;\n  margin-left: auto;\n  margin-right: auto;\n   }\n  .table-rwd td, .table-rwd th {\n    padding: .8em;\n    border-bottom: 1px solid rgba(181, 213, 144, 0.5);\n     }\n  .table-rwd th {\n    background: #8bb74e;\n    color: #fff;\n    font-weight: normal;\n    text-align: center;\n  }\n  .table-rwd td {\n    text-align: center; \n  }\n    \/*.table-rwd td:before {\n      color: #1A8CFF; }\n    .table-rwd td:after {\n       }*\/\n    .table-rwd td:first-of-type {\n      text-align: center;\n      padding: .8em;\n    border-bottom: 1px solid rgba(181, 213, 144, 0.5);\n       }\n      \/*.table-rwd td:first-of-type:before {\n         }\n      .table-rwd td:first-of-type:after {\n         }*\/\n  .table-rwd tr:hover {\n    background: rgba(181, 213, 144, 0.5); }\n  .table-rwd tr td:nth-child(2n) {\n    background: rgba(181, 213, 144, 0.5); }\n.table-container {\n  overflow-x: auto; \n}\n.table-rwd {\n  min-width: 900px; }\n  .table-rwd td:first-child {\n    position: static;\n    background: #fff;\n    width: auto;\n    }\n  .table-rwd th:first-child {\n    width: 45%;\n     }\n  .table-rwd tr:hover td:first-child {\n    background: #8bb74e;\n    color: #fff; }\n    <\/style>\n<p>  <\/head><br \/>\n  <body><\/p>\n<table>\n<tr>\n<th ><\/th>\n<th>FORMATO<\/th>\n<th>A\u00d1O<\/th>\n<th>TAMA\u00d1O<\/th>\n<th><\/th>\n<th>DESCARGAR<\/th>\n<\/tr>\n<tr>\n<td>Mapa de los peligros potenciales del Volc\u00e1n Sumaco<\/td>\n<td>JPG<\/td>\n<td>2022<\/td>\n<td>31.78 MB<\/td>\n<td>Escala 1: 100.000<\/td>\n<td><a target=\"_blank\" tabindex=\"-1\" href=\"\/\/www.geoportaligm.gob.ec\/portal\/index.php\/download\/volcan-sumaco\/?wpdmdl=5765&amp;refresh=69f788ad6d5221777830061&#039;;return false;&quot;&gt;Descargar&lt;\/a&gt;\n        &lt;\/div&gt;\n    &lt;\/div&gt;\n\n&lt;\/div&gt;\n&lt;div style=&quot;clear: both&quot;&gt;&lt;\/div&gt;\n\n&lt;\/div&gt;\"><img decoding=\"async\" loading=\"lazy\" src=\"https:\/\/www.geoportaligm.gob.ec\/portal\/wp-content\/uploads\/2017\/05\/descargas.png\" width=\"25px\" height=\"25px\" align=\"center\"><\/a><\/td>\n<\/tr>\n<p>         <!--\n\n<tr>\n          \n\n<td>Mapa de los peligros potenciales del Volc\u00e1n Cotopaxi<\/td>\n\n\n          \n\n<td>JPG<\/td>\n\n\n          \n\n<td>2004<\/td>\n\n\n          \n\n<td>14.4 MB<\/td>\n\n\n          \n\n<td>Escala 1: 50.000<\/td>\n\n\n          \n\n<td><a target=\"_blank\" tabindex=\"-1\" href=\"[wpdm_package id='5507']\"><img decoding=\"async\" loading=\"lazy\" src=\"https:\/\/www.geoportaligm.gob.ec\/portal\/wp-content\/uploads\/2017\/05\/descargas.png\" width=\"25px\" height=\"25px\" align=\"center\"><\/a><\/td>\n\n\n        <\/tr>\n\n--><\/p>\n<tr>\n<td>Mapa de los peligros potenciales del Volc\u00e1n Pichincha<\/td>\n<td>JPG<\/td>\n<td>2019<\/td>\n<td>12.8 MB<\/td>\n<td>Escala 1: 100.000<\/td>\n<td><a target=\"_blank\" tabindex=\"-1\" href=\"\/\/www.geoportaligm.gob.ec\/portal\/index.php\/download\/mapa-de-los-peligros-potenciales-del-volcan-pichincha\/?wpdmdl=5511&amp;refresh=69f788ad6e17b1777830061&#039;;return false;&quot;&gt;Descargar&lt;\/a&gt;\n        &lt;\/div&gt;\n    &lt;\/div&gt;\n\n&lt;\/div&gt;\n&lt;div style=&quot;clear: both&quot;&gt;&lt;\/div&gt;\n\n&lt;\/div&gt;\"><img decoding=\"async\" loading=\"lazy\" src=\"https:\/\/www.geoportaligm.gob.ec\/portal\/wp-content\/uploads\/2017\/05\/descargas.png\" width=\"25px\" height=\"25px\" align=\"center\"><\/a><\/td>\n<\/tr>\n<tr>\n<td>Mapa de los peligros potenciales del Volc\u00e1n Cotopaxi Norte &#8211; Sur<\/td>\n<td>JPG<\/td>\n<td>2016<\/td>\n<td>56.85 MB<\/td>\n<td>Escala 1: 50.000<\/td>\n<td><a target=\"_blank\" tabindex=\"-1\" href=\"\/\/www.geoportaligm.gob.ec\/portal\/index.php\/download\/mapa-de-los-peligros-potenciales-del-volcan-cotopaxi-norte_sur\/?wpdmdl=5716&amp;refresh=69f788ad6ea171777830061&#039;;return false;&quot;&gt;Descargar&lt;\/a&gt;\n        &lt;\/div&gt;\n    &lt;\/div&gt;\n\n&lt;\/div&gt;\n&lt;div style=&quot;clear: both&quot;&gt;&lt;\/div&gt;\n\n&lt;\/div&gt;\"><img decoding=\"async\" loading=\"lazy\" src=\"https:\/\/www.geoportaligm.gob.ec\/portal\/wp-content\/uploads\/2017\/05\/descargas.png\" width=\"25px\" height=\"25px\" align=\"center\"><\/a><\/td>\n<\/tr>\n<tr>\n<td>Mapa de los peligros potenciales del Volc\u00e1n Reventador<\/td>\n<td>JPG<\/td>\n<td>2011<\/td>\n<td>21.1 MB<\/td>\n<td>Escala 1: 50.000<\/td>\n<td><a target=\"_blank\" tabindex=\"-1\" href=\"\/\/www.geoportaligm.gob.ec\/portal\/index.php\/download\/mapa-de-los-peligros-potenciales-del-volcan-reventador\/?wpdmdl=5513&amp;refresh=69f788ad6f23e1777830061&#039;;return false;&quot;&gt;Descargar&lt;\/a&gt;\n        &lt;\/div&gt;\n    &lt;\/div&gt;\n\n&lt;\/div&gt;\n&lt;div style=&quot;clear: both&quot;&gt;&lt;\/div&gt;\n\n&lt;\/div&gt;\"><img decoding=\"async\" loading=\"lazy\" src=\"https:\/\/www.geoportaligm.gob.ec\/portal\/wp-content\/uploads\/2017\/05\/descargas.png\" width=\"25px\" height=\"25px\" align=\"center\"><\/a><\/td>\n<\/tr>\n<tr>\n<td>Mapa de los peligros potenciales del Volc\u00e1n Tungurahua<\/td>\n<td>JPG<\/td>\n<td>2008<\/td>\n<td>6.70 MB<\/td>\n<td>Escala 1: 50.000<\/td>\n<td><a target=\"_blank\" tabindex=\"-1\" href=\"\/\/www.geoportaligm.gob.ec\/portal\/index.php\/download\/mapa-de-los-peligros-potenciales-del-volcan-tungurahua\/?wpdmdl=5515&amp;refresh=69f788ad6fad21777830061&#039;;return false;&quot;&gt;Descargar&lt;\/a&gt;\n        &lt;\/div&gt;\n    &lt;\/div&gt;\n\n&lt;\/div&gt;\n&lt;div style=&quot;clear: both&quot;&gt;&lt;\/div&gt;\n\n&lt;\/div&gt;\"><img decoding=\"async\" loading=\"lazy\" src=\"https:\/\/www.geoportaligm.gob.ec\/portal\/wp-content\/uploads\/2017\/05\/descargas.png\" width=\"25px\" height=\"25px\" align=\"center\"><\/a><\/td>\n<\/tr>\n<tr>\n<td>Mapa de los peligros potenciales del Volc\u00e1n Imbabura<\/td>\n<td>JPG<\/td>\n<td>2005<\/td>\n<td>13.8 MB<\/td>\n<td>Escala 1: 50.000<\/td>\n<td><a target=\"_blank\" tabindex=\"-1\" href=\"\/\/www.geoportaligm.gob.ec\/portal\/index.php\/download\/mapa-de-los-peligros-potenciales-del-volcan-imbabura\/?wpdmdl=5509&amp;refresh=69f788ad7030e1777830061&#039;;return false;&quot;&gt;Descargar&lt;\/a&gt;\n        &lt;\/div&gt;\n    &lt;\/div&gt;\n\n&lt;\/div&gt;\n&lt;div style=&quot;clear: both&quot;&gt;&lt;\/div&gt;\n\n&lt;\/div&gt;\"><img decoding=\"async\" loading=\"lazy\" src=\"https:\/\/www.geoportaligm.gob.ec\/portal\/wp-content\/uploads\/2017\/05\/descargas.png\" width=\"25px\" height=\"25px\" align=\"center\"><\/a><\/td>\n<\/tr>\n<tr>\n<td>Mapa de los peligros potenciales del Volc\u00e1n Cayambe<\/td>\n<td>JPG<\/td>\n<td>2002<\/td>\n<td>9.70 MB<\/td>\n<td>Escala 1: 50.000<\/td>\n<td><a target=\"_blank\" tabindex=\"-1\" href=\"\/\/www.geoportaligm.gob.ec\/portal\/index.php\/download\/mapa-de-los-peligros-potenciales-del-volcan-cayambe\/?wpdmdl=5505&amp;refresh=69f788ad70b8c1777830061&#039;;return false;&quot;&gt;Descargar&lt;\/a&gt;\n        &lt;\/div&gt;\n    &lt;\/div&gt;\n\n&lt;\/div&gt;\n&lt;div style=&quot;clear: both&quot;&gt;&lt;\/div&gt;\n\n&lt;\/div&gt;\"><img decoding=\"async\" loading=\"lazy\" src=\"https:\/\/www.geoportaligm.gob.ec\/portal\/wp-content\/uploads\/2017\/05\/descargas.png\" width=\"25px\" height=\"25px\" align=\"center\"><\/a><\/td>\n<\/tr>\n<\/table>\n<p><\/p>\n<table>\n<tr>\n         <!-- \n\n<th><a target=\"_blank\" tabindex=\"-1\" href=\"https:\/\/www.geoportaligm.gob.ec\/portal\/index.php\/descargas\/geoinformacion\/cartografia-turistica\">\n\n<p>Mapa Vial del Ecuador<\/p>\n\n<\/a><\/th>\n\n\n          \n\n<th><a target=\"_blank\" tabindex=\"-1\" href=\"https:\/\/www.geoportaligm.gob.ec\/portal\/index.php\/descargas\/geoinformacion\/mapas-tematicos-provinciales\">\n\n<p>Mapas Tem\u00e1ticos Provinciales<\/p>\n\n<\/a><\/th>\n\n\n          \n\n<th><a target=\"_blank\" tabindex=\"-1\" href=\"https:\/\/www.geoportaligm.gob.ec\/portal\/index.php\/descargas\/geoinformacion\">\n\n<p>Videos Mapas Oficiales<\/p>\n\n<\/a><\/th>\n\n--><br \/>\n        <\/tr>\n<\/table>\n<p>  <\/body><\/p>\n","protected":false},"excerpt":{"rendered":"<p>MAPAS PARA LA DESCARGA Mapas de Peligros Volc\u00e1nicos elaborados bajo un esquema de trabajo colaborativo con el Instituto Geof\u00edsico de la Escuela Polit\u00e9cnica Nacional. FORMATO A\u00d1O TAMA\u00d1O DESCARGAR Mapa de los peligros potenciales del Volc\u00e1n Sumaco JPG 2022 31.78 MB Escala 1: 100.000 Mapa de los peligros potenciales del Volc\u00e1n Pichincha JPG 2019 12.8 MB <a class=\"moretag\" href=\"https:\/\/www.geoportaligm.gob.ec\/portal\/index.php\/mapas-peligros-volcanicos-ecuador\/\">Read More &#8230;<\/a><\/p>\n","protected":false},"author":1,"featured_media":0,"parent":0,"menu_order":0,"comment_status":"closed","ping_status":"closed","template":"full-width-page.php","meta":[],"_links":{"self":[{"href":"https:\/\/www.geoportaligm.gob.ec\/portal\/index.php\/wp-json\/wp\/v2\/pages\/5725"}],"collection":[{"href":"https:\/\/www.geoportaligm.gob.ec\/portal\/index.php\/wp-json\/wp\/v2\/pages"}],"about":[{"href":"https:\/\/www.geoportaligm.gob.ec\/portal\/index.php\/wp-json\/wp\/v2\/types\/page"}],"author":[{"embeddable":true,"href":"https:\/\/www.geoportaligm.gob.ec\/portal\/index.php\/wp-json\/wp\/v2\/users\/1"}],"replies":[{"embeddable":true,"href":"https:\/\/www.geoportaligm.gob.ec\/portal\/index.php\/wp-json\/wp\/v2\/comments?post=5725"}],"version-history":[{"count":4,"href":"https:\/\/www.geoportaligm.gob.ec\/portal\/index.php\/wp-json\/wp\/v2\/pages\/5725\/revisions"}],"predecessor-version":[{"id":5767,"href":"https:\/\/www.geoportaligm.gob.ec\/portal\/index.php\/wp-json\/wp\/v2\/pages\/5725\/revisions\/5767"}],"wp:attachment":[{"href":"https:\/\/www.geoportaligm.gob.ec\/portal\/index.php\/wp-json\/wp\/v2\/media?parent=5725"}],"curies":[{"name":"wp","href":"https:\/\/api.w.org\/{rel}","templated":true}]}}