{"id":4242,"date":"2020-01-02T12:09:54","date_gmt":"2020-01-02T17:09:54","guid":{"rendered":"https:\/\/www.geoportaligm.gob.ec\/portal\/?page_id=4242"},"modified":"2021-05-21T18:40:24","modified_gmt":"2021-05-21T23:40:24","slug":"descarga-de-servicios-wfs-proyecto-nacional","status":"publish","type":"page","link":"https:\/\/www.geoportaligm.gob.ec\/portal\/index.php\/descarga-de-servicios-wfs-proyecto-nacional\/","title":{"rendered":"Descarga-de-Servicios-WFS-Proyecto-Nacional"},"content":{"rendered":"<p><\/p>\n<h2 style=\"border: 2px solid Tomato;\"><center><\/p>\n<p style=\"color:white\">El servicios (WFS) devuelve entidades con geometr\u00eda y atributos<br \/>\nque los clientes pueden utilizar en cualquier tipo de an\u00e1lisis<br \/>\ngeo-espacial. Generaci\u00f3n de geoinformaci\u00f3n para la gesti\u00f3n del territorio a nivel nacional a escala 1:25.000<\/p>\n<p><\/center><\/h2>\n<p>\n\t<!DOCTYPE html><br \/>\n<html><br \/>\n<body><\/p>\n<table border=\"1\" style=\"width:97%\">\n<tr>\n<td>\n<div class=\"wpfilebase-attachment\">\r\n <div class=\"wpfilebase-fileicon\"><a href=\"https:\/\/www.geoportaligm.gob.ec\/portal\/?wpfb_dl=1141\" title=\"Download Servicios WFS_PN_Clima_Hidrolog\u00eda\"><img align=\"middle\" src=\"https:\/\/www.geoportaligm.gob.ec\/portal\/wp-includes\/images\/crystal\/text.png\" alt=\"Servicios WFS_PN_Clima_Hidrolog\u00eda\" \/><\/a><\/div>\r\n <div class=\"wpfilebase-rightcol\">\r\n  <div class=\"wpfilebase-filetitle\">\r\n   <a href=\"https:\/\/www.geoportaligm.gob.ec\/portal\/?wpfb_dl=1141\" title=\"Download Servicios WFS_PN_Clima_Hidrolog\u00eda\">Servicios WFS_PN_Clima_Hidrolog\u00eda<\/a><br \/>\r\n   Servicios-WFS_PN_Clima_Hidrologia.txt<br \/>\r\n   Version: 1.0<br \/>\r\n   \r\n  <\/div>\r\n  <div class=\"wpfilebase-filedetails\" id=\"wpfilebase-filedetails1\" style=\"display: none;\">\r\n  <p><\/p>\r\n  <table border=\"0\">\r\n   \r\n   \r\n   \r\n   \r\n   \r\n   \r\n   <tr><td><strong>Date:<\/strong><\/td><td>2020\/01\/02<\/td><\/tr>\r\n   \n  <\/table>\r\n  <\/div>\r\n <\/div>\r\n <div class=\"wpfilebase-fileinfo\">\r\n  374.0 B<br \/>\r\n  453 Downloads<br \/>\r\n  <a href=\"#\" onclick=\"return wpfilebase_filedetails(1);\">Details...<\/a>\r\n <\/div>\r\n <div style=\"clear: both;\"><\/div>\r\n<\/div>\n<\/td>\n<td>\n<div class=\"wpfilebase-attachment\">\r\n <div class=\"wpfilebase-fileicon\"><a href=\"https:\/\/www.geoportaligm.gob.ec\/portal\/?wpfb_dl=1142\" title=\"Download Servicios WFS_PN_Geopedolog\u00eda_Nacional\"><img align=\"middle\" src=\"https:\/\/www.geoportaligm.gob.ec\/portal\/wp-includes\/images\/crystal\/text.png\" alt=\"Servicios WFS_PN_Geopedolog\u00eda_Nacional\" \/><\/a><\/div>\r\n <div class=\"wpfilebase-rightcol\">\r\n  <div class=\"wpfilebase-filetitle\">\r\n   <a href=\"https:\/\/www.geoportaligm.gob.ec\/portal\/?wpfb_dl=1142\" title=\"Download Servicios WFS_PN_Geopedolog\u00eda_Nacional\">Servicios WFS_PN_Geopedolog\u00eda_Nacional<\/a><br \/>\r\n   Servicios-WFS_PN_Geopedologia_Nacional.txt<br \/>\r\n   Version: 1.0<br \/>\r\n   \r\n  <\/div>\r\n  <div class=\"wpfilebase-filedetails\" id=\"wpfilebase-filedetails2\" style=\"display: none;\">\r\n  <p><\/p>\r\n  <table border=\"0\">\r\n   \r\n   \r\n   \r\n   \r\n   \r\n   \r\n   <tr><td><strong>Date:<\/strong><\/td><td>2020\/01\/02<\/td><\/tr>\r\n   \n  <\/table>\r\n  <\/div>\r\n <\/div>\r\n <div class=\"wpfilebase-fileinfo\">\r\n  370.0 B<br \/>\r\n  328 Downloads<br \/>\r\n  <a href=\"#\" onclick=\"return wpfilebase_filedetails(2);\">Details...<\/a>\r\n <\/div>\r\n <div style=\"clear: both;\"><\/div>\r\n<\/div>\n<\/td>\n<td>\n<div class=\"wpfilebase-attachment\">\r\n <div class=\"wpfilebase-fileicon\"><a href=\"https:\/\/www.geoportaligm.gob.ec\/portal\/?wpfb_dl=1143\" title=\"Download Servicios WFS_PN_Geopedolog\u00eda_Cantonal\"><img align=\"middle\" src=\"https:\/\/www.geoportaligm.gob.ec\/portal\/wp-includes\/images\/crystal\/text.png\" alt=\"Servicios WFS_PN_Geopedolog\u00eda_Cantonal\" \/><\/a><\/div>\r\n <div class=\"wpfilebase-rightcol\">\r\n  <div class=\"wpfilebase-filetitle\">\r\n   <a href=\"https:\/\/www.geoportaligm.gob.ec\/portal\/?wpfb_dl=1143\" title=\"Download Servicios WFS_PN_Geopedolog\u00eda_Cantonal\">Servicios WFS_PN_Geopedolog\u00eda_Cantonal<\/a><br \/>\r\n   Servicios-WFS_PN_Geopedologia_Cantonal.txt<br \/>\r\n   Version: 1.0<br \/>\r\n   \r\n  <\/div>\r\n  <div class=\"wpfilebase-filedetails\" id=\"wpfilebase-filedetails3\" style=\"display: none;\">\r\n  <p><\/p>\r\n  <table border=\"0\">\r\n   \r\n   \r\n   \r\n   \r\n   \r\n   \r\n   <tr><td><strong>Date:<\/strong><\/td><td>2020\/01\/02<\/td><\/tr>\r\n   \n  <\/table>\r\n  <\/div>\r\n <\/div>\r\n <div class=\"wpfilebase-fileinfo\">\r\n  364.0 B<br \/>\r\n  342 Downloads<br \/>\r\n  <a href=\"#\" onclick=\"return wpfilebase_filedetails(3);\">Details...<\/a>\r\n <\/div>\r\n <div style=\"clear: both;\"><\/div>\r\n<\/div>\n<\/td>\n<\/tr>\n<\/table>\n<table border=\"1\" style=\"width:97%\">\n<tr>\n<td>\n<div class=\"wpfilebase-attachment\">\r\n <div class=\"wpfilebase-fileicon\"><a href=\"https:\/\/www.geoportaligm.gob.ec\/portal\/?wpfb_dl=1144\" title=\"Download Servicios WFS_PN_Geopedolog\u00eda_PANE\"><img align=\"middle\" src=\"https:\/\/www.geoportaligm.gob.ec\/portal\/wp-includes\/images\/crystal\/text.png\" alt=\"Servicios WFS_PN_Geopedolog\u00eda_PANE\" \/><\/a><\/div>\r\n <div class=\"wpfilebase-rightcol\">\r\n  <div class=\"wpfilebase-filetitle\">\r\n   <a href=\"https:\/\/www.geoportaligm.gob.ec\/portal\/?wpfb_dl=1144\" title=\"Download Servicios WFS_PN_Geopedolog\u00eda_PANE\">Servicios WFS_PN_Geopedolog\u00eda_PANE<\/a><br \/>\r\n   Servicios-WFS_PN_Geopedologia_PANE_suelos.txt<br \/>\r\n   Version: 1.0<br \/>\r\n   \r\n  <\/div>\r\n  <div class=\"wpfilebase-filedetails\" id=\"wpfilebase-filedetails4\" style=\"display: none;\">\r\n  <p><\/p>\r\n  <table border=\"0\">\r\n   \r\n   \r\n   \r\n   \r\n   \r\n   \r\n   <tr><td><strong>Date:<\/strong><\/td><td>2020\/01\/02<\/td><\/tr>\r\n   \n  <\/table>\r\n  <\/div>\r\n <\/div>\r\n <div class=\"wpfilebase-fileinfo\">\r\n  369.0 B<br \/>\r\n  320 Downloads<br \/>\r\n  <a href=\"#\" onclick=\"return wpfilebase_filedetails(4);\">Details...<\/a>\r\n <\/div>\r\n <div style=\"clear: both;\"><\/div>\r\n<\/div>\n<\/td>\n<td>\n<div class=\"wpfilebase-attachment\">\r\n <div class=\"wpfilebase-fileicon\"><a href=\"https:\/\/www.geoportaligm.gob.ec\/portal\/?wpfb_dl=1145\" title=\"Download Servicios WFS_PN_Geomorfolog\u00eda_Nacional\"><img align=\"middle\" src=\"https:\/\/www.geoportaligm.gob.ec\/portal\/wp-includes\/images\/crystal\/text.png\" alt=\"Servicios WFS_PN_Geomorfolog\u00eda_Nacional\" \/><\/a><\/div>\r\n <div class=\"wpfilebase-rightcol\">\r\n  <div class=\"wpfilebase-filetitle\">\r\n   <a href=\"https:\/\/www.geoportaligm.gob.ec\/portal\/?wpfb_dl=1145\" title=\"Download Servicios WFS_PN_Geomorfolog\u00eda_Nacional\">Servicios WFS_PN_Geomorfolog\u00eda_Nacional<\/a><br \/>\r\n   Servicios-WFS_PN_Geomorfologia_Nacional.txt<br \/>\r\n   Version: 1.0<br \/>\r\n   \r\n  <\/div>\r\n  <div class=\"wpfilebase-filedetails\" id=\"wpfilebase-filedetails5\" style=\"display: none;\">\r\n  <p><\/p>\r\n  <table border=\"0\">\r\n   \r\n   \r\n   \r\n   \r\n   \r\n   \r\n   <tr><td><strong>Date:<\/strong><\/td><td>2020\/01\/02<\/td><\/tr>\r\n   \n  <\/table>\r\n  <\/div>\r\n <\/div>\r\n <div class=\"wpfilebase-fileinfo\">\r\n  370.0 B<br \/>\r\n  310 Downloads<br \/>\r\n  <a href=\"#\" onclick=\"return wpfilebase_filedetails(5);\">Details...<\/a>\r\n <\/div>\r\n <div style=\"clear: both;\"><\/div>\r\n<\/div>\n<\/td>\n<td>\n<div class=\"wpfilebase-attachment\">\r\n <div class=\"wpfilebase-fileicon\"><a href=\"https:\/\/www.geoportaligm.gob.ec\/portal\/?wpfb_dl=1146\" title=\"Download Servicios WFS_PN_Geomorfolog\u00eda_Cantonal\"><img align=\"middle\" src=\"https:\/\/www.geoportaligm.gob.ec\/portal\/wp-includes\/images\/crystal\/text.png\" alt=\"Servicios WFS_PN_Geomorfolog\u00eda_Cantonal\" \/><\/a><\/div>\r\n <div class=\"wpfilebase-rightcol\">\r\n  <div class=\"wpfilebase-filetitle\">\r\n   <a href=\"https:\/\/www.geoportaligm.gob.ec\/portal\/?wpfb_dl=1146\" title=\"Download Servicios WFS_PN_Geomorfolog\u00eda_Cantonal\">Servicios WFS_PN_Geomorfolog\u00eda_Cantonal<\/a><br \/>\r\n   Servicios-WFS_PN_Geomorfologia_Cantonal.txt<br \/>\r\n   Version: 1.0<br \/>\r\n   \r\n  <\/div>\r\n  <div class=\"wpfilebase-filedetails\" id=\"wpfilebase-filedetails6\" style=\"display: none;\">\r\n  <p><\/p>\r\n  <table border=\"0\">\r\n   \r\n   \r\n   \r\n   \r\n   \r\n   \r\n   <tr><td><strong>Date:<\/strong><\/td><td>2020\/01\/02<\/td><\/tr>\r\n   \n  <\/table>\r\n  <\/div>\r\n <\/div>\r\n <div class=\"wpfilebase-fileinfo\">\r\n  371.0 B<br \/>\r\n  327 Downloads<br \/>\r\n  <a href=\"#\" onclick=\"return wpfilebase_filedetails(6);\">Details...<\/a>\r\n <\/div>\r\n <div style=\"clear: both;\"><\/div>\r\n<\/div>\n<\/td>\n<\/tr>\n<\/table>\n<table border=\"1\" style=\"width:97%\">\n<tr>\n<td>\n<div class=\"wpfilebase-attachment\">\r\n <div class=\"wpfilebase-fileicon\"><a href=\"https:\/\/www.geoportaligm.gob.ec\/portal\/?wpfb_dl=1147\" title=\"Download Servicios WFS_PN_Geomorfolog\u00eda_PANE\"><img align=\"middle\" src=\"https:\/\/www.geoportaligm.gob.ec\/portal\/wp-includes\/images\/crystal\/text.png\" alt=\"Servicios WFS_PN_Geomorfolog\u00eda_PANE\" \/><\/a><\/div>\r\n <div class=\"wpfilebase-rightcol\">\r\n  <div class=\"wpfilebase-filetitle\">\r\n   <a href=\"https:\/\/www.geoportaligm.gob.ec\/portal\/?wpfb_dl=1147\" title=\"Download Servicios WFS_PN_Geomorfolog\u00eda_PANE\">Servicios WFS_PN_Geomorfolog\u00eda_PANE<\/a><br \/>\r\n   Servicios-WFS_PN_Geomorfologia_PANE_Geomorfologia.txt<br \/>\r\n   Version: 1.0<br \/>\r\n   \r\n  <\/div>\r\n  <div class=\"wpfilebase-filedetails\" id=\"wpfilebase-filedetails7\" style=\"display: none;\">\r\n  <p><\/p>\r\n  <table border=\"0\">\r\n   \r\n   \r\n   \r\n   \r\n   \r\n   \r\n   <tr><td><strong>Date:<\/strong><\/td><td>2020\/01\/02<\/td><\/tr>\r\n   \n  <\/table>\r\n  <\/div>\r\n <\/div>\r\n <div class=\"wpfilebase-fileinfo\">\r\n  376.0 B<br \/>\r\n  304 Downloads<br \/>\r\n  <a href=\"#\" onclick=\"return wpfilebase_filedetails(7);\">Details...<\/a>\r\n <\/div>\r\n <div style=\"clear: both;\"><\/div>\r\n<\/div>\n<\/td>\n<td>\n<div class=\"wpfilebase-attachment\">\r\n <div class=\"wpfilebase-fileicon\"><a href=\"https:\/\/www.geoportaligm.gob.ec\/portal\/?wpfb_dl=1148\" title=\"Download Servicios WFS_PN_Productivos_Nacional\"><img align=\"middle\" src=\"https:\/\/www.geoportaligm.gob.ec\/portal\/wp-includes\/images\/crystal\/text.png\" alt=\"Servicios WFS_PN_Productivos_Nacional\" \/><\/a><\/div>\r\n <div class=\"wpfilebase-rightcol\">\r\n  <div class=\"wpfilebase-filetitle\">\r\n   <a href=\"https:\/\/www.geoportaligm.gob.ec\/portal\/?wpfb_dl=1148\" title=\"Download Servicios WFS_PN_Productivos_Nacional\">Servicios WFS_PN_Productivos_Nacional<\/a><br \/>\r\n   Servicios-WFS_PN_Sistemas_Productivos_Nacional.txt<br \/>\r\n   Version: 1.0<br \/>\r\n   \r\n  <\/div>\r\n  <div class=\"wpfilebase-filedetails\" id=\"wpfilebase-filedetails8\" style=\"display: none;\">\r\n  <p><\/p>\r\n  <table border=\"0\">\r\n   \r\n   \r\n   \r\n   \r\n   \r\n   \r\n   <tr><td><strong>Date:<\/strong><\/td><td>2020\/01\/02<\/td><\/tr>\r\n   \n  <\/table>\r\n  <\/div>\r\n <\/div>\r\n <div class=\"wpfilebase-fileinfo\">\r\n  371.0 B<br \/>\r\n  371 Downloads<br \/>\r\n  <a href=\"#\" onclick=\"return wpfilebase_filedetails(8);\">Details...<\/a>\r\n <\/div>\r\n <div style=\"clear: both;\"><\/div>\r\n<\/div>\n<\/td>\n<td>\n<div class=\"wpfilebase-attachment\">\r\n <div class=\"wpfilebase-fileicon\"><a href=\"https:\/\/www.geoportaligm.gob.ec\/portal\/?wpfb_dl=1149\" title=\"Download Servicios WFS_PN_Productivos_Cantonal\"><img align=\"middle\" src=\"https:\/\/www.geoportaligm.gob.ec\/portal\/wp-includes\/images\/crystal\/text.png\" alt=\"Servicios WFS_PN_Productivos_Cantonal\" \/><\/a><\/div>\r\n <div class=\"wpfilebase-rightcol\">\r\n  <div class=\"wpfilebase-filetitle\">\r\n   <a href=\"https:\/\/www.geoportaligm.gob.ec\/portal\/?wpfb_dl=1149\" title=\"Download Servicios WFS_PN_Productivos_Cantonal\">Servicios WFS_PN_Productivos_Cantonal<\/a><br \/>\r\n   Servicios-WFS_PN_Sistemas_Productivos_Cantonal.txt<br \/>\r\n   Version: 1.0<br \/>\r\n   \r\n  <\/div>\r\n  <div class=\"wpfilebase-filedetails\" id=\"wpfilebase-filedetails9\" style=\"display: none;\">\r\n  <p><\/p>\r\n  <table border=\"0\">\r\n   \r\n   \r\n   \r\n   \r\n   \r\n   \r\n   <tr><td><strong>Date:<\/strong><\/td><td>2020\/01\/02<\/td><\/tr>\r\n   \n  <\/table>\r\n  <\/div>\r\n <\/div>\r\n <div class=\"wpfilebase-fileinfo\">\r\n  378.0 B<br \/>\r\n  313 Downloads<br \/>\r\n  <a href=\"#\" onclick=\"return wpfilebase_filedetails(9);\">Details...<\/a>\r\n <\/div>\r\n <div style=\"clear: both;\"><\/div>\r\n<\/div>\n<\/td>\n<\/tr>\n<\/table>\n<table border=\"1\" style=\"width:97%\">\n<tr>\n<td>\n<div class=\"wpfilebase-attachment\">\r\n <div class=\"wpfilebase-fileicon\"><a href=\"https:\/\/www.geoportaligm.gob.ec\/portal\/?wpfb_dl=1150\" title=\"Download Servicios WFS_PN_Productivos_PANE\"><img align=\"middle\" src=\"https:\/\/www.geoportaligm.gob.ec\/portal\/wp-includes\/images\/crystal\/text.png\" alt=\"Servicios WFS_PN_Productivos_PANE\" \/><\/a><\/div>\r\n <div class=\"wpfilebase-rightcol\">\r\n  <div class=\"wpfilebase-filetitle\">\r\n   <a href=\"https:\/\/www.geoportaligm.gob.ec\/portal\/?wpfb_dl=1150\" title=\"Download Servicios WFS_PN_Productivos_PANE\">Servicios WFS_PN_Productivos_PANE<\/a><br \/>\r\n   Servicios-WFS_PN_Sistemas_Productivos_PANE_Sistemas.txt<br \/>\r\n   Version: 1.0<br \/>\r\n   \r\n  <\/div>\r\n  <div class=\"wpfilebase-filedetails\" id=\"wpfilebase-filedetails10\" style=\"display: none;\">\r\n  <p><\/p>\r\n  <table border=\"0\">\r\n   \r\n   \r\n   \r\n   \r\n   \r\n   \r\n   <tr><td><strong>Date:<\/strong><\/td><td>2020\/01\/02<\/td><\/tr>\r\n   \n  <\/table>\r\n  <\/div>\r\n <\/div>\r\n <div class=\"wpfilebase-fileinfo\">\r\n  374.0 B<br \/>\r\n  317 Downloads<br \/>\r\n  <a href=\"#\" onclick=\"return wpfilebase_filedetails(10);\">Details...<\/a>\r\n <\/div>\r\n <div style=\"clear: both;\"><\/div>\r\n<\/div>\n<\/td>\n<td>\n<div class=\"wpfilebase-attachment\">\r\n <div class=\"wpfilebase-fileicon\"><a href=\"https:\/\/www.geoportaligm.gob.ec\/portal\/?wpfb_dl=1151\" title=\"Download Servicios WFS_PN_Socioecon\u00f3mico_Nacional\"><img align=\"middle\" src=\"https:\/\/www.geoportaligm.gob.ec\/portal\/wp-includes\/images\/crystal\/text.png\" alt=\"Servicios WFS_PN_Socioecon\u00f3mico_Nacional\" \/><\/a><\/div>\r\n <div class=\"wpfilebase-rightcol\">\r\n  <div class=\"wpfilebase-filetitle\">\r\n   <a href=\"https:\/\/www.geoportaligm.gob.ec\/portal\/?wpfb_dl=1151\" title=\"Download Servicios WFS_PN_Socioecon\u00f3mico_Nacional\">Servicios WFS_PN_Socioecon\u00f3mico_Nacional<\/a><br \/>\r\n   Servicios-WFS_PN_Socioeconomico_Nacional.txt<br \/>\r\n   Version: 1.0<br \/>\r\n   \r\n  <\/div>\r\n  <div class=\"wpfilebase-filedetails\" id=\"wpfilebase-filedetails11\" style=\"display: none;\">\r\n  <p><\/p>\r\n  <table border=\"0\">\r\n   \r\n   \r\n   \r\n   \r\n   \r\n   \r\n   <tr><td><strong>Date:<\/strong><\/td><td>2020\/01\/02<\/td><\/tr>\r\n   \n  <\/table>\r\n  <\/div>\r\n <\/div>\r\n <div class=\"wpfilebase-fileinfo\">\r\n  366.0 B<br \/>\r\n  301 Downloads<br \/>\r\n  <a href=\"#\" onclick=\"return wpfilebase_filedetails(11);\">Details...<\/a>\r\n <\/div>\r\n <div style=\"clear: both;\"><\/div>\r\n<\/div>\n<\/td>\n<td>\n<div class=\"wpfilebase-attachment\">\r\n <div class=\"wpfilebase-fileicon\"><a href=\"https:\/\/www.geoportaligm.gob.ec\/portal\/?wpfb_dl=1152\" title=\"Download Servicios WFS_PN_Socioecon\u00f3mico_Cantonal\"><img align=\"middle\" src=\"https:\/\/www.geoportaligm.gob.ec\/portal\/wp-includes\/images\/crystal\/text.png\" alt=\"Servicios WFS_PN_Socioecon\u00f3mico_Cantonal\" \/><\/a><\/div>\r\n <div class=\"wpfilebase-rightcol\">\r\n  <div class=\"wpfilebase-filetitle\">\r\n   <a href=\"https:\/\/www.geoportaligm.gob.ec\/portal\/?wpfb_dl=1152\" title=\"Download Servicios WFS_PN_Socioecon\u00f3mico_Cantonal\">Servicios WFS_PN_Socioecon\u00f3mico_Cantonal<\/a><br \/>\r\n   Servicios-WFS_PN_Socioeconomico_Cantonal.txt<br \/>\r\n   Version: 1.0<br \/>\r\n   \r\n  <\/div>\r\n  <div class=\"wpfilebase-filedetails\" id=\"wpfilebase-filedetails12\" style=\"display: none;\">\r\n  <p><\/p>\r\n  <table border=\"0\">\r\n   \r\n   \r\n   \r\n   \r\n   \r\n   \r\n   <tr><td><strong>Date:<\/strong><\/td><td>2020\/01\/02<\/td><\/tr>\r\n   \n  <\/table>\r\n  <\/div>\r\n <\/div>\r\n <div class=\"wpfilebase-fileinfo\">\r\n  372.0 B<br \/>\r\n  311 Downloads<br \/>\r\n  <a href=\"#\" onclick=\"return wpfilebase_filedetails(12);\">Details...<\/a>\r\n <\/div>\r\n <div style=\"clear: both;\"><\/div>\r\n<\/div>\n<\/td>\n<\/tr>\n<\/table>\n<table border=\"1\" style=\"width:97%\">\n<tr>\n<td>\n<div class=\"wpfilebase-attachment\">\r\n <div class=\"wpfilebase-fileicon\"><a href=\"https:\/\/www.geoportaligm.gob.ec\/portal\/?wpfb_dl=1153\" title=\"Download Servicios WFS_PN_Socioecon\u00f3mico_PANE\"><img align=\"middle\" src=\"https:\/\/www.geoportaligm.gob.ec\/portal\/wp-includes\/images\/crystal\/text.png\" alt=\"Servicios WFS_PN_Socioecon\u00f3mico_PANE\" \/><\/a><\/div>\r\n <div class=\"wpfilebase-rightcol\">\r\n  <div class=\"wpfilebase-filetitle\">\r\n   <a href=\"https:\/\/www.geoportaligm.gob.ec\/portal\/?wpfb_dl=1153\" title=\"Download Servicios WFS_PN_Socioecon\u00f3mico_PANE\">Servicios WFS_PN_Socioecon\u00f3mico_PANE<\/a><br \/>\r\n   Servicios-WFS_PN_Socioeconomico_PANE_Socio.txt<br \/>\r\n   Version: 1.0<br \/>\r\n   \r\n  <\/div>\r\n  <div class=\"wpfilebase-filedetails\" id=\"wpfilebase-filedetails13\" style=\"display: none;\">\r\n  <p><\/p>\r\n  <table border=\"0\">\r\n   \r\n   \r\n   \r\n   \r\n   \r\n   \r\n   <tr><td><strong>Date:<\/strong><\/td><td>2020\/01\/02<\/td><\/tr>\r\n   \n  <\/table>\r\n  <\/div>\r\n <\/div>\r\n <div class=\"wpfilebase-fileinfo\">\r\n  370.0 B<br \/>\r\n  307 Downloads<br \/>\r\n  <a href=\"#\" onclick=\"return wpfilebase_filedetails(13);\">Details...<\/a>\r\n <\/div>\r\n <div style=\"clear: both;\"><\/div>\r\n<\/div>\n<\/td>\n<td>\n<div class=\"wpfilebase-attachment\">\r\n <div class=\"wpfilebase-fileicon\"><a href=\"https:\/\/www.geoportaligm.gob.ec\/portal\/?wpfb_dl=1154\" title=\"Download Servicios WFS_PN_Amenazas\"><img align=\"middle\" src=\"https:\/\/www.geoportaligm.gob.ec\/portal\/wp-includes\/images\/crystal\/text.png\" alt=\"Servicios WFS_PN_Amenazas\" \/><\/a><\/div>\r\n <div class=\"wpfilebase-rightcol\">\r\n  <div class=\"wpfilebase-filetitle\">\r\n   <a href=\"https:\/\/www.geoportaligm.gob.ec\/portal\/?wpfb_dl=1154\" title=\"Download Servicios WFS_PN_Amenazas\">Servicios WFS_PN_Amenazas<\/a><br \/>\r\n   Servicios-WFS_PN_Amenazas.txt<br \/>\r\n   Version: 1.0<br \/>\r\n   \r\n  <\/div>\r\n  <div class=\"wpfilebase-filedetails\" id=\"wpfilebase-filedetails14\" style=\"display: none;\">\r\n  <p><\/p>\r\n  <table border=\"0\">\r\n   \r\n   \r\n   \r\n   \r\n   \r\n   \r\n   <tr><td><strong>Date:<\/strong><\/td><td>2020\/01\/02<\/td><\/tr>\r\n   \n  <\/table>\r\n  <\/div>\r\n <\/div>\r\n <div class=\"wpfilebase-fileinfo\">\r\n  375.0 B<br \/>\r\n  389 Downloads<br \/>\r\n  <a href=\"#\" onclick=\"return wpfilebase_filedetails(14);\">Details...<\/a>\r\n <\/div>\r\n <div style=\"clear: both;\"><\/div>\r\n<\/div>\n<\/td>\n<td>\n<div class=\"wpfilebase-attachment\">\r\n <div class=\"wpfilebase-fileicon\"><a href=\"https:\/\/www.geoportaligm.gob.ec\/portal\/?wpfb_dl=1155\" title=\"Download Servicios WFS_PN_Capacidad_Uso\"><img align=\"middle\" src=\"https:\/\/www.geoportaligm.gob.ec\/portal\/wp-includes\/images\/crystal\/text.png\" alt=\"Servicios WFS_PN_Capacidad_Uso\" \/><\/a><\/div>\r\n <div class=\"wpfilebase-rightcol\">\r\n  <div class=\"wpfilebase-filetitle\">\r\n   <a href=\"https:\/\/www.geoportaligm.gob.ec\/portal\/?wpfb_dl=1155\" title=\"Download Servicios WFS_PN_Capacidad_Uso\">Servicios WFS_PN_Capacidad_Uso<\/a><br \/>\r\n   Servicios-WFS_PN_Capacidad_Uso.txt<br \/>\r\n   Version: 1.0<br \/>\r\n   \r\n  <\/div>\r\n  <div class=\"wpfilebase-filedetails\" id=\"wpfilebase-filedetails15\" style=\"display: none;\">\r\n  <p><\/p>\r\n  <table border=\"0\">\r\n   \r\n   \r\n   \r\n   \r\n   \r\n   \r\n   <tr><td><strong>Date:<\/strong><\/td><td>2020\/01\/02<\/td><\/tr>\r\n   \n  <\/table>\r\n  <\/div>\r\n <\/div>\r\n <div class=\"wpfilebase-fileinfo\">\r\n  366.0 B<br \/>\r\n  322 Downloads<br \/>\r\n  <a href=\"#\" onclick=\"return wpfilebase_filedetails(15);\">Details...<\/a>\r\n <\/div>\r\n <div style=\"clear: both;\"><\/div>\r\n<\/div>\n<\/td>\n<\/tr>\n<\/table>\n<p><\/body><br \/>\n<\/html><\/p>\n<h2 style=\"background-color: dodgerblue; text-align: center;\">NOTA IMPORTANTE<\/h2>\n<p style=\"text-align: center;\">Recuerde que estas direcciones no son p\u00e1ginas web. Copie y pegue la URL del servicio apropiado en su cliente WFS. Para acceder a los manuales t\u00e9cnicos correspondientes dar <a href=\"https:\/\/www.geoportaligm.gob.ec\/portal\/index.php\/portafolio\/descarga-de-manuales-tecnicos\/\">click aqu\u00ed.<\/a><\/p>\n","protected":false},"excerpt":{"rendered":"<p>El servicios (WFS) devuelve entidades con geometr\u00eda y atributos que los clientes pueden utilizar en cualquier tipo de an\u00e1lisis geo-espacial. Generaci\u00f3n de geoinformaci\u00f3n para la gesti\u00f3n del territorio a nivel nacional a escala 1:25.000 NOTA IMPORTANTE Recuerde que estas direcciones no son p\u00e1ginas web. Copie y pegue la URL del servicio apropiado en su cliente <a class=\"moretag\" href=\"https:\/\/www.geoportaligm.gob.ec\/portal\/index.php\/descarga-de-servicios-wfs-proyecto-nacional\/\">Read More &#8230;<\/a><\/p>\n","protected":false},"author":1,"featured_media":0,"parent":0,"menu_order":0,"comment_status":"closed","ping_status":"closed","template":"full-width-page.php","meta":[],"_links":{"self":[{"href":"https:\/\/www.geoportaligm.gob.ec\/portal\/index.php\/wp-json\/wp\/v2\/pages\/4242"}],"collection":[{"href":"https:\/\/www.geoportaligm.gob.ec\/portal\/index.php\/wp-json\/wp\/v2\/pages"}],"about":[{"href":"https:\/\/www.geoportaligm.gob.ec\/portal\/index.php\/wp-json\/wp\/v2\/types\/page"}],"author":[{"embeddable":true,"href":"https:\/\/www.geoportaligm.gob.ec\/portal\/index.php\/wp-json\/wp\/v2\/users\/1"}],"replies":[{"embeddable":true,"href":"https:\/\/www.geoportaligm.gob.ec\/portal\/index.php\/wp-json\/wp\/v2\/comments?post=4242"}],"version-history":[{"count":5,"href":"https:\/\/www.geoportaligm.gob.ec\/portal\/index.php\/wp-json\/wp\/v2\/pages\/4242\/revisions"}],"predecessor-version":[{"id":5233,"href":"https:\/\/www.geoportaligm.gob.ec\/portal\/index.php\/wp-json\/wp\/v2\/pages\/4242\/revisions\/5233"}],"wp:attachment":[{"href":"https:\/\/www.geoportaligm.gob.ec\/portal\/index.php\/wp-json\/wp\/v2\/media?parent=4242"}],"curies":[{"name":"wp","href":"https:\/\/api.w.org\/{rel}","templated":true}]}}