{"id":4196,"date":"2019-12-18T12:00:33","date_gmt":"2019-12-18T17:00:33","guid":{"rendered":"https:\/\/www.geoportaligm.gob.ec\/portal\/?page_id=4196"},"modified":"2021-05-04T11:44:33","modified_gmt":"2021-05-04T16:44:33","slug":"descarga-de-servicios-wms-afc","status":"publish","type":"page","link":"https:\/\/www.geoportaligm.gob.ec\/portal\/index.php\/descarga-de-servicios-wms-afc\/","title":{"rendered":"Descarga-de-servicios-wms-afc"},"content":{"rendered":"<p><\/p>\n<h2 style=\"border: 2px solid Tomato;\"><center><\/p>\n<p style=\"color: white;\">Servicios Web de Mapas (WMS) que cumplen la especificaciones WMS del<br \/>\nOpen Geoespatial Consortium, de modo que son est\u00e1ndar e interoperables.<br \/>\nGeneraci\u00f3n de informaci\u00f3n geo-espacial para la determinaci\u00f3n<br \/>\nde la Aptitud F\u00edsica Constructiva del Territorio y Desarrollo<\/p>\n<p><\/center><\/h2>\n<p><!DOCTYPE html><br \/>\n<html><br \/>\n<body><\/p>\n<table border=\"1\" style=\"width:97%\">\n<tr>\n<td>\n<div class=\"wpfilebase-attachment\">\r\n <div class=\"wpfilebase-fileicon\"><a href=\"https:\/\/www.geoportaligm.gob.ec\/portal\/?wpfb_dl=1116\" title=\"Download Servicios WMS_Tematica_Fisiograf\u00eda\"><img align=\"middle\" src=\"https:\/\/www.geoportaligm.gob.ec\/portal\/wp-includes\/images\/crystal\/text.png\" alt=\"Servicios WMS_Tematica_Fisiograf\u00eda\" \/><\/a><\/div>\r\n <div class=\"wpfilebase-rightcol\">\r\n  <div class=\"wpfilebase-filetitle\">\r\n   <a href=\"https:\/\/www.geoportaligm.gob.ec\/portal\/?wpfb_dl=1116\" title=\"Download Servicios WMS_Tematica_Fisiograf\u00eda\">Servicios WMS_Tematica_Fisiograf\u00eda<\/a><br \/>\r\n   Servicios-WMS_TEMATICA_FISIOGRAFIA.txt<br \/>\r\n   Version: 1.0<br \/>\r\n   \r\n  <\/div>\r\n  <div class=\"wpfilebase-filedetails\" id=\"wpfilebase-filedetails1\" style=\"display: none;\">\r\n  <p><\/p>\r\n  <table border=\"0\">\r\n   \r\n   \r\n   \r\n   \r\n   \r\n   \r\n   <tr><td><strong>Date:<\/strong><\/td><td>2019\/10\/29<\/td><\/tr>\r\n   \n  <\/table>\r\n  <\/div>\r\n <\/div>\r\n <div class=\"wpfilebase-fileinfo\">\r\n  356.0 B<br \/>\r\n  342 Downloads<br \/>\r\n  <a href=\"#\" onclick=\"return wpfilebase_filedetails(1);\">Details...<\/a>\r\n <\/div>\r\n <div style=\"clear: both;\"><\/div>\r\n<\/div>\n<\/td>\n<td>\n<div class=\"wpfilebase-attachment\">\r\n <div class=\"wpfilebase-fileicon\"><a href=\"https:\/\/www.geoportaligm.gob.ec\/portal\/?wpfb_dl=1117\" title=\"Download Servicios WMS_Tematica_Evaluaci\u00f3n_Tierra\"><img align=\"middle\" src=\"https:\/\/www.geoportaligm.gob.ec\/portal\/wp-includes\/images\/crystal\/text.png\" alt=\"Servicios WMS_Tematica_Evaluaci\u00f3n_Tierra\" \/><\/a><\/div>\r\n <div class=\"wpfilebase-rightcol\">\r\n  <div class=\"wpfilebase-filetitle\">\r\n   <a href=\"https:\/\/www.geoportaligm.gob.ec\/portal\/?wpfb_dl=1117\" title=\"Download Servicios WMS_Tematica_Evaluaci\u00f3n_Tierra\">Servicios WMS_Tematica_Evaluaci\u00f3n_Tierra<\/a><br \/>\r\n   Servicios-WMS_TEMATICA_EVALUACION_TIERRA.txt<br \/>\r\n   Version: 1.0<br \/>\r\n   \r\n  <\/div>\r\n  <div class=\"wpfilebase-filedetails\" id=\"wpfilebase-filedetails2\" style=\"display: none;\">\r\n  <p><\/p>\r\n  <table border=\"0\">\r\n   \r\n   \r\n   \r\n   \r\n   \r\n   \r\n   <tr><td><strong>Date:<\/strong><\/td><td>2019\/12\/18<\/td><\/tr>\r\n   \n  <\/table>\r\n  <\/div>\r\n <\/div>\r\n <div class=\"wpfilebase-fileinfo\">\r\n  356.0 B<br \/>\r\n  352 Downloads<br \/>\r\n  <a href=\"#\" onclick=\"return wpfilebase_filedetails(2);\">Details...<\/a>\r\n <\/div>\r\n <div style=\"clear: both;\"><\/div>\r\n<\/div>\n<\/td>\n<\/tr>\n<\/table>\n<table border=\"1\" style=\"width:97%\">\n<tr>\n<td>\n<div class=\"wpfilebase-attachment\">\r\n <div class=\"wpfilebase-fileicon\"><a href=\"https:\/\/www.geoportaligm.gob.ec\/portal\/?wpfb_dl=1118\" title=\"Download Servicios WMS_Tematica_Cobertura_Tierra\"><img align=\"middle\" src=\"https:\/\/www.geoportaligm.gob.ec\/portal\/wp-includes\/images\/crystal\/text.png\" alt=\"Servicios WMS_Tematica_Cobertura_Tierra\" \/><\/a><\/div>\r\n <div class=\"wpfilebase-rightcol\">\r\n  <div class=\"wpfilebase-filetitle\">\r\n   <a href=\"https:\/\/www.geoportaligm.gob.ec\/portal\/?wpfb_dl=1118\" title=\"Download Servicios WMS_Tematica_Cobertura_Tierra\">Servicios WMS_Tematica_Cobertura_Tierra<\/a><br \/>\r\n   Servicios-WMS_TEMATICA_COBERTURA_TIERRA.txt<br \/>\r\n   Version: 1.0<br \/>\r\n   \r\n  <\/div>\r\n  <div class=\"wpfilebase-filedetails\" id=\"wpfilebase-filedetails3\" style=\"display: none;\">\r\n  <p><\/p>\r\n  <table border=\"0\">\r\n   \r\n   \r\n   \r\n   \r\n   \r\n   \r\n   <tr><td><strong>Date:<\/strong><\/td><td>2019\/12\/18<\/td><\/tr>\r\n   \n  <\/table>\r\n  <\/div>\r\n <\/div>\r\n <div class=\"wpfilebase-fileinfo\">\r\n  352.0 B<br \/>\r\n  364 Downloads<br \/>\r\n  <a href=\"#\" onclick=\"return wpfilebase_filedetails(3);\">Details...<\/a>\r\n <\/div>\r\n <div style=\"clear: both;\"><\/div>\r\n<\/div>\n<\/td>\n<td>\n<div class=\"wpfilebase-attachment\">\r\n <div class=\"wpfilebase-fileicon\"><a href=\"https:\/\/www.geoportaligm.gob.ec\/portal\/?wpfb_dl=1119\" title=\"Download Servicios WMS_Tematica_Geografia_SocioE\"><img align=\"middle\" src=\"https:\/\/www.geoportaligm.gob.ec\/portal\/wp-includes\/images\/crystal\/text.png\" alt=\"Servicios WMS_Tematica_Geografia_SocioE\" \/><\/a><\/div>\r\n <div class=\"wpfilebase-rightcol\">\r\n  <div class=\"wpfilebase-filetitle\">\r\n   <a href=\"https:\/\/www.geoportaligm.gob.ec\/portal\/?wpfb_dl=1119\" title=\"Download Servicios WMS_Tematica_Geografia_SocioE\">Servicios WMS_Tematica_Geografia_SocioE<\/a><br \/>\r\n   Servicios-WMS_TEMATICA_GEOGRAFIA_SOCIOE.txt<br \/>\r\n   Version: 1.0<br \/>\r\n   \r\n  <\/div>\r\n  <div class=\"wpfilebase-filedetails\" id=\"wpfilebase-filedetails4\" style=\"display: none;\">\r\n  <p><\/p>\r\n  <table border=\"0\">\r\n   \r\n   \r\n   \r\n   \r\n   \r\n   \r\n   <tr><td><strong>Date:<\/strong><\/td><td>2019\/12\/18<\/td><\/tr>\r\n   \n  <\/table>\r\n  <\/div>\r\n <\/div>\r\n <div class=\"wpfilebase-fileinfo\">\r\n  359.0 B<br \/>\r\n  334 Downloads<br \/>\r\n  <a href=\"#\" onclick=\"return wpfilebase_filedetails(4);\">Details...<\/a>\r\n <\/div>\r\n <div style=\"clear: both;\"><\/div>\r\n<\/div>\n<\/td>\n<\/tr>\n<\/table>\n<table border=\"1\" style=\"width:97%\">\n<tr>\n<td>\n<div class=\"wpfilebase-attachment\">\r\n <div class=\"wpfilebase-fileicon\"><a href=\"https:\/\/www.geoportaligm.gob.ec\/portal\/?wpfb_dl=1120\" title=\"Download Servicios WMS_Tematica_Fichas_Paisajistas\"><img align=\"middle\" src=\"https:\/\/www.geoportaligm.gob.ec\/portal\/wp-includes\/images\/crystal\/text.png\" alt=\"Servicios WMS_Tematica_Fichas_Paisajistas\" \/><\/a><\/div>\r\n <div class=\"wpfilebase-rightcol\">\r\n  <div class=\"wpfilebase-filetitle\">\r\n   <a href=\"https:\/\/www.geoportaligm.gob.ec\/portal\/?wpfb_dl=1120\" title=\"Download Servicios WMS_Tematica_Fichas_Paisajistas\">Servicios WMS_Tematica_Fichas_Paisajistas<\/a><br \/>\r\n   Servicios-WMS_TEMATICA_FICHAS_PAISAJISTAS.txt<br \/>\r\n   Version: 1.0<br \/>\r\n   \r\n  <\/div>\r\n  <div class=\"wpfilebase-filedetails\" id=\"wpfilebase-filedetails5\" style=\"display: none;\">\r\n  <p><\/p>\r\n  <table border=\"0\">\r\n   \r\n   \r\n   \r\n   \r\n   \r\n   \r\n   <tr><td><strong>Date:<\/strong><\/td><td>2019\/12\/18<\/td><\/tr>\r\n   \n  <\/table>\r\n  <\/div>\r\n <\/div>\r\n <div class=\"wpfilebase-fileinfo\">\r\n  333.0 B<br \/>\r\n  288 Downloads<br \/>\r\n  <a href=\"#\" onclick=\"return wpfilebase_filedetails(5);\">Details...<\/a>\r\n <\/div>\r\n <div style=\"clear: both;\"><\/div>\r\n<\/div>\n<\/td>\n<\/tr>\n<\/table>\n<p><\/body><br \/>\n<\/html><\/p>\n<h2 style=\"background-color: dodgerblue; text-align: center;\">NOTA IMPORTANTE<\/h2>\n<p style=\"text-align: center;\">Recuerde que estas direcciones no son p\u00e1ginas web. Copie y pegue la URL del servicio apropiado en su cliente WMS. Para acceder a los manuales t\u00e9cnicos correspondientes dar <a href=\"https:\/\/www.geoportaligm.gob.ec\/portal\/index.php\/portafolio\/descarga-de-manuales-tecnicos\/\">click aqu\u00ed.<\/a><\/p>\n","protected":false},"excerpt":{"rendered":"<p>Servicios Web de Mapas (WMS) que cumplen la especificaciones WMS del Open Geoespatial Consortium, de modo que son est\u00e1ndar e interoperables. Generaci\u00f3n de informaci\u00f3n geo-espacial para la determinaci\u00f3n de la Aptitud F\u00edsica Constructiva del Territorio y Desarrollo NOTA IMPORTANTE Recuerde que estas direcciones no son p\u00e1ginas web. Copie y pegue la URL del servicio apropiado <a class=\"moretag\" href=\"https:\/\/www.geoportaligm.gob.ec\/portal\/index.php\/descarga-de-servicios-wms-afc\/\">Read More &#8230;<\/a><\/p>\n","protected":false},"author":1,"featured_media":0,"parent":0,"menu_order":0,"comment_status":"closed","ping_status":"closed","template":"full-width-page.php","meta":[],"_links":{"self":[{"href":"https:\/\/www.geoportaligm.gob.ec\/portal\/index.php\/wp-json\/wp\/v2\/pages\/4196"}],"collection":[{"href":"https:\/\/www.geoportaligm.gob.ec\/portal\/index.php\/wp-json\/wp\/v2\/pages"}],"about":[{"href":"https:\/\/www.geoportaligm.gob.ec\/portal\/index.php\/wp-json\/wp\/v2\/types\/page"}],"author":[{"embeddable":true,"href":"https:\/\/www.geoportaligm.gob.ec\/portal\/index.php\/wp-json\/wp\/v2\/users\/1"}],"replies":[{"embeddable":true,"href":"https:\/\/www.geoportaligm.gob.ec\/portal\/index.php\/wp-json\/wp\/v2\/comments?post=4196"}],"version-history":[{"count":2,"href":"https:\/\/www.geoportaligm.gob.ec\/portal\/index.php\/wp-json\/wp\/v2\/pages\/4196\/revisions"}],"predecessor-version":[{"id":5169,"href":"https:\/\/www.geoportaligm.gob.ec\/portal\/index.php\/wp-json\/wp\/v2\/pages\/4196\/revisions\/5169"}],"wp:attachment":[{"href":"https:\/\/www.geoportaligm.gob.ec\/portal\/index.php\/wp-json\/wp\/v2\/media?parent=4196"}],"curies":[{"name":"wp","href":"https:\/\/api.w.org\/{rel}","templated":true}]}}