{"id":3064,"date":"2019-06-03T15:17:55","date_gmt":"2019-06-03T20:17:55","guid":{"rendered":"https:\/\/www.geoportaligm.gob.ec\/portal\/?page_id=3064"},"modified":"2024-11-07T13:50:04","modified_gmt":"2024-11-07T18:50:04","slug":"descarga-de-manuales-tecnicos","status":"publish","type":"page","link":"https:\/\/www.geoportaligm.gob.ec\/portal\/index.php\/descargas\/descarga-de-manuales-tecnicos\/","title":{"rendered":"Descarga de Manuales T\u00e9cnicos"},"content":{"rendered":"<p>\t<!DOCTYPE html><br \/>\n<html lang=\"es-ES\"><br \/>\n<head><br \/>\n<meta charset=\"UTF-8\"><br \/>\n<meta name=\"viewport\" content=\"width=device-width, initial-scale=1\">\n<link rel=\"profile\" href=\"http:\/\/gmpg.org\/xfn\/11\">\n<link rel=\"pingback\" href=\"https:\/\/www.geoportaligm.gob.ec\/portal\/xmlrpc.php\">\n<title>Descarga de Manuales T\u00e9cnicos &#8211; Geoportal Ecuador<\/title>\n<link rel='dns-prefetch' href='\/\/fonts.googleapis.com' \/>\n<link rel='dns-prefetch' href='\/\/s.w.org' \/>\n<link rel=\"alternate\" type=\"application\/rss+xml\" title=\"Geoportal Ecuador &raquo; Feed\" href=\"https:\/\/www.geoportaligm.gob.ec\/portal\/index.php\/feed\/\" \/>\n<link rel=\"alternate\" type=\"application\/rss+xml\" title=\"Geoportal Ecuador &raquo; RSS de los comentarios\" href=\"https:\/\/www.geoportaligm.gob.ec\/portal\/index.php\/comments\/feed\/\" \/>\n<link rel='stylesheet' id='wpfb-css'  href='\/\/www.geoportaligm.gob.ec\/portal\/wp-content\/plugins\/wp-filebase\/wp-filebase.css?t=1491850274&#038;ver=3.4.1' type='text\/css' media='all' \/>\n<link rel='stylesheet' id='fl-builder-layout-580-css'  href='https:\/\/www.geoportaligm.gob.ec\/portal\/wp-content\/uploads\/bb-plugin\/cache\/580-layout.css?ver=a70afa78e2903ce45cb6a5f32c288803' type='text\/css' media='all' \/>\n<link rel='stylesheet' id='contact-form-7-css'  href='https:\/\/www.geoportaligm.gob.ec\/portal\/wp-content\/plugins\/contact-form-7\/includes\/css\/styles.css?ver=4.4' type='text\/css' media='all' \/>\n<link rel='stylesheet' id='stcr-font-awesome-css'  href='https:\/\/www.geoportaligm.gob.ec\/portal\/wp-content\/plugins\/subscribe-to-comments-reloaded\/includes\/css\/font-awesome.min.css?ver=4.7.13' type='text\/css' media='all' \/>\n<link rel='stylesheet' id='tesseract-style-css'  href='https:\/\/www.geoportaligm.gob.ec\/portal\/wp-content\/themes\/TESSERACT\/style.css?ver=1.0.0' type='text\/css' media='all' \/>\n<link rel='stylesheet' id='tesseract-fonts-css'  href='\/\/fonts.googleapis.com\/css?family=Open%2BSans%3A400%2C300%2C300italic%2C400italic%2C600%2C600italic%2C700%2C700italic%2C800%2C800italic%26subset%3Dlatin%2Cgreek%2Cgreek-ext%2Cvietnamese%2Ccyrillic-ext%2Ccyrillic%2Clatin-ext&#038;ver=1.0.0' type='text\/css' media='all' \/>\n<link rel='stylesheet' id='tesseract-icons-css'  href='https:\/\/www.geoportaligm.gob.ec\/portal\/wp-content\/themes\/TESSERACT\/css\/typicons.css?ver=1.0.0' type='text\/css' media='all' \/>\n<link rel='stylesheet' id='fontawesome-css'  href='https:\/\/www.geoportaligm.gob.ec\/portal\/wp-content\/themes\/TESSERACT\/css\/font-awesome.min.css?ver=4.4.0' type='text\/css' media='all' \/>\n<link rel='stylesheet' id='tesseract-site-banner-css'  href='https:\/\/www.geoportaligm.gob.ec\/portal\/wp-content\/themes\/TESSERACT\/css\/site-banner.css?ver=1.0.0' type='text\/css' media='all' \/>\n<style id='tesseract-site-banner-inline-css' type='text\/css'>\n.site-header,\n\t.main-navigation ul ul a,\n\t#header-right-menu ul ul a,\n\t.site-header .cart-content-details { background-color: rgb(139, 183, 78); }\n\t.site-header .cart-content-details:after { border-bottom-color: rgb(139, 183, 78); }\n\t.home .site-header,\n\t.home .main-navigation ul ul a,\n\t.home #header-right ul ul a,\n\t.home .site-header .cart-content-details { background-color: rgba(139, 183, 78, 1); }\n\t.home .site-header .cart-content-details:after { border-bottom-color: rgba(139, 183, 78, 1); }\n\t#masthead .search-field { color: #ffffff; }\n\t#masthead .search-field.watermark { color: #ccc; }\n\t.site-header a,\n\t.main-navigation ul ul a,\n\t#header-right-menu ul ul a,\n\t.menu-open,\n\t.dashicons.menu-open,\n\t.menu-close,\n\t.dashicons.menu-close { color: #ffffff; }\n\t.site-header a:hover,\n\t.main-navigation ul ul a:hover,\n\t#header-right-menu ul ul a:hover,\n\t.menu-open:hover,\n\t.dashicons.menu-open:hover,\n\t.menu-close:hover,\n\t.dashicons.menu-open:hover { color: #ffffff; }\n\t\/* Header logo height *\/\n\t#site-banner .site-logo img {\n\t\theight: 40px;\n\t\t}\n\t#masthead {\n\t\tpadding-top: 10px;\n\t\tpadding-bottom: 10px;\n\t\t}\n\t\/* Header width props *\/\n\t#site-banner-left {\n\t\twidth: 60%;\n\t\t}\n\t#site-banner-right {\n\t\twidth: 40%;\n\t\t}\n\t#site-banner {\n\t\t\tmax-width: 100%;\n\t\t\tpadding-left: 0;\n\t\t\tpadding-right: 0;\n\t\t}\n\t\t.icon-shopping-cart, .woocart-header .cart-arrow, .woocart-header .cart-contents {\n\t\t\tcolor: #fff;\n\t\t}\n<\/style>\n<link rel='stylesheet' id='tesseract-footer-banner-css'  href='https:\/\/www.geoportaligm.gob.ec\/portal\/wp-content\/themes\/TESSERACT\/css\/footer-banner.css?ver=1.0.0' type='text\/css' media='all' \/>\n<style id='tesseract-footer-banner-inline-css' type='text\/css'>\n#colophon {\n\t\tbackground-color: #ffffff;\n\t\tcolor: #000000\n\t}\n\t#colophon .search-field { color: #000000; }\n\t#colophon .search-field.watermark { color: #ccc; }\n\t#colophon a { color: #ffffff; }\n\t#colophon a:hover { color: #d1ecff; }\n\t#horizontal-menu-before,\n\t#horizontal-menu-after { border-color: rgba(255, 255, 255, 0.25); }\n\t#footer-banner.footbar-active { border-color: rgba(255, 255, 255, 0.15); }\n\t#footer-banner .site-logo img { height: 110px; }\n\t#colophon {\n\t\tpadding-top: 5px;\n\t\tpadding-bottom: 5px;\n\t\t}\n\t#horizontal-menu-wrap {\n\t\twidth: 60%;\n\t\t}\n\t#footer-banner-right\t{\n\t\twidth: 40%;\n\t\t}\n\t#footer-banner {\n\t\t\tmax-width: 100%;\n\t\t\tpadding: 0 10px;\n\t\t}\n<\/style>\n<link rel='stylesheet' id='dashicons-css'  href='https:\/\/www.geoportaligm.gob.ec\/portal\/wp-includes\/css\/dashicons.min.css?ver=4.7.13' type='text\/css' media='all' \/>\n<link rel='stylesheet' id='tesseract-sidr-style-css'  href='https:\/\/www.geoportaligm.gob.ec\/portal\/wp-content\/themes\/TESSERACT\/css\/jquery.sidr.css?ver=1.0.0' type='text\/css' media='all' \/>\n<style id='tesseract-sidr-style-inline-css' type='text\/css'>\n.sidr {\n\t\tbackground-color: #ffffff;\n\t\t}\n\t.sidr .sidr-class-menu-item ul li a,\n\t.sidr .sidr-class-menu-item ul li span {\n\t\tcolor: rgba(36, 137, 13, 0.8);\n\t}\n\t.sidr .sidr-class-menu-item a:hover,\n\t.sidr .sidr-class-menu-item span:hover,\n\t.sidr .sidr-class-menu-item:first-child a:hover,\n\t.sidr .sidr-class-menu-item:first-child span:hover { color: #ffffff; }\n\t.sidr .sidr-class-menu-item ul li a:hover,\n\t.sidr .sidr-class-menu-item ul li span:hover,\n\t.sidr .sidr-class-menu-item ul li:first-child a:hover,\n\t.sidr .sidr-class-menu-item ul li:first-child span:hover { color: rgba(255, 255, 255, 0.8); }\n\t.sidr ul li > a:hover,\n\t.sidr ul li > span:hover,\n\t.sidr > div > ul > li:first-child > a:hover,\n\t.sidr > div > ul > li:first-child > span:hover,\n\t.sidr ul li ul li:hover > a,\n\t.sidr ul li ul li:hover > span {\n\t\tbackground: rgba(0, 0, 0, 0.2);\n\t\t}\n\t\/* Shadows and Separators *\/\n\t.sidr ul li > a,\n\t.sidr ul li > span,\n\t#sidr-id-header-button-container-inner > * {\n\t\t-webkit-box-shadow: inset 0 -1px rgba( 0 ,0 ,0 , 0.2);\n\t\t-moz-box-shadow: inset 0 -1px rgba( 0 ,0 ,0 , 0.2);\n\t\tbox-shadow: inset 0 -1px rgba( 0 ,0 ,0 , 0.2);\n\t}\n\t.sidr > div > ul > li:last-of-type > a,\n\t.sidr > div > ul > li:last-of-type > span,\n\t#sidr-id-header-button-container-inner > *:last-of-type {\n\t\tbox-shadow: none;\n\t\t}\n\t\/* Header Right side content *\/\n\t.sidr-class-search-field,\n\t.sidr-class-search-form input[type='search'] {\n\t\tbackground: rgba(255, 255, 255, 0.15);\n\t\tcolor: ;\n\t}\n\t.sidr-class-hr-social {\n\t\tbackground: rgba(255, 255, 255, 0.15);\n\t}\n\t#sidr-id-header-button-container-inner a,\n\t#sidr-id-header-button-container-inner button {\n\t\tcolor: ;\n\t}\n\t#sidr-id-header-button-container-inner a:hover,\n\t#sidr-id-header-button-container-inner button:hover {\n\t\tcolor: ;\n\t}\n\t\/*\n\t.sidr ul li > a,\n\t.sidr ul li > span,\n\t#header-button-container *,\n\t#sidr-id-header-button-container-inner button {\n\t\t-webkit-box-shadow: inset 0 -1px rgba(255, 255, 255, 0.1);\n\t\t-moz-box-shadow: inset 0 -1px rgba(255, 255, 255, 0.1);\n\t\tbox-shadow: inset 0 -1px rgba(255, 255, 255, 0.1);\n\t}\n\t*\/\n<\/style>\n<link rel='stylesheet' id='wpmu-animate-min-css-css'  href='https:\/\/www.geoportaligm.gob.ec\/portal\/wp-content\/plugins\/wordpress-popup\/css\/animate.min.css?ver=4.7.13' type='text\/css' media='all' \/>\n<!-- This site uses the Google Analytics by MonsterInsights plugin v6.1.7 - Using Analytics tracking - https:\/\/www.monsterinsights.com\/ --><br \/>\n<!-- \/ Google Analytics by MonsterInsights -->\n<link rel='https:\/\/api.w.org\/' href='https:\/\/www.geoportaligm.gob.ec\/portal\/index.php\/wp-json\/' \/>\n<link rel=\"EditURI\" type=\"application\/rsd+xml\" title=\"RSD\" href=\"https:\/\/www.geoportaligm.gob.ec\/portal\/xmlrpc.php?rsd\" \/>\n<link rel=\"wlwmanifest\" type=\"application\/wlwmanifest+xml\" href=\"https:\/\/www.geoportaligm.gob.ec\/portal\/wp-includes\/wlwmanifest.xml\" \/>\n<meta name=\"generator\" content=\"WordPress 4.7.13\" \/>\n<link rel=\"canonical\" href=\"https:\/\/www.geoportaligm.gob.ec\/portal\/index.php\/descargas\/descarga-de-manuales-tecnicos\/\" \/>\n<link rel='shortlink' href='https:\/\/www.geoportaligm.gob.ec\/portal\/?p=580' \/>\n<link rel=\"alternate\" type=\"application\/json+oembed\" href=\"https:\/\/www.geoportaligm.gob.ec\/portal\/index.php\/wp-json\/oembed\/1.0\/embed?url=http%3A%2F%2Fwww.geoportaligm.gob.ec%2Fportal%2Findex.php%2Fdescargas%2Fdescarga-de-manuales-tecnicos%2F\" \/>\n<link rel=\"alternate\" type=\"text\/xml+oembed\" href=\"https:\/\/www.geoportaligm.gob.ec\/portal\/index.php\/wp-json\/oembed\/1.0\/embed?url=http%3A%2F%2Fwww.geoportaligm.gob.ec%2Fportal%2Findex.php%2Fdescargas%2Fdescarga-de-manuales-tecnicos%2F&#038;format=xml\" \/>\n<!-- WP-SWFObject 2.4 by unijimpe --><br \/>\n<noscript><\/p>\n<style>#sidebar-footer aside {border: none!important;}<\/style>\n<p><\/noscript>\t\t<\/p>\n<style type=\"text\/css\">.recentcomments a{display:inline !important;padding:0 !important;margin:0 !important;}<\/style>\n<style type=\"text\/css\" id=\"custom-background-css\">\nbody.custom-background { background-color: #ffffff; }\n<\/style>\n<link rel=\"icon\" href=\"https:\/\/www.geoportaligm.gob.ec\/portal\/wp-content\/uploads\/2016\/03\/favicon.png\" sizes=\"32x32\" \/>\n<link rel=\"icon\" href=\"https:\/\/www.geoportaligm.gob.ec\/portal\/wp-content\/uploads\/2016\/03\/favicon.png\" sizes=\"192x192\" \/>\n<link rel=\"apple-touch-icon-precomposed\" href=\"https:\/\/www.geoportaligm.gob.ec\/portal\/wp-content\/uploads\/2016\/03\/favicon.png\" \/>\n<meta name=\"msapplication-TileImage\" content=\"https:\/\/www.geoportaligm.gob.ec\/portal\/wp-content\/uploads\/2016\/03\/favicon.png\" \/><br \/>\n<!--[if gte IE 9]>\n  \n\n<style type=\"text\/css\">\n    .gradient {\n       filter: none;\n    }\n  <\/style>\n\n\n<![endif]--><br \/>\n<\/head><br \/>\n<body><\/p>\n<header id=\"masthead\" role=\"\">\n                <a href=\"#\" id=\"mobile-menu-trigger\"><\/a><br \/>\n\t\t\t\t\t\t                           <!-- \n                                                                    <!--\n\n<h1><a href=\"https:\/\/www.geoportaligm.gob.ec\/portal\/\" rel=\"home\"><img decoding=\"async\" src=\"https:\/\/www.geoportaligm.gob.ec\/portal\/wp-content\/uploads\/2016\/03\/geoportal_logo-1-e1458827241196.png\" alt=\"logo\" \/><\/a><\/h1>\n\n\n                                                          <!-- .site-branding --><br \/>\n    <\/header>\n<p><!-- #masthead --><br \/>\n\t\t<main id=\"main\" role=\"main\"><\/p>\n<article id=\"post-580\">\n\t\t\t\t<img decoding=\"async\" src=\"https:\/\/www.geoportaligm.gob.ec\/portal\/wp-content\/uploads\/2017\/11\/MANUALES.png\" alt=\"MANUALES\" itemprop=\"image\"  \/><\/p>\n<p style=\"text-align: left;\">Los especialistas y profesionales del Instituto Geogr\u00e1fico Militar del Ecuador, ponen a disposici\u00f3n, en este espacio, los diferentes manuales y documentos de los diversos procesos t\u00e9cnicos cartogr\u00e1ficos &#8211; geogr\u00e1ficos que se generan en el Instituto y que sirvan de gu\u00eda para el p\u00fablico en general.<br \/>\n\tA continuaci\u00f3n se encuentran separados seg\u00fan la tem\u00e1tica:<\/p>\n<h2 style=\"text-align: center;\">\n<p>\t<strong>Manuales para Proceso Cartogr\u00e1fico<\/strong><\/h2>\n<p>Especificaciones referenciales para el proceso Cartogr\u00e1fico <\/p>\n<p>\t<head><\/p>\n<style>\n        * {\n            box-sizing: border-box;\n        }\n        h1 {\n          text-align: center;\n          color: #000;\n        }\n        .table-rwd {\n          font-size: .85em;\n          border: 1px solid rgba(181, 213, 144, 0.5);\n          color: #666;\n          border-collapse: collapse;\n          margin-left: auto;\n          margin-right: auto;\n           }\n          .table-rwd td, .table-rwd th {\n            padding: .8em;\n            border-bottom: 1px solid rgba(181, 213, 144, 0.5);\n             }\n          .table-rwd th {\n            background: #8bb74e;\n            color: #fff;\n            font-weight: normal;\n            text-align: center;\n          }\n          .table-rwd td {\n            text-align: center; \n          }\n            \/*.table-rwd td:before {\n              color: #1A8CFF; }\n            .table-rwd td:after {\n               }*\/\n            .table-rwd td:first-of-type {\n              text-align: left;\n              padding: .8em;\n            border-bottom: 1px solid rgba(181, 213, 144, 0.5);\n               }\n              \/*.table-rwd td:first-of-type:before {\n                 }\n              .table-rwd td:first-of-type:after {\n                 }*\/\n          .table-rwd tr:hover {\n            background: rgba(181, 213, 144, 0.5); }\n          .table-rwd tr td:nth-child(2n) {\n            background: rgba(181, 213, 144, 0.5); }\n        .table-container {\n          overflow-x: auto; \n        }\n        .table-rwd {\n          min-width: 900px; }\n        .table-rwd td:first-child {\n            position: static;\n            background: #fff;\n            width: auto;\n            }\n        .table-rwd th:first-child {\n            width: 45%;\n             }\n        .table-rwd tr:hover td:first-child {\n            background: #8bb74e;\n            color: #fff; }\n    <\/style>\n<p>  <\/head><br \/>\n  <body><\/p>\n<table>\n<tr>\n<th>NOMBRE<\/th>\n<th>FORMATO<\/th>\n<th>A\u00d1O<\/th>\n<th>TAMA\u00d1O<\/th>\n<th>DESCRIPCI\u00d3N<\/th>\n<th>DESCARGAR<\/th>\n<\/tr>\n<tr>\n<td>Manual Cartograf\u00eda PS_3AA_101<\/td>\n<td>PDF<\/td>\n<td>1980<\/td>\n<td>69.4 MB<\/td>\n<td>PRODUCT SPECIFICATIONS FOR  1:50000 SCALE  TOPOGRAPHIC MAPS OF FOREING AREAS<\/td>\n<td><a target=\"_blank\" tabindex=\"-1\" href=\"https:\/\/www.geoportaligm.gob.ec\/portal\/?wpfb_dl=1101\" rel=\"noopener\"><img decoding=\"async\" loading=\"lazy\" src=\"https:\/\/www.geoportaligm.gob.ec\/portal\/wp-content\/uploads\/2017\/05\/descargas.png\" width=\"25px\" height=\"25px\" align=\"center\"><\/a><\/td>\n<\/tr>\n<tr>\n<td>Manual Cartograf\u00eda IPGH<\/td>\n<td>RAR<\/td>\n<td>1979<\/td>\n<td>107 MB<\/td>\n<td> Especificaciones Topogr\u00e1ficas (15 capitulos) <\/td>\n<td><a target=\"_blank\" tabindex=\"-1\" href=\"https:\/\/www.geoportaligm.gob.ec\/portal\/?wpfb_dl=1100\" rel=\"noopener\"><img decoding=\"async\" loading=\"lazy\" src=\"https:\/\/www.geoportaligm.gob.ec\/portal\/wp-content\/uploads\/2017\/05\/descargas.png\" width=\"25px\" height=\"25px\" align=\"center\"><\/a><\/td>\n<\/tr>\n<\/table>\n<p>  <\/body>\t<\/p>\n<p style=\"text-align: left;\">\n<h2 style=\"text-align: center;\"><strong>Conexi\u00f3n a Geoservicios del IGM<\/strong><\/h2>\n<p>A continuaci\u00f3n se publica las diferentes formas de acceder a los servicios WMS-WFS a trav\u00e9s de un Sistema de Informaci\u00f3n Geogr\u00e1fico.<\/p>\n<p>\t<head><br \/>\n  <meta charset=\"utf-8\"\/><br \/>\n    <meta name=\"viewport\" content=\"width=device-width, user-scalable=no, initial-scale=1.0, minimun-scale=1.0\"\/><br \/>\n    <title><\/title><\/p>\n<style>\n        * {\n  box-sizing: border-box;\n   }\nbody {\n  margin: 0;\n  font-family: sans-serif;\n  color: #333;\n   }\nh1 {\n  text-align: center;\n  color: #000;\n}\n.table-rwd {\n  font-size: .85em;\n  border: 1px solid rgba(181, 213, 144, 0.5);\n  color: #666;\n  border-collapse: collapse;\n  margin-left: auto;\n  margin-right: auto;\n   }\n  .table-rwd td, .table-rwd th {\n    padding: .8em;\n    border-bottom: 1px solid rgba(181, 213, 144, 0.5);\n     }\n  .table-rwd th {\n    background: #8bb74e;\n    color: #fff;\n    font-weight: normal;\n    text-align: center;\n  }\n  .table-rwd td {\n    text-align: center; \n  }\n    \/*.table-rwd td:before {\n      color: #1A8CFF; }\n    .table-rwd td:after {\n       }*\/\n    .table-rwd td:first-of-type {\n      text-align: center;\n      padding: .8em;\n    border-bottom: 1px solid rgba(181, 213, 144, 0.5);\n       }\n      \/*.table-rwd td:first-of-type:before {\n         }\n      .table-rwd td:first-of-type:after {\n         }*\/\n  .table-rwd tr:hover {\n    background: rgba(181, 213, 144, 0.5); }\n  .table-rwd tr td:nth-child(2n) {\n    background: rgba(181, 213, 144, 0.5); }\n.table-container {\n  overflow-x: auto; \n}\n.table-rwd {\n  min-width: 900px; }\n  .table-rwd td:first-child {\n    position: static;\n    background: #fff;\n    width: auto;\n    }\n  .table-rwd th:first-child {\n    width: 45%;\n     }\n  .table-rwd tr:hover td:first-child {\n    background: #8bb74e;\n    color: #fff; }\n    <\/style>\n<p>  <\/head><br \/>\n  <body><\/p>\n<table>\n<tr>\n<th>NOMBRE<\/th>\n<th>FORMATO<\/th>\n<th>A\u00d1O<\/th>\n<th>TAMA\u00d1O<\/th>\n<th>ESCALA<\/th>\n<th>DESCARGAR<\/th>\n<\/tr>\n<tr>\n<td>Conexi\u00f3n a Geoservicios WMS-WFS <\/td>\n<td>PDF<\/td>\n<td>2013<\/td>\n<td>8.7 MiB<\/td>\n<td>Usando Quantum Gis<\/td>\n<td><a target=\"_blank\" tabindex=\"-1\" href=\"https:\/\/www.geoportaligm.gob.ec\/portal\/?wpfb_dl=175\" rel=\"noopener\"><img decoding=\"async\" loading=\"lazy\" src=\"https:\/\/www.geoportaligm.gob.ec\/portal\/wp-content\/uploads\/2017\/05\/descargas.png\" width=\"25px\" height=\"25px\" align=\"center\"><\/a><\/td>\n<\/tr>\n<tr>\n<td>Conexi\u00f3n a Geoservicios WMS-WFS <\/td>\n<td>PDF<\/td>\n<td>2013<\/td>\n<td>7.6 MiB<\/td>\n<td>Usando Kosmo<\/td>\n<td><a target=\"_blank\" tabindex=\"-1\" href=\"https:\/\/www.geoportaligm.gob.ec\/portal\/?wpfb_dl=176\" rel=\"noopener\"><img decoding=\"async\" loading=\"lazy\" src=\"https:\/\/www.geoportaligm.gob.ec\/portal\/wp-content\/uploads\/2017\/05\/descargas.png\" width=\"25px\" height=\"25px\" align=\"center\"><\/a><\/td>\n<\/tr>\n<tr>\n<td>Conexi\u00f3n a Geoservicios WMS-WFS <\/td>\n<td>PDF<\/td>\n<td>2013<\/td>\n<td>7.6 MiB<\/td>\n<td>Usando GvSIG<\/td>\n<td><a target=\"_blank\" tabindex=\"-1\" href=\"https:\/\/www.geoportaligm.gob.ec\/portal\/?wpfb_dl=177\" rel=\"noopener\"><img decoding=\"async\" loading=\"lazy\" src=\"https:\/\/www.geoportaligm.gob.ec\/portal\/wp-content\/uploads\/2017\/05\/descargas.png\" width=\"25px\" height=\"25px\" align=\"center\"><\/a><\/td>\n<\/tr>\n<tr>\n<td>Conexi\u00f3n a Geoservicios WMS-WFS <\/td>\n<td>PDF<\/td>\n<td>2013<\/td>\n<td>8.8 MiB<\/td>\n<td>Usando ArcGis<\/td>\n<td><a target=\"_blank\" tabindex=\"-1\" href=\"https:\/\/www.geoportaligm.gob.ec\/portal\/?wpfb_dl=178\" rel=\"noopener\"><img decoding=\"async\" loading=\"lazy\" src=\"https:\/\/www.geoportaligm.gob.ec\/portal\/wp-content\/uploads\/2017\/05\/descargas.png\" width=\"25px\" height=\"25px\" align=\"center\"><\/a><\/td>\n<\/tr>\n<tr>\n<td>Conexi\u00f3n a Geoservicios WMS<\/td>\n<td>PDF<\/td>\n<td>2013<\/td>\n<td>10.9 MiB<\/td>\n<td>Usando Microstation V8i <\/td>\n<td><a target=\"_blank\" tabindex=\"-1\" href=\"https:\/\/www.geoportaligm.gob.ec\/portal\/?wpfb_dl=179\" rel=\"noopener\"><img decoding=\"async\" loading=\"lazy\" src=\"https:\/\/www.geoportaligm.gob.ec\/portal\/wp-content\/uploads\/2017\/05\/descargas.png\" width=\"25px\" height=\"25px\" align=\"center\"><\/a><\/td>\n<\/tr>\n<tr>\n<td>Conexi\u00f3n a Geoservicios WMS<\/td>\n<td>PDF<\/td>\n<td>2013<\/td>\n<td>10.5 MiB<\/td>\n<td>Usando Google Earth<\/td>\n<td><a target=\"_blank\" tabindex=\"-1\" href=\"https:\/\/www.geoportaligm.gob.ec\/portal\/?wpfb_dl=180\" rel=\"noopener\"><img decoding=\"async\" loading=\"lazy\" src=\"https:\/\/www.geoportaligm.gob.ec\/portal\/wp-content\/uploads\/2017\/05\/descargas.png\" width=\"25px\" height=\"25px\" align=\"center\"><\/a><\/td>\n<\/tr>\n<\/table>\n<p>  <\/body>\t<\/p>\n<h2 style=\"text-align: center;\"><strong>Implementacion de una IDE<\/strong><\/h2>\n<p>A continuaci\u00f3n se publica los manuales t\u00e9cnicos de usuario para la implementaci\u00f3n de una IDE.<\/p>\n<table>\n<tr>\n<th>NOMBRE<\/th>\n<th>FORMATO<\/th>\n<th>A\u00d1O<\/th>\n<th>TAMA\u00d1O<\/th>\n<th>ESCALA<\/th>\n<th>DESCARGAR<\/th>\n<\/tr>\n<p>        <!--\n\n<tr>\n          \n\n<td>Manual Gu\u00eda de Usuario del Geoportal V3 IGM<\/td>\n\n\n          \n\n<td>PDF<\/td>\n\n\n          \n\n<td>2017<\/td>\n\n\n          \n\n<td>12.8 MiB<\/td>\n\n\n          \n\n<td>Versi\u00f3n 3.0<\/td>\n\n\n          \n\n<td><a target=\"_blank\" tabindex=\"-1\" href=\"https:\/\/www.geoportaligm.gob.ec\/portal\/?wpfb_dl=1073\" rel=\"noopener\"><img decoding=\"async\" loading=\"lazy\" src=\"https:\/\/www.geoportaligm.gob.ec\/portal\/wp-content\/uploads\/2017\/05\/descargas.png\" width=\"25px\" height=\"25px\" align=\"center\"><\/a><\/td>\n\n\n        <\/tr>\n\n\n        \n\n<tr>--><\/p>\n<td>Manual Gu\u00eda de Usuario del Geoportal IGM<\/td>\n<td>PDF<\/td>\n<td>2024<\/td>\n<td>33.7 MiB<\/td>\n<td>Versi\u00f3n 5.0<\/td>\n<td><a target=\"_blank\" tabindex=\"-1\" href=\"https:\/\/www.geoportaligm.gob.ec\/nextcloud\/index.php\/s\/tnNiK3XTbji6MGK\" rel=\"noopener\"><img decoding=\"async\" loading=\"lazy\" src=\"https:\/\/www.geoportaligm.gob.ec\/portal\/wp-content\/uploads\/2017\/05\/descargas.png\" width=\"25px\" height=\"25px\" align=\"center\"><\/a><\/td>\n<\/tr>\n<tr>\n<td>Manual de Usuario Geonetwork<\/td>\n<td>PDF<\/td>\n<td>2012<\/td>\n<td>15.2 MiB<\/td>\n<td>Versi\u00f3n 1.0<\/td>\n<td><a target=\"_blank\" tabindex=\"-1\" href=\"https:\/\/www.geoportaligm.gob.ec\/portal\/?wpfb_dl=24\" rel=\"noopener\"><img decoding=\"async\" loading=\"lazy\" src=\"https:\/\/www.geoportaligm.gob.ec\/portal\/wp-content\/uploads\/2017\/05\/descargas.png\" width=\"25px\" height=\"25px\" align=\"center\"><\/a><\/td>\n<\/tr>\n<tr>\n<td>Manual T\u00e9cnico Geoserver<\/td>\n<td>PDF<\/td>\n<td>2012<\/td>\n<td>5.6 MiB<\/td>\n<td>Versi\u00f3n 1.0<\/td>\n<td><a target=\"_blank\" tabindex=\"-1\" href=\"https:\/\/www.geoportaligm.gob.ec\/portal\/?wpfb_dl=25\" rel=\"noopener\"><img decoding=\"async\" loading=\"lazy\" src=\"https:\/\/www.geoportaligm.gob.ec\/portal\/wp-content\/uploads\/2017\/05\/descargas.png\" width=\"25px\" height=\"25px\" align=\"center\"><\/a><\/td>\n<\/tr>\n<tr>\n<td>Manual T\u00e9cnico Mapbender<\/td>\n<td>PDF<\/td>\n<td>2012<\/td>\n<td>5.4 MiB<\/td>\n<td>Versi\u00f3n 1.0<\/td>\n<td><a target=\"_blank\" tabindex=\"-1\" href=\"https:\/\/www.geoportaligm.gob.ec\/portal\/?wpfb_dl=26\" rel=\"noopener\"><img decoding=\"async\" loading=\"lazy\" src=\"https:\/\/www.geoportaligm.gob.ec\/portal\/wp-content\/uploads\/2017\/05\/descargas.png\" width=\"25px\" height=\"25px\" align=\"center\"><\/a><\/td>\n<\/tr>\n<tr>\n<td>Manual T\u00e9cnico Postgres<\/td>\n<td>PDF<\/td>\n<td>2012<\/td>\n<td>6.2 MiB<\/td>\n<td>Versi\u00f3n 1.0<\/td>\n<td><a target=\"_blank\" tabindex=\"-1\" href=\"https:\/\/www.geoportaligm.gob.ec\/portal\/?wpfb_dl=27\" rel=\"noopener\"><img decoding=\"async\" loading=\"lazy\" src=\"https:\/\/www.geoportaligm.gob.ec\/portal\/wp-content\/uploads\/2017\/05\/descargas.png\" width=\"25px\" height=\"25px\" align=\"center\"><\/a><\/td>\n<\/tr>\n<tr>\n<td>Manual Instructivo Metadatos del IGM<\/td>\n<td>PDF<\/td>\n<td>2010<\/td>\n<td>6.6 MiB<\/td>\n<td>Versi\u00f3n 1.0<\/td>\n<td><a target=\"_blank\" tabindex=\"-1\" href=\"https:\/\/www.geoportaligm.gob.ec\/portal\/?wpfb_dl=58\" rel=\"noopener\"><img decoding=\"async\" loading=\"lazy\" src=\"https:\/\/www.geoportaligm.gob.ec\/portal\/wp-content\/uploads\/2017\/05\/descargas.png\" width=\"25px\" height=\"25px\" align=\"center\"><\/a><\/td>\n<\/tr>\n<tr>\n<td>Manual Publicaci\u00f3n de Mapas con GvSIG<\/td>\n<td>PDF<\/td>\n<td>2009<\/td>\n<td>945.0 KiB<\/td>\n<td>Versi\u00f3n 1.0<\/td>\n<td><a target=\"_blank\" tabindex=\"-1\" href=\"https:\/\/www.geoportaligm.gob.ec\/portal\/?wpfb_dl=56\" rel=\"noopener\"><img decoding=\"async\" loading=\"lazy\" src=\"https:\/\/www.geoportaligm.gob.ec\/portal\/wp-content\/uploads\/2017\/05\/descargas.png\" width=\"25px\" height=\"25px\" align=\"center\"><\/a><\/td>\n<\/tr>\n<\/table>\n<p>\t\t\t<!-- .entry-content --><br \/>\n<\/article>\n<p><!-- #post-## --><br \/>\n\t\t<\/main><!-- #main --><br \/>\n\t<!-- #primary --><br \/>\n\t<!-- #content --><\/p>\n<footer id=\"colophon\" role=\"contentinfo\">\n            <!-- EOF horizontal-menu-wrap --><br \/>\n      \t<!-- EOF footer-banner --><br \/>\n\t<\/footer>\n<p><!-- #colophon --><br \/>\n<!-- #page --><br \/>\n<\/body><br \/>\n<\/html><br \/>\n<!-- Performance optimized by W3 Total Cache. Learn more: https:\/\/www.w3-edge.com\/products\/\nPage Caching using disk: enhanced (Requested URI is rejected)\n Served from: www.geoportaligm.gob.ec @ 2019-06-03 11:15:49 by W3 Total Cache --><\/p>\n","protected":false},"excerpt":{"rendered":"<p>Descarga de Manuales T\u00e9cnicos &#8211; Geoportal Ecuador Los especialistas y profesionales del Instituto Geogr\u00e1fico Militar del Ecuador, ponen a disposici\u00f3n, en este espacio, los diferentes manuales y documentos de los diversos procesos t\u00e9cnicos cartogr\u00e1ficos &#8211; geogr\u00e1ficos que se generan en el Instituto y que sirvan de gu\u00eda para el p\u00fablico en general. A continuaci\u00f3n se <a class=\"moretag\" href=\"https:\/\/www.geoportaligm.gob.ec\/portal\/index.php\/descargas\/descarga-de-manuales-tecnicos\/\">Read More &#8230;<\/a><\/p>\n","protected":false},"author":1,"featured_media":0,"parent":746,"menu_order":0,"comment_status":"closed","ping_status":"closed","template":"full-width-page.php","meta":[],"_links":{"self":[{"href":"https:\/\/www.geoportaligm.gob.ec\/portal\/index.php\/wp-json\/wp\/v2\/pages\/3064"}],"collection":[{"href":"https:\/\/www.geoportaligm.gob.ec\/portal\/index.php\/wp-json\/wp\/v2\/pages"}],"about":[{"href":"https:\/\/www.geoportaligm.gob.ec\/portal\/index.php\/wp-json\/wp\/v2\/types\/page"}],"author":[{"embeddable":true,"href":"https:\/\/www.geoportaligm.gob.ec\/portal\/index.php\/wp-json\/wp\/v2\/users\/1"}],"replies":[{"embeddable":true,"href":"https:\/\/www.geoportaligm.gob.ec\/portal\/index.php\/wp-json\/wp\/v2\/comments?post=3064"}],"version-history":[{"count":6,"href":"https:\/\/www.geoportaligm.gob.ec\/portal\/index.php\/wp-json\/wp\/v2\/pages\/3064\/revisions"}],"predecessor-version":[{"id":5892,"href":"https:\/\/www.geoportaligm.gob.ec\/portal\/index.php\/wp-json\/wp\/v2\/pages\/3064\/revisions\/5892"}],"up":[{"embeddable":true,"href":"https:\/\/www.geoportaligm.gob.ec\/portal\/index.php\/wp-json\/wp\/v2\/pages\/746"}],"wp:attachment":[{"href":"https:\/\/www.geoportaligm.gob.ec\/portal\/index.php\/wp-json\/wp\/v2\/media?parent=3064"}],"curies":[{"name":"wp","href":"https:\/\/api.w.org\/{rel}","templated":true}]}}