{"id":2911,"date":"2019-02-28T15:52:39","date_gmt":"2019-02-28T20:52:39","guid":{"rendered":"https:\/\/www.geoportaligm.gob.ec\/portal\/?page_id=2911"},"modified":"2019-03-18T14:21:05","modified_gmt":"2019-03-18T19:21:05","slug":"datos-geodesicos","status":"publish","type":"page","link":"https:\/\/www.geoportaligm.gob.ec\/portal\/index.php\/datos-geodesicos\/","title":{"rendered":"Datos Geodesicos"},"content":{"rendered":"<p>\t<!DOCTYPE html><br \/>\n<html><br \/>\n<body><\/p>\n<h2 style=\"border: 2px solid Tomato;\"><center><br \/>\nLiberaci\u00f3n de Datos de la Red GNSS de Monitoreo Continuo del Ecuador &#8211; REGME &#8211; Sin fines de lucro para Instituciones del Estado y Centros de Investigaci\u00f3n y\/o Educativos.<\/center><\/h2>\n<p><\/body><br \/>\n<\/html><\/p>\n<h2>Liberaci\u00f3n de Datos Red GNSS:&nbsp; &nbsp;&nbsp;<\/h2>\n<p><h7><\/p>\n<p style=\"text-align: justify;\">Es competencia y responsabilidad del Instituto Geogr\u00e1fico Militar, la planificaci\u00f3n, organizaci\u00f3n, direcci\u00f3n, coordinaci\u00f3n, ejecuci\u00f3n, aprobaci\u00f3n y control de las actividades tendientes a la elaboraci\u00f3n de la<br \/>\nCartograf\u00eda Nacional y el Archivo de Datos Geogr\u00e1ficos y<br \/>\nCartogr\u00e1ficos del pa\u00eds; generar mapas y levantamientos de CARTAS<br \/>\nOFICIALES del territorio nacional; colaborar con el Estado<br \/>\nEcuatoriano, a fin de cumplir con los objetivos del Plan Nacional<br \/>\ndel Buen Vivir y con el comprometimiento de servir y apoyar los<br \/>\nplanes de desarrollo y ordenamiento territorial, el Director del<br \/>\nIGM, Crnl. De E.M.C. Ing. Pedro Cabezas Gallegos, en uso de las<br \/>\natribuciones legales de las que se haya investido, mediante<br \/>\nResoluci\u00f3n No. 2013-003-IGM-f del 23 de abril de 2013, resuelve:<\/h4>\n<p><strong> Art.1.-<\/strong> Declarar a los productos generados por la REGME, y publicados en el Geoportal Institucional (www.geoportaligm.gob.ec) como de libre acceso a las instituciones p\u00fablicas, centros de investigaci\u00f3n y\/o educativos, debidamente registrados en este Instituto, de acuerdo al procedimiento establecido para el efecto.<\/p>\n<p style=\"text-align: justify;\"><strong>Art.2.-<\/strong> Conceder licencia de uso de los productos que genera actualmente la REGME, a cargo del Instituto Geogr\u00e1fico Militar, en archivos digitales diarios (24 horas) en formato RINEX COMPRIMIDO versi\u00f3n 2.11 (Observaci\u00f3n y Navegaci\u00f3n), con un intervalo de grabaci\u00f3n de 30 segundos de cada estaci\u00f3n y sus correspondientes coordenadas (SIRGAS 95, ITRF 94) contenidas en las fichas t\u00e9cnicas; adem\u00e1s de informaci\u00f3n en formato original (nativo proveniente del equipo) con un intervalo de un segundo, obtenidas de las estaciones GNSS para instituciones u organismos p\u00fablicos, centros de investigaci\u00f3n y\/o educativos, a trav\u00e9s del Geoportal institucional. Se proh\u00edbe en todos los casos la comercializaci\u00f3n de los datos.<\/p>\n<p style=\"text-align: justify;\"><strong>Art.-10<\/strong> Particularmente para los usuarios no definidos en esta Resoluci\u00f3n, la adquisici\u00f3n de los productos especificados, seguir\u00e1 los procedimientos ya establecidos por la Gesti\u00f3n de Mercadotecnia.<\/p>\n<p style=\"text-align: justify;\"><strong>Art.-12<\/strong> Los datos para la descarga de las estaciones REGME, estar\u00e1n disponibles dentro de un plazo m\u00e1ximo de cinco d\u00edas laborables contados a partir del d\u00eda de la observaci\u00f3n GNSS.<\/p>\n<p style=\"text-align: justify;\"><strong>Art.-13<\/strong> El IGM no comercializar\u00e1 los datos de las estaciones REGME de propiedad de Instituciones y\/o empresas colaboradoras a terceros, bajo ninguna circunstancia. Sin embargo se facilitar\u00e1 estos datos a trav\u00e9s del Geoportal del IGM, previa autorizaci\u00f3n escrita de los propietarios y conforme a los lineamientos escritos en este documento.<br \/>\n Importante:<br \/>\n Para dar cumplimiento al Art. 1.- los interesados deben registrarse en el Instituto Geogr\u00e1fico Militar, para lo cual se requiere:<br \/>\n<strong>1.- <\/strong> La autorizaci\u00f3n para el acceso a la informaci\u00f3n de la REGME se realizar\u00e1 para una sola persona (funcionario\/a) de cada entidad que haya sido designado\/a por la maxima autoridad de la entidad solicitante.<\/p>\n<p style=\"text-align: justify;\"><strong>2.- <\/strong> En caso de existir instituciones que funcionen descentralizadamente se deber\u00e1 presentar los justificativos del caso, para permitir la asignaci\u00f3n del acceso a varios funcionarios en las diferentes localizaciones.<\/p>\n<p style=\"text-align: justify;\"><strong>3.- <\/strong> En caso de detectarse irregularidades en el uso, acceso, custodio de las claves de acceso a la informaci\u00f3n REGME se bloquear\u00e1 el mismo y se notificar\u00e1 a la m\u00e1xima autoridad para que se designe a otro funcionario.<\/p>\n<p style=\"text-align: justify;\"><strong>4.- <\/strong><strong><\/strong> Para cada instituci\u00f3n se autorizar\u00e1 el acceso a los datos REGME por un per\u00edodo m\u00e1ximo de tiempo de 6 meses, luego del cual se bloquear\u00e1 dicho acceso, requiriendo que se realice un nuevo tr\u00e1mite para la asignaci\u00f3n de una nueva clave. <\/p>\n<p style=\"text-align: justify;\"><strong>5.- <\/strong><strong><\/strong> Dentro del documento, firmado por la m\u00e1xima autoridad, mediante el cual se solicita el acceso a la informaci\u00f3n de la REGME se debe incluir la siguiente informaci\u00f3n:<\/p>\n<ul>\n<li>Para qu\u00e9 proyecto se va a utilizar.<\/li>\n<li>Estaciones REGME solicitadas.<\/li>\n<li>Nombre de la persona designada como responsable y custodio de las claves de acceso (incluir tel\u00e9fono y correo electr\u00f3nico).<\/li>\n<li>Tiempo de duraci\u00f3n del proyecto.<\/li>\n<li>Correo electr\u00f3nico de la entidad p\u00fablica.<\/li>\n<\/ul>\n<p style=\"text-align: justify;\"><strong>6.- <\/strong><strong><\/strong> Para el documento que acredite que la persona designada es funcionario\/a p\u00fablico\/a o pertenece a un centro de investigaci\u00f3n o educativo, se debe incluir:<\/p>\n<ul>\n<li>Identificaci\u00f3n institucional<\/li>\n<li>Nombramiento o contrato debidamente otorgado y legalizado.<\/li>\n<\/ul>\n<p style=\"text-align: justify;\"><strong>7.- <\/strong><strong><\/strong> En caso de no presentar los documentos de respaldo requeridos, no se efectuar\u00e1 el tr\u00e1mite respectivo y se comunicar\u00e1 automaticamente al custodio designado.<\/p>\n<hr \/>\n<p>LOS INTERESADOS DAR CLIK <a href=\"https:\/\/www.geoportaligm.gob.ec\/wordpress\/?page_id=188\">AQU\u00cd<\/a> PARA EL REGISTRO RESPECTIVO.<\/p>\n<hr \/>\n","protected":false},"excerpt":{"rendered":"<p>Liberaci\u00f3n de Datos de la Red GNSS de Monitoreo Continuo del Ecuador &#8211; REGME &#8211; Sin fines de lucro para Instituciones del Estado y Centros de Investigaci\u00f3n y\/o Educativos. Liberaci\u00f3n de Datos Red GNSS:&nbsp; &nbsp;&nbsp; Es competencia y responsabilidad del Instituto Geogr\u00e1fico Militar, la planificaci\u00f3n, organizaci\u00f3n, direcci\u00f3n, coordinaci\u00f3n, ejecuci\u00f3n, aprobaci\u00f3n y control de las actividades <a class=\"moretag\" href=\"https:\/\/www.geoportaligm.gob.ec\/portal\/index.php\/datos-geodesicos\/\">Read More &#8230;<\/a><\/p>\n","protected":false},"author":1,"featured_media":0,"parent":0,"menu_order":0,"comment_status":"closed","ping_status":"closed","template":"full-width-page.php","meta":[],"_links":{"self":[{"href":"https:\/\/www.geoportaligm.gob.ec\/portal\/index.php\/wp-json\/wp\/v2\/pages\/2911"}],"collection":[{"href":"https:\/\/www.geoportaligm.gob.ec\/portal\/index.php\/wp-json\/wp\/v2\/pages"}],"about":[{"href":"https:\/\/www.geoportaligm.gob.ec\/portal\/index.php\/wp-json\/wp\/v2\/types\/page"}],"author":[{"embeddable":true,"href":"https:\/\/www.geoportaligm.gob.ec\/portal\/index.php\/wp-json\/wp\/v2\/users\/1"}],"replies":[{"embeddable":true,"href":"https:\/\/www.geoportaligm.gob.ec\/portal\/index.php\/wp-json\/wp\/v2\/comments?post=2911"}],"version-history":[{"count":0,"href":"https:\/\/www.geoportaligm.gob.ec\/portal\/index.php\/wp-json\/wp\/v2\/pages\/2911\/revisions"}],"wp:attachment":[{"href":"https:\/\/www.geoportaligm.gob.ec\/portal\/index.php\/wp-json\/wp\/v2\/media?parent=2911"}],"curies":[{"name":"wp","href":"https:\/\/api.w.org\/{rel}","templated":true}]}}