{"id":2818,"date":"2018-10-10T10:25:52","date_gmt":"2018-10-10T15:25:52","guid":{"rendered":"https:\/\/www.geoportaligm.gob.ec\/portal\/?page_id=2818"},"modified":"2025-08-18T12:00:41","modified_gmt":"2025-08-18T17:00:41","slug":"contactos","status":"publish","type":"page","link":"https:\/\/www.geoportaligm.gob.ec\/portal\/index.php\/contactos\/","title":{"rendered":"Contactos"},"content":{"rendered":"<p>\t<img decoding=\"async\" src=\"https:\/\/www.geoportaligm.gob.ec\/portal\/wp-content\/uploads\/2016\/03\/geocontactos-300x65.png\" alt=\"geocontactos\" itemprop=\"image\"  \/><\/p>\n<p style=\"text-align: center;\">\n<p style=\"text-align: center;\"><strong>Atenci\u00f3n al Cliente:<\/strong><\/p>\n<p>\t<!--<center>\n\n<p style=\"color:DodgerBlue;\">Contacto<\/p>\n\n<\/center>--><\/p>\n<p style=\"text-align: center;\"><strong>Tel\u00e9fono: 3975-100 ext: 4458 &#8211; 2010<br \/><\/strong><\/p>\n<p style=\"text-align: center;\"><strong>Correo Electr\u00f3nico:  atcliente.igm@geograficomilitar.gob.ec <br \/> &nbsp;&nbsp;&nbsp;&nbsp;&nbsp;&nbsp;&nbsp;&nbsp;&nbsp;&nbsp;&nbsp;&nbsp;&nbsp;&nbsp;&nbsp;&nbsp;&nbsp;&nbsp;&nbsp;igm@geograficomilitar.gob.ec<\/strong><\/p>\n<p style=\"text-align: center;\">\n<p style=\"text-align: center;\"><strong>Horario:<\/strong><\/p>\n<p style=\"text-align: center;\"><strong>Lunes &#8211; Viernes<\/strong><\/p>\n<p style=\"text-align: center;\"><strong>08:00 &#8211; 16:30<\/strong><\/p>\n<p style=\"text-align: center;\">\n<p style=\"text-align: center;\"><strong>Ubicaci\u00f3n:<\/strong><\/p>\n<p style=\"text-align: center;\"><strong>Av. Seniergues E4-676  y Gral. Telmo Paz y Mi\u00f1o, El Dorado.<\/strong><\/p>\n<p style=\"text-align: center;\"><strong>Quito-Ecuador<\/strong><\/p>\n<p>\t<iframe loading=\"lazy\" src=\"https:\/\/www.google.com\/maps\/embed?pb=!1m18!1m12!1m3!1d3989.7902113363593!2d-78.49549678626559!3d-0.21507209984307343!2m3!1f0!2f0!3f0!3m2!1i1024!2i768!4f13.1!3m3!1m2!1s0x91d59a192add78d1%3A0xf38aba1e2088c200!2sInstituto+Geogr%C3%A1fico+Militar!5e0!3m2!1ses!2sec!4v1459166415234\" width=\"100%\" height=\"485\" frameborder=\"0\" style=\"border:0\" allowfullscreen><\/iframe><\/p>\n<p style=\"text-align: center;\">\n<p style=\"text-align: center;\"><strong>FORMULARIO DE CONTACTO<\/strong><\/p>\n<p>[contact-form-7 id=&#8221;886&#8243; title=&#8221;Contacto &#8211; Formulario&#8221;]<\/p>\n<p>\t<center><\/p>\n<h2>Mayo. de E. Julio Cevallos<\/h2>\n<p><\/center><br \/>\n\t<!--\n\n<p style=\"text-align: center;\"><strong>Ing. Tcrn. Igeo. Dehivi Salgado<\/strong><\/p>\n\n--><br \/>\n\t<center><\/p>\n<h2>Direcci\u00f3n IIDENAN<\/h2>\n<p><\/center><\/p>\n<p style=\"text-align: center;\">julio.cevallos@geograficomilitar.gob.ec<\/p>\n<p>\t<!--\n\n<p style=\"text-align: center;\">dehivi.salgado@igm.gob.ec<\/p>\n\n--><br \/>\n<html><br \/>\n<head><br \/>\n\t<!DOCTYPE html><br \/>\n<html><br \/>\n<head><\/p>\n<style>\ntable {\n    font-family: arial, sans-serif;\n    border-collapse: collapse;\n    width: 100%;\n}\ntd, th {\n    border: 1px solid #dddddd;\n    text-align: left;\n    padding: 8px;\n}\ntr:nth-child(even) {\n    background-color: #dddddd;\n}\n<\/style>\n<p><\/head><br \/>\n<body><br \/>\n<center><\/p>\n<h3>\n<p style=\"color:DodgerBlue;\">Direcci\u00f3n de Infraestructura de Datos Espaciales, Normativa y Archivo Nacional<\/p>\n<p><\/br><\/p>\n<table>\n<tr>\n<th><center>Personal<\/center><\/th>\n<th><center>Actividad<\/center><\/th>\n<th><center>Correo Electr\u00f3nico<\/center><\/th>\n<\/tr>\n<tr>\n<td>Ing. Fernanda Le\u00f3n<\/td>\n<td>Administradora de Contenidos Geogr\u00e1ficos<\/td>\n<td>fernanda.leon@geograficomilitar.gob.ec<\/td>\n<\/tr>\n<tr>\n<td>Ing. Stalin Cachimuel<\/td>\n<td>Administrador de Contenidos Geogr\u00e1ficos<\/td>\n<td>stalin.cachimuel@geograficomilitar.gob.ec<\/td>\n<\/tr>\n<tr>\n<td>Ing. Pablo Montenegro<\/td>\n<td>Administrador de Aplicaciones Geoinform\u00e1ticas<\/td>\n<td>pablo.montenegro@geograficomilitar.gob.ec<\/td>\n<\/tr>\n<tr>\n<td>Ing. Mauricio Alban<\/td>\n<td>Administrador de Aplicaciones Geoinform\u00e1ticas<\/td>\n<td>mauricio.alban@geograficomilitar.gob.ec<\/td>\n<\/tr>\n<tr>\n<td>Ing. Xavier Vivas<\/td>\n<td>Dise\u00f1ador Web<\/td>\n<td>xavier.vivas@geograficomilitar.gob.ec<\/td>\n<\/tr>\n<p>      <!--\n\n<tr>\n        \n\n<td>Ing. Carlos Parra<\/td>\n\n\n        \n\n<td>Administrador de Aplicaciones Geoinform\u00e1ticas<\/td>\n\n\n        \n\n<td>carlos.parra@geograficomilitar.gob.ec<\/td>\n\n\n      <\/tr>\n\n--><\/p>\n<tr>\n<td>S.P Juan Morocho<\/td>\n<td>T\u00e9cnico<\/td>\n<td>juan.morocho@geograficomilitar.gob.ec<\/td>\n<\/tr>\n<\/table>\n<p><\/body><br \/>\n<\/html><br \/>\n<!--[njwa_button id=\"5364\"]**\/--><\/p>\n","protected":false},"excerpt":{"rendered":"<p>Atenci\u00f3n al Cliente: Tel\u00e9fono: 3975-100 ext: 4458 &#8211; 2010 Correo Electr\u00f3nico: atcliente.igm@geograficomilitar.gob.ec &nbsp;&nbsp;&nbsp;&nbsp;&nbsp;&nbsp;&nbsp;&nbsp;&nbsp;&nbsp;&nbsp;&nbsp;&nbsp;&nbsp;&nbsp;&nbsp;&nbsp;&nbsp;&nbsp;igm@geograficomilitar.gob.ec Horario: Lunes &#8211; Viernes 08:00 &#8211; 16:30 Ubicaci\u00f3n: Av. Seniergues E4-676 y Gral. Telmo Paz y Mi\u00f1o, El Dorado. Quito-Ecuador FORMULARIO DE CONTACTO [contact-form-7 id=&#8221;886&#8243; title=&#8221;Contacto &#8211; Formulario&#8221;] Mayo. de E. Julio Cevallos Direcci\u00f3n IIDENAN julio.cevallos@geograficomilitar.gob.ec Direcci\u00f3n de Infraestructura de Datos Espaciales, <a class=\"moretag\" href=\"https:\/\/www.geoportaligm.gob.ec\/portal\/index.php\/contactos\/\">Read More &#8230;<\/a><\/p>\n","protected":false},"author":1,"featured_media":0,"parent":0,"menu_order":0,"comment_status":"closed","ping_status":"closed","template":"full-width-page.php","meta":[],"_links":{"self":[{"href":"https:\/\/www.geoportaligm.gob.ec\/portal\/index.php\/wp-json\/wp\/v2\/pages\/2818"}],"collection":[{"href":"https:\/\/www.geoportaligm.gob.ec\/portal\/index.php\/wp-json\/wp\/v2\/pages"}],"about":[{"href":"https:\/\/www.geoportaligm.gob.ec\/portal\/index.php\/wp-json\/wp\/v2\/types\/page"}],"author":[{"embeddable":true,"href":"https:\/\/www.geoportaligm.gob.ec\/portal\/index.php\/wp-json\/wp\/v2\/users\/1"}],"replies":[{"embeddable":true,"href":"https:\/\/www.geoportaligm.gob.ec\/portal\/index.php\/wp-json\/wp\/v2\/comments?post=2818"}],"version-history":[{"count":18,"href":"https:\/\/www.geoportaligm.gob.ec\/portal\/index.php\/wp-json\/wp\/v2\/pages\/2818\/revisions"}],"predecessor-version":[{"id":6014,"href":"https:\/\/www.geoportaligm.gob.ec\/portal\/index.php\/wp-json\/wp\/v2\/pages\/2818\/revisions\/6014"}],"wp:attachment":[{"href":"https:\/\/www.geoportaligm.gob.ec\/portal\/index.php\/wp-json\/wp\/v2\/media?parent=2818"}],"curies":[{"name":"wp","href":"https:\/\/api.w.org\/{rel}","templated":true}]}}