{"id":2736,"date":"2018-09-27T14:33:39","date_gmt":"2018-09-27T19:33:39","guid":{"rendered":"https:\/\/www.geoportaligm.gob.ec\/portal\/?page_id=2736"},"modified":"2022-03-22T16:23:31","modified_gmt":"2022-03-22T21:23:31","slug":"geoservicios","status":"publish","type":"page","link":"https:\/\/www.geoportaligm.gob.ec\/portal\/index.php\/geoservicios\/","title":{"rendered":"Geoservicios"},"content":{"rendered":"<h2 style=\"border: 2px solid Tomato;\"><center>Los servicios de una Infraestructura<br \/>\nde Datos Espaciales IDE son las funcionalidades que provee, y que son<br \/>\naccesibles mediante un navegador de internet ( o accesible desde clientes<br \/>\npesados), al usuario para ser aplicadas sobre los datos geogr\u00e1ficos que<br \/>\ndispone. Desde el punto de vista de las IDE, al usuario no le interesa<br \/>\ntanto el descargarse los datos en su sistema, sino obtener directamente<br \/>\nlas respuestas que necesita y que un Geoservicio le ofrece.<\/center><\/h2>\n<p>\t<!--<img decoding=\"async\" loading=\"lazy\" src=\"https:\/\/www.geoportaligm.gob.ec\/portal\/wp-content\/uploads\/2016\/03\/WMS1.png\" href=\"https:\/\/www.geoportaligm.gob.ec\/portal\/index.php\/descarga-de-servicios-wms-del-igm\" alt=\"Girl in a jacket\" width=\"200\" height=\"10\"> --><\/p>\n<td><a target=\"_blank\" tabindex=\"-1\" href=\"https:\/\/www.geoportaligm.gob.ec\/portal\/index.php\/descarga-de-servicios-wms-del-igm\"><img decoding=\"async\" loading=\"lazy\" src=\"https:\/\/www.geoportaligm.gob.ec\/portal\/wp-content\/uploads\/2016\/03\/WMS1.png\" width=\"200px\" height=\"10px\" align=\"center\"><\/a><\/td>\n<p>\t<!--\n    \n\n<h4>Descarga WMS&nbsp; &nbsp;&nbsp;<\/h4>\n\n\n--><br \/>\n    <P ALIGN=\"justify\">Las especificaciones de servicios de mapas web (WMS)<br \/>\n    del Consorcio Geoespacial Abierto (OGC) es una especificaci\u00f3n internacional para ofrecer<br \/>\n    y consumir mapas din\u00e1micos en la web. Puede publicar un mapa o un servicio<br \/>\n    de im\u00e1genes en el servicio WMS publicados por el Instituto Geogr\u00e1fico Militar.<br \/>\n    Los servicios WMS son \u00fatiles si desea que sus mapas est\u00e9n disponibles en<br \/>\n    l\u00ednea de forma abierta y reconocida a trav\u00e9s de diferentes plataformas<br \/>\n    y clientes.<\/p>\n<p style=\"color:DodgerBlue;\" >Dar click Aqu\u00ed&#8230;<\/p>\n<td><a target=\"_blank\" tabindex=\"-1\" href=\"https:\/\/www.geoportaligm.gob.ec\/portal\/index.php\/descarga-de-servicios-wms-del-igm\"><img decoding=\"async\" loading=\"lazy\" src=\"https:\/\/www.geoportaligm.gob.ec\/portal\/wp-content\/uploads\/2017\/05\/descargas.png\" width=\"25px\" height=\"25px\" align=\"center\"><\/a><\/td>\n<td><a target=\"_blank\" tabindex=\"-1\" href=\"https:\/\/www.geoportaligm.gob.ec\/portal\/index.php\/descarga-de-servicios-wfs-del-igm\"><img decoding=\"async\" loading=\"lazy\" src=\"https:\/\/www.geoportaligm.gob.ec\/portal\/wp-content\/uploads\/2016\/03\/WFS.png\" width=\"200px\" height=\"10px\" align=\"center\"><\/a><\/td>\n<p><!--<img decoding=\"async\" loading=\"lazy\" src=\"https:\/\/www.geoportaligm.gob.ec\/portal\/wp-content\/uploads\/2016\/03\/WFS.png\" alt=\"Girl in a jacket\" width=\"200\" height=\"10\"> --><br \/>\n\t<!--\n    \n\n<h4>Descarga WMS&nbsp; &nbsp;&nbsp;<\/h4>\n\n\n--><br \/>\n<P ALIGN=\"justify\"><br \/>\nEl servicio de entidades web (WFS) del Consorcio Geoespacial abierto<br \/>\n(OGC). Se trata de una especificaci\u00f3n abierta para trabajar con entidades<br \/>\ngeogr\u00e1ficas en la web. El servicio WFS devuelve entidades con geometr\u00eda<br \/>\ny atributos que los clientes pueden utilizar en cualquier tipo de an\u00e1lisis<br \/>\ngeoespacial. El Instituto Geogr\u00e1fico Militar ofrece la distribuci\u00f3n de<br \/>\nlos datos a trav\u00e9s de un servicio WFS.<\/p>\n<p style=\"color:DodgerBlue;\" >Dar click Aqu\u00ed&#8230;<\/p>\n<td><a target=\"_blank\" tabindex=\"-1\" href=\"https:\/\/www.geoportaligm.gob.ec\/portal\/index.php\/descarga-de-servicios-wfs-del-igm\/\"><img decoding=\"async\" loading=\"lazy\" src=\"https:\/\/www.geoportaligm.gob.ec\/portal\/wp-content\/uploads\/2017\/05\/descargas.png\" width=\"25px\" height=\"25px\" align=\"center\"><\/a><\/td>\n<td><a target=\"_blank\" tabindex=\"-1\" href=\"https:\/\/www.geoportaligm.gob.ec\/portal\/index.php\/descarga-de-servicios-csw-del-igm\"><img decoding=\"async\" loading=\"lazy\" src=\"https:\/\/www.geoportaligm.gob.ec\/portal\/wp-content\/uploads\/2016\/03\/CSW.png\" width=\"200px\" height=\"10px\" align=\"center\"><\/a><\/td>\n<p><!--<img decoding=\"async\" loading=\"lazy\" src=\"https:\/\/www.geoportaligm.gob.ec\/portal\/wp-content\/uploads\/2016\/03\/CSW.png\" alt=\"Girl in a jacket\" width=\"200\" height=\"10\"> --><br \/>\n\t<!--\n    \n\n<h4>Descarga WMS&nbsp; &nbsp;&nbsp;<\/h4>\n\n\n--><br \/>\n<P ALIGN=\"justify\"><br \/>\nEl servicio de cat\u00e1logo (CSW), es un est\u00e1ndar dise\u00f1ado por el Consorcio<br \/>\nGeoespacial Abierto (OGC), el cual define una interfaz com\u00fan para el<br \/>\ndescubrimiento, b\u00fasqueda y consulta de metadatos relacionados a datos,<br \/>\nservicios y recursos de tipo geografico.<br \/>\nEl Instituto Geogr\u00e1fico Militar del Ecuador pone a su disposici\u00f3n los<br \/>\nservicios CSW.<\/p>\n<p style=\"color:DodgerBlue;\" >Dar click Aqu\u00ed&#8230;<\/p>\n<td><a target=\"_blank\" tabindex=\"-1\" href=\"https:\/\/www.geoportaligm.gob.ec\/portal\/index.php\/descarga-de-servicios-csw-del-igm\/\"><img decoding=\"async\" loading=\"lazy\" src=\"https:\/\/www.geoportaligm.gob.ec\/portal\/wp-content\/uploads\/2017\/05\/descargas.png\" width=\"25px\" height=\"25px\" align=\"center\"><\/a><\/td>\n<td><a target=\"_blank\" tabindex=\"-1\" href=\"https:\/\/www.geoportaligm.gob.ec\/portal\/index.php\/descarga-de-servicios-tms-del-igm\"><img decoding=\"async\" loading=\"lazy\" src=\"https:\/\/www.geoportaligm.gob.ec\/portal\/wp-content\/uploads\/2016\/03\/TMS.png\" width=\"200px\" height=\"10px\" align=\"center\"><\/a><\/td>\n<p><!--<img decoding=\"async\" loading=\"lazy\" src=\"https:\/\/www.geoportaligm.gob.ec\/portal\/wp-content\/uploads\/2016\/03\/TMS.png\" alt=\"Girl in a jacket\" width=\"200\" height=\"10\"> --><br \/>\n\t<!--\n    \n\n<h4>Descarga WMS&nbsp; &nbsp;&nbsp;<\/h4>\n\n\n--><br \/>\n<P ALIGN=\"justify\"><br \/>\nOSGeo (Open Source Geospatial Foundation) ofrece una especificaci\u00f3n. TMS<br \/>\n(Tile Map Service Specification), donde se describe una soluci\u00f3n para la<br \/>\ncomunicaci\u00f3n entre cliente\/servidor utilizando un servicio de tiles.<br \/>\nLa implmentaci\u00f3n de un modelo de tiles ayuda principalmente para mejorar<br \/>\nnuestros servicios de mapas.<\/p>\n<p style=\"color:DodgerBlue;\" >Dar click Aqu\u00ed&#8230;<\/p>\n<td><a target=\"_blank\" tabindex=\"-1\" href=\"https:\/\/www.geoportaligm.gob.ec\/portal\/index.php\/descarga-de-servicios-tms-del-igm\/\"><img decoding=\"async\" loading=\"lazy\" src=\"https:\/\/www.geoportaligm.gob.ec\/portal\/wp-content\/uploads\/2017\/05\/descargas.png\" width=\"25px\" height=\"25px\" align=\"center\"><\/a><\/td>\n<td><a target=\"_blank\" tabindex=\"-1\" href=\"https:\/\/www.geoportaligm.gob.ec\/portal\/index.php\/descarga-de-servicios-wms-c-del-igm\"><img decoding=\"async\" loading=\"lazy\" src=\"https:\/\/www.geoportaligm.gob.ec\/portal\/wp-content\/uploads\/2016\/03\/WMS-C.png\" width=\"200px\" height=\"10px\" align=\"center\"><\/a><\/td>\n<p><!--<img decoding=\"async\" loading=\"lazy\" src=\"https:\/\/www.geoportaligm.gob.ec\/portal\/wp-content\/uploads\/2016\/03\/WMS-C.png\" alt=\"Girl in a jacket\" width=\"200\" height=\"10\"> --><br \/>\n\t<!--\n    \n\n<h4>Descarga WMS&nbsp; &nbsp;&nbsp;<\/h4>\n\n\n--><br \/>\n<P ALIGN=\"justify\"><br \/>\nLa especificaci\u00f3n Web Map Service (WMS) del Open Geospatial Consortium<br \/>\n(OGC) nos ha demostrado que es necesario utilizar cach\u00e9s de teselas para<br \/>\nlograr un rendimiento aceptable en nuestras aplicaciones. Por lo que, para<br \/>\ndefinir una estructura de visualizaci\u00f3n se aplica la recomendaci\u00f3n Web<br \/>\nMap Context (WMS-C) del OGC.<\/p>\n<p style=\"color:DodgerBlue;\" >Dar click Aqu\u00ed&#8230;<\/p>\n<td><a target=\"_blank\" tabindex=\"-1\" href=\"https:\/\/www.geoportaligm.gob.ec\/portal\/index.php\/descarga-de-servicios-wms-c-del-igm\/\"><img decoding=\"async\" loading=\"lazy\" src=\"https:\/\/www.geoportaligm.gob.ec\/portal\/wp-content\/uploads\/2017\/05\/descargas.png\" width=\"25px\" height=\"25px\" align=\"center\"><\/a><\/td>\n<td><a target=\"_blank\" tabindex=\"-1\" href=\"https:\/\/www.geoportaligm.gob.ec\/portal\/index.php\/descarga-de-servicios-wmts-del-igm\"><img decoding=\"async\" loading=\"lazy\" src=\"https:\/\/www.geoportaligm.gob.ec\/portal\/wp-content\/uploads\/2016\/03\/WMTS.png\" width=\"200px\" height=\"10px\" align=\"center\"><\/a><\/td>\n<p><!--<img decoding=\"async\" loading=\"lazy\" src=\"https:\/\/www.geoportaligm.gob.ec\/portal\/wp-content\/uploads\/2016\/03\/WMTS.png\" alt=\"Girl in a jacket\" width=\"200\" height=\"10\"> --><br \/>\n\t<!--\n    \n\n<h4>Descarga WMS&nbsp; &nbsp;&nbsp;<\/h4>\n\n\n--><br \/>\n<P ALIGN=\"justify\"><br \/>\nEl WMTS de OGC proporciona un enfoque complementario al WMS; es un servicio<br \/>\nescalable y cacheable que usa un modelo de teselas (tiling model) parametrizado.<br \/>\nDonde un ciente puede hacer peticiones de un conjunto de valores y recibir<br \/>\nr\u00e1pidamente del servidor fragmentados de im\u00e1genes prerenderizadas (tiles)<br \/>\nque no requieren de ninguna manipulaci\u00f3n posterior para ser mostradas en<br \/>\npantalla.<\/p>\n<p style=\"color:DodgerBlue;\" >Dar click Aqu\u00ed&#8230;<\/p>\n<td><a target=\"_blank\" tabindex=\"-1\" href=\"https:\/\/www.geoportaligm.gob.ec\/portal\/index.php\/descarga-de-servicios-wmts-del-igm\/\"><img decoding=\"async\" loading=\"lazy\" src=\"https:\/\/www.geoportaligm.gob.ec\/portal\/wp-content\/uploads\/2017\/05\/descargas.png\" width=\"25px\" height=\"25px\" align=\"center\"><\/a><\/td>\n<p>\t<!--<img decoding=\"async\" loading=\"lazy\" src=\"https:\/\/www.geoportaligm.gob.ec\/portal\/wp-content\/uploads\/2016\/03\/WMS1.png\" href=\"https:\/\/www.geoportaligm.gob.ec\/portal\/index.php\/descarga-de-servicios-wms-del-igm\" alt=\"Girl in a jacket\" width=\"200\" height=\"10\"> --><\/p>\n<td><a target=\"_blank\" tabindex=\"-1\" href=\" https:\/\/www.geoportaligm.gob.ec\/portal\/index.php\/descarga-de-servicios-wms-afc\/\"><img decoding=\"async\" loading=\"lazy\" src=\"https:\/\/www.geoportaligm.gob.ec\/portal\/wp-content\/uploads\/2016\/03\/WMS1.png\" width=\"200px\" height=\"10px\" align=\"center\"><\/a><\/td>\n<p>\t<!--\n    \n\n<h4>Descarga WMS&nbsp; &nbsp;&nbsp;<\/h4>\n\n\n--><br \/>\n<P ALIGN=\"justify\"><br \/>\nLas especificaciones de servicios de mapas web (WMS) del<br \/>\nOSGeo (Open Source Geospatial Foundation) es una especificaci\u00f3n<br \/>\ninternacional para la generaci\u00f3n de geoinformaci\u00f3n geo-espacial<br \/>\na escala 1:5.000 para la determinaci\u00f3n de la Aptitud F\u00edsica del Territorio<br \/>\ny Desarrollo Urbana mediante el uso de Geotecnolog\u00edas.<\/p>\n<p style=\"color:DodgerBlue;\" >Dar click Aqu\u00ed&#8230;<\/p>\n<td><a target=\"_blank\" tabindex=\"-1\" href=\" https:\/\/www.geoportaligm.gob.ec\/portal\/index.php\/descarga-de-servicios-wms-afc\/\"><img decoding=\"async\" loading=\"lazy\" src=\"https:\/\/www.geoportaligm.gob.ec\/portal\/wp-content\/uploads\/2017\/05\/descargas.png\" width=\"25px\" height=\"25px\" align=\"center\"><\/a><\/td>\n<p>\t<!--<img decoding=\"async\" loading=\"lazy\" src=\"https:\/\/www.geoportaligm.gob.ec\/portal\/wp-content\/uploads\/2016\/03\/WMS1.png\" href=\"https:\/\/www.geoportaligm.gob.ec\/portal\/index.php\/descarga-de-servicios-wms-del-igm\" alt=\"Girl in a jacket\" width=\"200\" height=\"10\"> --><\/p>\n<td><a target=\"_blank\" tabindex=\"-1\" href=\" https:\/\/www.geoportaligm.gob.ec\/portal\/index.php\/descarga-de-servicios-wms-proyecto-nacional\/\"><img decoding=\"async\" loading=\"lazy\" src=\"https:\/\/www.geoportaligm.gob.ec\/portal\/wp-content\/uploads\/2016\/03\/WMS1.png\" width=\"200px\" height=\"10px\" align=\"center\"><\/a><\/td>\n<p>\t<!--\n    \n\n<h4>Descarga WMS&nbsp; &nbsp;&nbsp;<\/h4>\n\n\n--><br \/>\n<P ALIGN=\"justify\"><br \/>\nLas especificaciones de servicios de mapas web (WMS) del<br \/>\nOSGeo (Open Source Geospatial Foundation) es una especificaci\u00f3n<br \/>\ninternacional para ofrecer la generaci\u00f3n de geoinformaci\u00f3n<br \/>\npara la gesti\u00f3n del territorio a nivel nacional a escala 1:25.000<\/p>\n<p style=\"color:DodgerBlue;\" >Dar click Aqu\u00ed&#8230;<\/p>\n<td><a target=\"_blank\" tabindex=\"-1\" href=\" https:\/\/www.geoportaligm.gob.ec\/portal\/index.php\/descarga-de-servicios-wms-proyecto-nacional\/\"><img decoding=\"async\" loading=\"lazy\" src=\"https:\/\/www.geoportaligm.gob.ec\/portal\/wp-content\/uploads\/2017\/05\/descargas.png\" width=\"25px\" height=\"25px\" align=\"center\"><\/a><\/td>\n<td><a target=\"_blank\" tabindex=\"-1\" href=\"https:\/\/www.geoportaligm.gob.ec\/portal\/index.php\/descarga-de-servicios-wfs-afc\"><img decoding=\"async\" loading=\"lazy\" src=\"https:\/\/www.geoportaligm.gob.ec\/portal\/wp-content\/uploads\/2016\/03\/WFS.png\" width=\"200px\" height=\"10px\" align=\"center\"><\/a><\/td>\n<p>\t<!--\n    \n\n<h4>Descarga WMS&nbsp; &nbsp;&nbsp;<\/h4>\n\n\n--><br \/>\n<P ALIGN=\"justify\"><br \/>\nEl servicio (WFS) devuelve entidades con geometr\u00eda y atributos<br \/>\nque los clientes pueden utilizar en cualquier tipo de an\u00e1lisis<br \/>\ngeo-espacial, pudiendo ser utilizada la generaci\u00f3n de informaci\u00f3n geo-espacial a escala<br \/>\n1:5.000 para la determinaci\u00f3n de la Aptitud F\u00edsica del Territorio<br \/>\ny Desarrollo Urbana mediante el uso de Geotecnolog\u00edas.<\/p>\n<p style=\"color:DodgerBlue;\" >Dar click Aqu\u00ed&#8230;<\/p>\n<td><a target=\"_blank\" tabindex=\"-1\" href=\" https:\/\/www.geoportaligm.gob.ec\/portal\/index.php\/descarga-de-servicios-wfs-afc\/\"><img decoding=\"async\" loading=\"lazy\" src=\"https:\/\/www.geoportaligm.gob.ec\/portal\/wp-content\/uploads\/2017\/05\/descargas.png\" width=\"25px\" height=\"25px\" align=\"center\"><\/a><\/td>\n<td><a target=\"_blank\" tabindex=\"-1\" href=\"https:\/\/www.geoportaligm.gob.ec\/portal\/index.php\/descarga-de-servicios-wfs-proyecto-nacional\"><img decoding=\"async\" loading=\"lazy\" src=\"https:\/\/www.geoportaligm.gob.ec\/portal\/wp-content\/uploads\/2016\/03\/WFS.png\" width=\"200px\" height=\"10px\" align=\"center\"><\/a><\/td>\n<p>\t<!--\n    \n\n<h4>Descarga WMS&nbsp; &nbsp;&nbsp;<\/h4>\n\n\n--><br \/>\n<P ALIGN=\"justify\"><br \/>\nEl servicio (WFS) devuelve entidades con geometr\u00eda y atributos<br \/>\nque los clientes pueden utilizar en cualquier tipo de an\u00e1lisis<br \/>\ngeo-espacial, pudiendo ser empleada la generaci\u00f3n de geoinformaci\u00f3n<br \/>\npara la gesti\u00f3n del territorio a nivel nacional a escala 1:25.000<\/p>\n<p style=\"color:DodgerBlue;\" >Dar click Aqu\u00ed&#8230;<\/p>\n<td><a target=\"_blank\" tabindex=\"-1\" href=\" https:\/\/www.geoportaligm.gob.ec\/portal\/index.php\/descarga-de-servicios-wfs-proyecto-nacional\/\"><img decoding=\"async\" loading=\"lazy\" src=\"https:\/\/www.geoportaligm.gob.ec\/portal\/wp-content\/uploads\/2017\/05\/descargas.png\" width=\"25px\" height=\"25px\" align=\"center\"><\/a><\/td>\n","protected":false},"excerpt":{"rendered":"<p>Los servicios de una Infraestructura de Datos Espaciales IDE son las funcionalidades que provee, y que son accesibles mediante un navegador de internet ( o accesible desde clientes pesados), al usuario para ser aplicadas sobre los datos geogr\u00e1ficos que dispone. Desde el punto de vista de las IDE, al usuario no le interesa tanto el <a class=\"moretag\" href=\"https:\/\/www.geoportaligm.gob.ec\/portal\/index.php\/geoservicios\/\">Read More &#8230;<\/a><\/p>\n","protected":false},"author":9,"featured_media":0,"parent":0,"menu_order":0,"comment_status":"closed","ping_status":"closed","template":"full-width-page.php","meta":[],"_links":{"self":[{"href":"https:\/\/www.geoportaligm.gob.ec\/portal\/index.php\/wp-json\/wp\/v2\/pages\/2736"}],"collection":[{"href":"https:\/\/www.geoportaligm.gob.ec\/portal\/index.php\/wp-json\/wp\/v2\/pages"}],"about":[{"href":"https:\/\/www.geoportaligm.gob.ec\/portal\/index.php\/wp-json\/wp\/v2\/types\/page"}],"author":[{"embeddable":true,"href":"https:\/\/www.geoportaligm.gob.ec\/portal\/index.php\/wp-json\/wp\/v2\/users\/9"}],"replies":[{"embeddable":true,"href":"https:\/\/www.geoportaligm.gob.ec\/portal\/index.php\/wp-json\/wp\/v2\/comments?post=2736"}],"version-history":[{"count":13,"href":"https:\/\/www.geoportaligm.gob.ec\/portal\/index.php\/wp-json\/wp\/v2\/pages\/2736\/revisions"}],"predecessor-version":[{"id":5442,"href":"https:\/\/www.geoportaligm.gob.ec\/portal\/index.php\/wp-json\/wp\/v2\/pages\/2736\/revisions\/5442"}],"wp:attachment":[{"href":"https:\/\/www.geoportaligm.gob.ec\/portal\/index.php\/wp-json\/wp\/v2\/media?parent=2736"}],"curies":[{"name":"wp","href":"https:\/\/api.w.org\/{rel}","templated":true}]}}