{"id":2677,"date":"2018-09-21T14:46:19","date_gmt":"2018-09-21T19:46:19","guid":{"rendered":"https:\/\/www.geoportaligm.gob.ec\/portal\/?page_id=2677"},"modified":"2019-11-01T16:27:06","modified_gmt":"2019-11-01T21:27:06","slug":"aplicativos-moviles","status":"publish","type":"page","link":"https:\/\/www.geoportaligm.gob.ec\/portal\/index.php\/aplicativos-moviles\/","title":{"rendered":"Aplicativos Moviles"},"content":{"rendered":"<p>\t\t\t\t<img decoding=\"async\" src=\"https:\/\/www.geoportaligm.gob.ec\/portal\/wp-content\/uploads\/2018\/09\/aplica.png\" alt=\"aplica\" itemprop=\"image\"  \/><br \/>\n\t<!DOCTYPE html><br \/>\n<html><br \/>\n<body><\/p>\n<h2 style=\"border: 2px solid Tomato;\"><center>Para los internautas<br \/>\nm\u00f3viles se presenta una nueva aplicaci\u00f3n, la revoluci\u00f3n digital en temas de la ciencia de la tierra<br \/>\nal alcance de todos.<\/center><\/h2>\n<p><\/body><br \/>\n<\/html><br \/>\n\t<!--<img decoding=\"async\" loading=\"lazy\" src=\"https:\/\/www.geoportaligm.gob.ec\/portal\/wp-content\/uploads\/2018\/03\/2.png\" width=\"400\" height=\"500\"> --><br \/>\n<center><img decoding=\"async\" loading=\"lazy\" src=\"https:\/\/www.geoportaligm.gob.ec\/portal\/wp-content\/uploads\/2019\/04\/91anios-geop.png\" width=\"300\" height=\"500\"><\/center><\/p>\n<h2>Aplicativo Web IGM &#8211; Atlas &nbsp; &nbsp;&nbsp;<\/h2>\n<p>\n    Proporciona informaci\u00f3n sobre la Geograf\u00eda esencial del Ecuador, distribuido en: Geograf\u00eda Pol\u00edtica, Humana, Econ\u00f3mica, de Producci\u00f3n y Recursos, adem\u00e1s de mostrar la Geograf\u00eda del medio ambiente, disponemos para nuestros internautas m\u00f3viles im\u00e1genes en 3D (requiere de an\u00e1glifos) de lugares tur\u00edsticos de nuestro querido pa\u00eds,<br \/>\n    y si necesitas ubicarnos pulsa la opci\u00f3n Ubicaci\u00f3n en el mapa y nuestra app m\u00f3vil te guiar\u00e1 al lugar exacto a trav\u00e9s de Google Maps.<br \/>\n    <br \/>Disponible solo en sistemas operativos: Android<br \/>\n    <\/br><\/br><br \/>\n    <!--\n        \n\n<h4>Pre-requisitos<\/h4>\n\n\n     --><\/p>\n<p style=\"color:DodgerBlue;\">Pre- Requisitos<\/p>\n<p>     Para visualizar el aplicativo, por favor realizar los siguientes pasos:<br \/>\n     Dar click en Aplicativo IGM-ATLAS<br \/>\n    <br \/>En su dispositivo m\u00f3vil, descargar e instalar el App de su elecci\u00f3n<\/p>\n<td><a target=\"_blank\" tabindex=\"-1\" href=\"https:\/\/www.geoportaligm.gob.ec\/portal\/?wpfb_dl=236\"><img decoding=\"async\" loading=\"lazy\" src=\"https:\/\/www.geoportaligm.gob.ec\/portal\/wp-content\/uploads\/2017\/05\/descargas.png\" width=\"25px\" height=\"25px\" align=\"center\"><\/a><\/td>\n<h2>Aplicativo Web IGM &#8211; Historia del IGM&nbsp;<\/h2>\n<p>\n         Recorre a trav\u00e9s de im\u00e1genes ilustrativas y narrativas textuales los principales acontecimientos de la evoluci\u00f3n y desarrollo que ha tenido el Instituto Geogr\u00e1fico Militar.<br \/>\n        <br \/>Y si necesitas ubicarnos pulsa la opci\u00f3n Ubicaci\u00f3n en el mapa y nuestra app m\u00f3vil te guiar\u00e1 al lugar exacto a trav\u00e9s de Google Maps.<br \/>\n        <br \/>Disponible solo en sistemas operativos: Android.<br \/>\n        <\/br><\/br><\/br><br \/>\n        <!--\n            \n\n<h4>Pre-requisitos<\/h4>\n\n\n        --><\/p>\n<p style=\"color:DodgerBlue;\">Pre-requisitos<\/p>\n<p>Para visualizar el aplicativo, por favor realizar los siguientes pasos:<br \/>\nDar click en Aplicativo IGM-HISTORIA<br \/>\n<br \/>En su dispositivo m\u00f3vil, descargar e instalar el App de su elecci\u00f3n<\/p>\n<td><a target=\"_blank\" tabindex=\"-1\" href=\"https:\/\/www.geoportaligm.gob.ec\/portal\/?wpfb_dl=237\"><img decoding=\"async\" loading=\"lazy\" src=\"https:\/\/www.geoportaligm.gob.ec\/portal\/wp-content\/uploads\/2017\/05\/descargas.png\" width=\"25px\" height=\"25px\" align=\"center\"><\/a><\/td>\n","protected":false},"excerpt":{"rendered":"<p>Para los internautas m\u00f3viles se presenta una nueva aplicaci\u00f3n, la revoluci\u00f3n digital en temas de la ciencia de la tierra al alcance de todos. Aplicativo Web IGM &#8211; Atlas &nbsp; &nbsp;&nbsp; Proporciona informaci\u00f3n sobre la Geograf\u00eda esencial del Ecuador, distribuido en: Geograf\u00eda Pol\u00edtica, Humana, Econ\u00f3mica, de Producci\u00f3n y Recursos, adem\u00e1s de mostrar la Geograf\u00eda del <a class=\"moretag\" href=\"https:\/\/www.geoportaligm.gob.ec\/portal\/index.php\/aplicativos-moviles\/\">Read More &#8230;<\/a><\/p>\n","protected":false},"author":1,"featured_media":0,"parent":0,"menu_order":0,"comment_status":"closed","ping_status":"closed","template":"full-width-page.php","meta":[],"_links":{"self":[{"href":"https:\/\/www.geoportaligm.gob.ec\/portal\/index.php\/wp-json\/wp\/v2\/pages\/2677"}],"collection":[{"href":"https:\/\/www.geoportaligm.gob.ec\/portal\/index.php\/wp-json\/wp\/v2\/pages"}],"about":[{"href":"https:\/\/www.geoportaligm.gob.ec\/portal\/index.php\/wp-json\/wp\/v2\/types\/page"}],"author":[{"embeddable":true,"href":"https:\/\/www.geoportaligm.gob.ec\/portal\/index.php\/wp-json\/wp\/v2\/users\/1"}],"replies":[{"embeddable":true,"href":"https:\/\/www.geoportaligm.gob.ec\/portal\/index.php\/wp-json\/wp\/v2\/comments?post=2677"}],"version-history":[{"count":0,"href":"https:\/\/www.geoportaligm.gob.ec\/portal\/index.php\/wp-json\/wp\/v2\/pages\/2677\/revisions"}],"wp:attachment":[{"href":"https:\/\/www.geoportaligm.gob.ec\/portal\/index.php\/wp-json\/wp\/v2\/media?parent=2677"}],"curies":[{"name":"wp","href":"https:\/\/api.w.org\/{rel}","templated":true}]}}