{"id":2200,"date":"2018-04-09T16:34:42","date_gmt":"2018-04-09T21:34:42","guid":{"rendered":"https:\/\/www.geoportaligm.gob.ec\/portal\/?page_id=2200"},"modified":"2020-02-04T23:28:59","modified_gmt":"2020-02-05T04:28:59","slug":"atlas-amenazas-antropicas","status":"publish","type":"page","link":"https:\/\/www.geoportaligm.gob.ec\/portal\/index.php\/atlas-amenazas-antropicas\/","title":{"rendered":"Atlas Amenazas Antr\u00f3picas"},"content":{"rendered":"<a href=\"https:\/\/www.geoportaligm.gob.ec\/portal\/wp-content\/uploads\/2018\/05\/atlas_naturales_antropicas.pdf\" class=\"pdfemb-viewer\" style=\"width: 550px; height: 700px; \" data-width=\"550\" data-height=\"700\"  data-toolbar=\"bottom\" data-toolbar-fixed=\"on\">atlas_naturales_antropicas<br\/><\/a>\n<h2 style=\"text-align: center;\"><strong>Atlas de espacios geogr\u00e1ficos expuestos a amenazas naturales y antr\u00f3picas &#8211; Primera Edici\u00f3n A\u00f1o 2018<\/strong><\/h2>\n<p> La cartograf\u00eda de pronta respuesta, permite a los organismos competentes atender las emergencias suscitadas, planificando sus acciones de manera eficaz y oportuna; en esta ocasi\u00f3n se presenta, el <strong>&#8220;Atlas de espacios geogr\u00e1ficos expuestos a amenazas naturales y antr\u00f3picas&#8221;<\/strong> que contiene una serie de mapas referidos a: Sismos, Erupciones Volc\u00e1nicas, Inundaciones, Tsunamis e Incendios, que utilizando la t\u00e9cnica de sobreposici\u00f3n de variables como: centros de salud, educaci\u00f3n, infraestructura energ\u00e9tica, poblaci\u00f3n, cobertura de suelos, entre otras, se puede reflejar la vulnerabilidad de la poblaci\u00f3n e infraestructura del pa\u00eds ante dichos sucesos.<\/p>\n<p style=\"text-align: left;\" align=\"center\">\u00a0<\/p>\n<p>\t\t\t\t<img decoding=\"async\" src=\"https:\/\/www.geoportaligm.gob.ec\/portal\/wp-content\/uploads\/2018\/04\/atlas_amenazas_antropicas.png\" alt=\"atlas_amenazas_antropicas\" itemprop=\"image\"  \/><br \/>\n\t<center><div class=\"wpfilebase-attachment\">\r\n <div class=\"wpfilebase-fileicon\"><a href=\"https:\/\/www.geoportaligm.gob.ec\/portal\/?wpfb_dl=1099\" title=\"Download ATLAS DE ESPACIOS GEOGR\u00c1FICOS EXPUESTOS A  AMENAZAS NATURALES Y ANTROPICAS \"><img align=\"middle\" src=\"https:\/\/www.geoportaligm.gob.ec\/portal\/wp-includes\/images\/crystal\/document.png\" alt=\"ATLAS DE ESPACIOS GEOGR\u00c1FICOS EXPUESTOS A  AMENAZAS NATURALES Y ANTROPICAS \" \/><\/a><\/div>\r\n <div class=\"wpfilebase-rightcol\">\r\n  <div class=\"wpfilebase-filetitle\">\r\n   <a href=\"https:\/\/www.geoportaligm.gob.ec\/portal\/?wpfb_dl=1099\" title=\"Download ATLAS DE ESPACIOS GEOGR\u00c1FICOS EXPUESTOS A  AMENAZAS NATURALES Y ANTROPICAS \">ATLAS DE ESPACIOS GEOGR\u00c1FICOS EXPUESTOS A  AMENAZAS NATURALES Y ANTROPICAS <\/a><br \/>\r\n   ATLAS_RIESGOS_2018.pdf<br \/>\r\n   Version: 2018<br \/>\r\n   \r\n  <\/div>\r\n  <div class=\"wpfilebase-filedetails\" id=\"wpfilebase-filedetails1\" style=\"display: none;\">\r\n  <p><\/p>\r\n  <table border=\"0\">\r\n   \r\n   <tr><td><strong>Autor:<\/strong><\/td><td>IGM-TEMATICA<\/td><\/tr>\r\n   \r\n   \r\n   <tr><td><strong>Category:<\/strong><\/td><td>Atlas<\/td><\/tr>\r\n   \r\n   <tr><td><strong>Date:<\/strong><\/td><td>2018\/05\/15<\/td><\/tr>\r\n   \n  <\/table>\r\n  <\/div>\r\n <\/div>\r\n <div class=\"wpfilebase-fileinfo\">\r\n  88.0 MiB<br \/>\r\n  3756 Downloads<br \/>\r\n  <a href=\"#\" onclick=\"return wpfilebase_filedetails(1);\">Details...<\/a>\r\n <\/div>\r\n <div style=\"clear: both;\"><\/div>\r\n<\/div><\/center><br \/>\n\t<center><\/center><\/p>\n","protected":false},"excerpt":{"rendered":"<p>Atlas de espacios geogr\u00e1ficos expuestos a amenazas naturales y antr\u00f3picas &#8211; Primera Edici\u00f3n A\u00f1o 2018 La cartograf\u00eda de pronta respuesta, permite a los organismos competentes atender las emergencias suscitadas, planificando sus acciones de manera eficaz y oportuna; en esta ocasi\u00f3n se presenta, el &#8220;Atlas de espacios geogr\u00e1ficos expuestos a amenazas naturales y antr\u00f3picas&#8221; que contiene <a class=\"moretag\" href=\"https:\/\/www.geoportaligm.gob.ec\/portal\/index.php\/atlas-amenazas-antropicas\/\">Read More &#8230;<\/a><\/p>\n","protected":false},"author":1,"featured_media":0,"parent":0,"menu_order":0,"comment_status":"closed","ping_status":"closed","template":"full-width-page.php","meta":[],"_links":{"self":[{"href":"https:\/\/www.geoportaligm.gob.ec\/portal\/index.php\/wp-json\/wp\/v2\/pages\/2200"}],"collection":[{"href":"https:\/\/www.geoportaligm.gob.ec\/portal\/index.php\/wp-json\/wp\/v2\/pages"}],"about":[{"href":"https:\/\/www.geoportaligm.gob.ec\/portal\/index.php\/wp-json\/wp\/v2\/types\/page"}],"author":[{"embeddable":true,"href":"https:\/\/www.geoportaligm.gob.ec\/portal\/index.php\/wp-json\/wp\/v2\/users\/1"}],"replies":[{"embeddable":true,"href":"https:\/\/www.geoportaligm.gob.ec\/portal\/index.php\/wp-json\/wp\/v2\/comments?post=2200"}],"version-history":[{"count":0,"href":"https:\/\/www.geoportaligm.gob.ec\/portal\/index.php\/wp-json\/wp\/v2\/pages\/2200\/revisions"}],"wp:attachment":[{"href":"https:\/\/www.geoportaligm.gob.ec\/portal\/index.php\/wp-json\/wp\/v2\/media?parent=2200"}],"curies":[{"name":"wp","href":"https:\/\/api.w.org\/{rel}","templated":true}]}}