{"id":1459,"date":"2017-10-09T00:31:40","date_gmt":"2017-10-09T05:31:40","guid":{"rendered":"https:\/\/www.geoportaligm.gob.ec\/portal\/?page_id=1459"},"modified":"2021-01-11T13:13:16","modified_gmt":"2021-01-11T18:13:16","slug":"la-tierra-un-balon-de-futbol","status":"publish","type":"page","link":"https:\/\/www.geoportaligm.gob.ec\/portal\/index.php\/la-tierra-un-balon-de-futbol\/","title":{"rendered":"La-tierra-un-bal\u00f3n-de-f\u00fatbol"},"content":{"rendered":"<p><embed src=\"https:\/\/www.geoportaligm.gob.ec\/portal\/wp-content\/uploads\/2015\/04\/EDUC-2.swf\" type=\"application\/x-shockwave-flash\" width=\"100%\" height=\"230\"><\/embed>Conoce, Experimenta y Juega.<\/p>\n<p>Conoce, Experimenta y Juega.<\/p>\n<p><a href=\"https:\/\/www.geoportaligm.gob.ec\/portal\/wp-content\/uploads\/2013\/10\/N2.png\"><img decoding=\"async\" loading=\"lazy\" title=\"N2\" src=\"https:\/\/www.geoportaligm.gob.ec\/portal\/wp-content\/uploads\/2013\/10\/N2.png\" alt=\"\" width=\"120\" height=\"110\" \/><\/a><\/p>\n<ol>\n<li style=\"text-align: justify;\">La Tierra, \u00bfUn bal\u00f3n de f\u00fatbol?<\/li>\n<li style=\"text-align: justify;\">Descubre porqu\u00e9 la Tierra tiene forma el\u00edptica.<\/li>\n<\/ol>\n<p><a href=\"https:\/\/www.geoportaligm.gob.ec\/portal\/index.php\/geoeduca-inicio\/bachillerato\/actividades_bachillerato\/?playsound=[type+Function]&amp;songname=sound&amp;song=[object+Object]\"><img decoding=\"async\" loading=\"lazy\" title=\"regresar\" src=\"https:\/\/www.geoportaligm.gob.ec\/portal\/wp-content\/uploads\/2015\/04\/regresar.jpg\" alt=\"\" width=\"115\" height=\"37\" \/><\/a><\/p>\n<p><object width=\"600\" height=\"500\" classid=\"clsid:D27CDB6E-AE6D-11cf-96B8-444553540000\" codebase=\"http:\/\/download.macromedia.com\/pub\/shockwave\/cabs\/flash\/swflash.cab#version=6,0,29,0\"><param value=\"http:\/\/www.curiosikid.com\/attach\/158\/default\/009.swf\" name=\"movie\" \/><param value=\"high\" name=\"quality\" \/><param value=\"#000000\" name=\"BGCOLOR\" \/><embed src=\"http:\/\/www.curiosikid.com\/attach\/158\/default\/011.swf\" type=\"application\/x-shockwave-flash\" pluginspage=\"http:\/\/www.macromedia.com\/go\/getflashplayer\" quality=\"high\" style=\"width: 500px; height: 500px; margin: auto;\" bgcolor=\"#000000\" \/><param name=\"movie\" value=\"http:\/\/www.curiosikid.com\/attach\/158\/default\/011.swf\" frameborder=\"0\" \/><\/object><br \/>\n<strong>\u00a0\u00a0\u00a0\u00a0\u00a0\u00a0\u00a0\u00a0\u00a0 Autor<\/strong>: <em>Museo de los Ni\u00f1os de Caracas\u00a0\u00a0\u00a0\u00a0\u00a0\u00a0<\/em>\u00a0\u00a0\u00a0\u00a0\u00a0\u00a0\u00a0\u00a0\u00a0\u00a0\u00a0\u00a0\u00a0\u00a0\u00a0\u00a0\u00a0\u00a0\u00a0\u00a0\u00a0\u00a0\u00a0\u00a0\u00a0\u00a0\u00a0\u00a0\u00a0\u00a0\u00a0\u00a0\u00a0\u00a0\u00a0\u00a0\u00a0 <strong>\u00a0\u00a0\u00a0\u00a0\u00a0\u00a0\u00a0\u00a0\u00a0\u00a0\u00a0\u00a0\u00a0\u00a0\u00a0\u00a0\u00a0\u00a0 <\/strong><strong>P\u00e1gina web<\/strong>: <em><a href=\"http:\/\/www.curiosikid.com\/view\/index.asp\">www.curiosikid.com<\/a><\/em><a href=\"https:\/\/www.geoportaligm.gob.ec\/portal\/wp-content\/uploads\/2013\/10\/licencia.png\"><img decoding=\"async\" loading=\"lazy\" title=\"licencia\" src=\"https:\/\/www.geoportaligm.gob.ec\/portal\/wp-content\/uploads\/2013\/10\/licencia.png\" alt=\"\" width=\"89\" height=\"34\" \/><\/a><em>Contenido bajo una licencia de <a href=\"http:\/\/creativecommons.org\/licenses\/by-nc-nd\/3.0\/deed.es_ES\">Creative Commons Attribution 3.0 License.<\/a><\/em><\/p>\n","protected":false},"excerpt":{"rendered":"<p>Conoce, Experimenta y Juega. Conoce, Experimenta y Juega. La Tierra, \u00bfUn bal\u00f3n de f\u00fatbol? Descubre porqu\u00e9 la Tierra tiene forma el\u00edptica. \u00a0\u00a0\u00a0\u00a0\u00a0\u00a0\u00a0\u00a0\u00a0 Autor: Museo de los Ni\u00f1os de Caracas\u00a0\u00a0\u00a0\u00a0\u00a0\u00a0\u00a0\u00a0\u00a0\u00a0\u00a0\u00a0\u00a0\u00a0\u00a0\u00a0\u00a0\u00a0\u00a0\u00a0\u00a0\u00a0\u00a0\u00a0\u00a0\u00a0\u00a0\u00a0\u00a0\u00a0\u00a0\u00a0\u00a0\u00a0\u00a0\u00a0\u00a0\u00a0\u00a0\u00a0\u00a0\u00a0\u00a0 \u00a0\u00a0\u00a0\u00a0\u00a0\u00a0\u00a0\u00a0\u00a0\u00a0\u00a0\u00a0\u00a0\u00a0\u00a0\u00a0\u00a0\u00a0 P\u00e1gina web: www.curiosikid.comContenido bajo una licencia de Creative Commons Attribution 3.0 License.<\/p>\n","protected":false},"author":1,"featured_media":0,"parent":0,"menu_order":0,"comment_status":"closed","ping_status":"closed","template":"full-width-page.php","meta":[],"_links":{"self":[{"href":"https:\/\/www.geoportaligm.gob.ec\/portal\/index.php\/wp-json\/wp\/v2\/pages\/1459"}],"collection":[{"href":"https:\/\/www.geoportaligm.gob.ec\/portal\/index.php\/wp-json\/wp\/v2\/pages"}],"about":[{"href":"https:\/\/www.geoportaligm.gob.ec\/portal\/index.php\/wp-json\/wp\/v2\/types\/page"}],"author":[{"embeddable":true,"href":"https:\/\/www.geoportaligm.gob.ec\/portal\/index.php\/wp-json\/wp\/v2\/users\/1"}],"replies":[{"embeddable":true,"href":"https:\/\/www.geoportaligm.gob.ec\/portal\/index.php\/wp-json\/wp\/v2\/comments?post=1459"}],"version-history":[{"count":2,"href":"https:\/\/www.geoportaligm.gob.ec\/portal\/index.php\/wp-json\/wp\/v2\/pages\/1459\/revisions"}],"predecessor-version":[{"id":4900,"href":"https:\/\/www.geoportaligm.gob.ec\/portal\/index.php\/wp-json\/wp\/v2\/pages\/1459\/revisions\/4900"}],"wp:attachment":[{"href":"https:\/\/www.geoportaligm.gob.ec\/portal\/index.php\/wp-json\/wp\/v2\/media?parent=1459"}],"curies":[{"name":"wp","href":"https:\/\/api.w.org\/{rel}","templated":true}]}}