{"id":1343,"date":"2017-09-29T13:56:17","date_gmt":"2017-09-29T18:56:17","guid":{"rendered":"https:\/\/www.geoportaligm.gob.ec\/portal\/?page_id=1343"},"modified":"2019-01-08T16:01:04","modified_gmt":"2019-01-08T21:01:04","slug":"contextos-historicos","status":"publish","type":"page","link":"https:\/\/www.geoportaligm.gob.ec\/portal\/index.php\/contextos-historicos\/","title":{"rendered":"Contextos-Hist\u00f3ricos"},"content":{"rendered":"<p>\t<!--div style=\"width: 100%; margin: auto;\"--><br \/>\n\t<object classid=\"clsid: D27CDB6E-AE6D-11cf-96B8-444553540000\" codebase=\"http:\/\/download.macromedia.com\/pub\/shockwave\/cabs\/flash\/swflash.cab#version=9,0,0,0\" id=\"oth_splash\" style=\"width: 100%; height: 7000px; margin: auto;\"><param name=\"allowScriptAccess\" value=\"sameDomain\" \/><param name=\"movie\" value=\"https:\/\/www.geoportaligm.gob.ec\/portal\/wp-content\/uploads\/2015\/04\/MAPOTECA.swf\"\/><param name=\"quality\" value=\"best\" \/><param name=\"scale\" value=\"exactfit\" \/><param name=\"bgcolor\" value=\"#bcbcbc\" \/><embed src=\"https:\/\/www.geoportaligm.gob.ec\/portal\/wp-content\/uploads\/2015\/04\/MAPOTECA.swf\" quality=\"best\" scale=\"exactfit\" bgcolor=\"#bcbcbc\" name=\"oth_splash\" style=\"width: 100%; height: 100px; margin: auto;\" allowScriptAccess=\"sameDomain\" type=\"application\/x-shockwave-flash\" pluginspage=\"http:\/\/www.macromedia.com\/go\/getflashplayer\" \/><\/object><br \/>\n<!--\/div--><br \/>\n<!--<iframe loading=\"lazy\" src=\"https:\/\/www.geoportaligm.gob.ec\/portal\/wp-content\/uploads\/2015\/04\/MAPOTECA.swf\" type=\"application\/x-shockwave-flash\" width=\"100%\" height=\"230\"><param name=\"movie\" value=\"https:\/\/www.geoportaligm.gob.ec\/portal\/wp-content\/uploads\/2015\/04\/MAPOTECA.swf\" frameborder=\"0\" \/><\/iframe>--><\/p>\n<p>Mapoteca.<\/p>\n<p>Mapoteca.<\/p>\n<p><strong>Mapas Hist\u00f3ricos.<\/strong><\/p>\n<p style=\"text-align: justify;\">Mostrar los aspectos generales del Ecuador, la historia, y la geograf\u00eda del territorio, a trav\u00e9s de variados mapas murales.<\/p>\n<p>\u00a0<\/p>\n<ul>\n<li><strong>Ecuador Hist\u00f3ricos<strong><\/strong><br \/>\n<\/strong><\/li>\n<\/ul>\n<div class=\"wpfilebase-attachment\">\r\n <div class=\"wpfilebase-fileicon\"><a href=\"https:\/\/www.geoportaligm.gob.ec\/portal\/?wpfb_dl=228\" title=\"Download Mapas Hist\u00f3ricos\"><img align=\"middle\" src=\"https:\/\/www.geoportaligm.gob.ec\/portal\/wp-includes\/images\/crystal\/document.png\" alt=\"Mapas Hist\u00f3ricos\" \/><\/a><\/div>\r\n <div class=\"wpfilebase-rightcol\">\r\n  <div class=\"wpfilebase-filetitle\">\r\n   <a href=\"https:\/\/www.geoportaligm.gob.ec\/portal\/?wpfb_dl=228\" title=\"Download Mapas Hist\u00f3ricos\">Mapas Hist\u00f3ricos<\/a><br \/>\r\n   MAPAS-HISTORICOS2.pdf<br \/>\r\n   Version: 1.0<br \/>\r\n   \r\n  <\/div>\r\n  <div class=\"wpfilebase-filedetails\" id=\"wpfilebase-filedetails1\" style=\"display: none;\">\r\n  <p><\/p>\r\n  <table border=\"0\">\r\n   \r\n   <tr><td><strong>Autor:<\/strong><\/td><td>Simbolizaci\u00f3n y Dise\u00f1o<\/td><\/tr>\r\n   \r\n   \r\n   <tr><td><strong>Category:<\/strong><\/td><td>Mapas<\/td><\/tr>\r\n   \r\n   <tr><td><strong>Date:<\/strong><\/td><td>2015\/04\/01<\/td><\/tr>\r\n   \n  <\/table>\r\n  <\/div>\r\n <\/div>\r\n <div class=\"wpfilebase-fileinfo\">\r\n  25.0 MiB<br \/>\r\n  1033 Downloads<br \/>\r\n  <a href=\"#\" onclick=\"return wpfilebase_filedetails(1);\">Details...<\/a>\r\n <\/div>\r\n <div style=\"clear: both;\"><\/div>\r\n<\/div>\n<ul>\n<li><strong>Quito Hist\u00f3ricos<strong><\/strong><br \/>\n<\/strong><\/li>\n<\/ul>\n<div class=\"wpfilebase-attachment\">\r\n <div class=\"wpfilebase-fileicon\"><a href=\"https:\/\/www.geoportaligm.gob.ec\/portal\/?wpfb_dl=229\" title=\"Download Quito Hist\u00f3rico\"><img align=\"middle\" src=\"https:\/\/www.geoportaligm.gob.ec\/portal\/wp-includes\/images\/crystal\/document.png\" alt=\"Quito Hist\u00f3rico\" \/><\/a><\/div>\r\n <div class=\"wpfilebase-rightcol\">\r\n  <div class=\"wpfilebase-filetitle\">\r\n   <a href=\"https:\/\/www.geoportaligm.gob.ec\/portal\/?wpfb_dl=229\" title=\"Download Quito Hist\u00f3rico\">Quito Hist\u00f3rico<\/a><br \/>\r\n   Quito_historico.pdf<br \/>\r\n   Version: 1.0<br \/>\r\n   \r\n  <\/div>\r\n  <div class=\"wpfilebase-filedetails\" id=\"wpfilebase-filedetails2\" style=\"display: none;\">\r\n  <p><\/p>\r\n  <table border=\"0\">\r\n   \r\n   <tr><td><strong>Autor:<\/strong><\/td><td>Simbolizaci\u00f3n y Dise\u00f1o<\/td><\/tr>\r\n   \r\n   \r\n   \r\n   \r\n   <tr><td><strong>Date:<\/strong><\/td><td>2015\/04\/01<\/td><\/tr>\r\n   \n  <\/table>\r\n  <\/div>\r\n <\/div>\r\n <div class=\"wpfilebase-fileinfo\">\r\n  53.1 MiB<br \/>\r\n  732 Downloads<br \/>\r\n  <a href=\"#\" onclick=\"return wpfilebase_filedetails(2);\">Details...<\/a>\r\n <\/div>\r\n <div style=\"clear: both;\"><\/div>\r\n<\/div>\n<p>\t\t\t\t<img decoding=\"async\" src=\"https:\/\/www.geoportaligm.gob.ec\/portal\/wp-content\/uploads\/2016\/03\/linea_divisoria3-1.jpg\" alt=\"linea_divisoria3\" itemprop=\"image\"  \/><\/p>\n<p><a href=\"https:\/\/www.geoportaligm.gob.ec\/portal\/index.php\/descargas\/geoinformacion\/\">Mapas para la Descargas.<\/a><\/p>\n<p style=\"text-align: left;\">A partir de la Cartograf\u00eda B\u00e1sica, el Instituto Geogr\u00e1fico elabora productos cartogr\u00e1ficos a escala mediana y peque\u00f1a conocidos como Mapas y Cartas Tem\u00e1ticas para diversos usos.<\/p>\n<p><a href=\"https:\/\/www.geoportaligm.gob.ec\/portal\/index.php\/descargas\/geoinformacion\/\"><img decoding=\"async\" loading=\"lazy\" title=\"ecuador-mapa\" src=\"https:\/\/www.geoportaligm.gob.ec\/portal\/wp-content\/uploads\/2013\/07\/ecuador-mapa-150x150.jpg\" alt=\"\" width=\"150\" height=\"150\" \/><\/a><\/p>\n","protected":false},"excerpt":{"rendered":"<p>Mapoteca. Mapoteca. Mapas Hist\u00f3ricos. Mostrar los aspectos generales del Ecuador, la historia, y la geograf\u00eda del territorio, a trav\u00e9s de variados mapas murales. \u00a0 Ecuador Hist\u00f3ricos Quito Hist\u00f3ricos Mapas para la Descargas. A partir de la Cartograf\u00eda B\u00e1sica, el Instituto Geogr\u00e1fico elabora productos cartogr\u00e1ficos a escala mediana y peque\u00f1a conocidos como Mapas y Cartas Tem\u00e1ticas <a class=\"moretag\" href=\"https:\/\/www.geoportaligm.gob.ec\/portal\/index.php\/contextos-historicos\/\">Read More &#8230;<\/a><\/p>\n","protected":false},"author":1,"featured_media":0,"parent":0,"menu_order":0,"comment_status":"closed","ping_status":"closed","template":"full-width-page.php","meta":[],"_links":{"self":[{"href":"https:\/\/www.geoportaligm.gob.ec\/portal\/index.php\/wp-json\/wp\/v2\/pages\/1343"}],"collection":[{"href":"https:\/\/www.geoportaligm.gob.ec\/portal\/index.php\/wp-json\/wp\/v2\/pages"}],"about":[{"href":"https:\/\/www.geoportaligm.gob.ec\/portal\/index.php\/wp-json\/wp\/v2\/types\/page"}],"author":[{"embeddable":true,"href":"https:\/\/www.geoportaligm.gob.ec\/portal\/index.php\/wp-json\/wp\/v2\/users\/1"}],"replies":[{"embeddable":true,"href":"https:\/\/www.geoportaligm.gob.ec\/portal\/index.php\/wp-json\/wp\/v2\/comments?post=1343"}],"version-history":[{"count":0,"href":"https:\/\/www.geoportaligm.gob.ec\/portal\/index.php\/wp-json\/wp\/v2\/pages\/1343\/revisions"}],"wp:attachment":[{"href":"https:\/\/www.geoportaligm.gob.ec\/portal\/index.php\/wp-json\/wp\/v2\/media?parent=1343"}],"curies":[{"name":"wp","href":"https:\/\/api.w.org\/{rel}","templated":true}]}}